{"id":59072,"date":"2023-05-24T17:56:05","date_gmt":"2023-05-24T17:56:05","guid":{"rendered":"https:\/\/skinstudio.ee\/?post_type=product&#038;p=59072"},"modified":"2026-02-19T12:00:06","modified_gmt":"2026-02-19T12:00:06","slug":"hydr8-b5-intense","status":"publish","type":"product","link":"https:\/\/skinstudio.ee\/lt\/catalog\/medik8\/hydr8-b5-intense\/","title":{"rendered":"Hydr8 B5\u2122 Intense"},"content":{"rendered":"<p data-start=\"2554\" data-end=\"3003\"><strong data-start=\"2554\" data-end=\"2575\">Hydr8 B5\u2122 Intense<\/strong> \u2013 lengvas, bet veiksmingas serumas, kuris akimirksniu atkuria odos dr\u0117gm\u0117s balans\u0105 ir padeda i\u0161laikyti optimal\u0173 dr\u0117kinim\u0105 vis\u0105 dien\u0105. Praturtintas <strong data-start=\"2723\" data-end=\"2761\">NMF (Natural Moisturizing Factors)<\/strong> kompleksu, jis stiprina apsaugin\u012f odos barjer\u0105, pagerindamas elastingum\u0105 ir glotnum\u0105.<br data-start=\"2847\" data-end=\"2850\" \/>Daugiar\u016bg\u0161tin\u0117 hialurono r\u016bg\u0161tis giliai dr\u0117kina visus odos sluoksnius, o <strong data-start=\"2923\" data-end=\"2939\">B5 vitaminas<\/strong> skatina regeneracij\u0105, suteikdamas odai \u0161velnumo ir stangrumo.<\/p>\n<p data-start=\"3005\" data-end=\"3553\"><strong data-start=\"3005\" data-end=\"3034\">Saskat\u016bno uog\u0173 ekstraktas<\/strong>, turtingas antocianinais, suteikia stipri\u0105 antioksidantin\u0119 apsaug\u0105 ir padeda i\u0161vengti hialurono r\u016bg\u0161ties irimo, i\u0161laikydamas dr\u0117gm\u0119 vir\u0161utiniuose odos sluoksniuose. <strong data-start=\"3200\" data-end=\"3219\">Soj\u0173 ekstraktas<\/strong> ir <strong data-start=\"3223\" data-end=\"3246\">glicerilgliukozidas<\/strong> stimuliuoja nat\u016brali\u0105 hialurono r\u016bg\u0161ties gamyb\u0105 ir aktyvina akvaporinus \u2013 \u201evandens kanalus\u201c, kurie gerina dr\u0117gm\u0117s cirkuliacij\u0105. <strong data-start=\"3375\" data-end=\"3396\">Biosacharid\u0173 guma<\/strong> sukuria kv\u0117puojant\u012f dr\u0117kinam\u0105j\u012f sluoksn\u012f, i\u0161laikant\u012f vanden\u012f odoje ir u\u017ekertant\u012f keli\u0105 i\u0161saus\u0117jimui. Oda tampa glotni, \u0161vytinti ir intensyviai sudr\u0117kinta.<\/p>\n<p data-start=\"3555\" data-end=\"4149\"><strong data-start=\"3555\" data-end=\"3580\">Aktyv\u016bs ingredientai:<\/strong><br data-start=\"3580\" data-end=\"3583\" \/>\u2013 <strong data-start=\"3585\" data-end=\"3621\">Daugiar\u016bg\u0161tin\u0117 hialurono r\u016bg\u0161tis<\/strong> \u2013 giliai dr\u0117kina ir maitina od\u0105.<br data-start=\"3654\" data-end=\"3657\" \/>\u2013 <strong data-start=\"3659\" data-end=\"3675\">B5 vitaminas<\/strong> \u2013 skatina regeneracij\u0105 ir mink\u0161tina od\u0105.<br data-start=\"3716\" data-end=\"3719\" \/>\u2013 <strong data-start=\"3721\" data-end=\"3739\">NMF kompleksas<\/strong> \u2013 aminor\u016bg\u0161\u010di\u0173, glicerino, \u0161lapalo ir cukr\u0173 mi\u0161inys, padedantis i\u0161laikyti dr\u0117gm\u0119.<br data-start=\"3821\" data-end=\"3824\" \/>\u2013 <strong data-start=\"3826\" data-end=\"3855\">Saskat\u016bno uog\u0173 ekstraktas<\/strong> \u2013 antioksidantas, saugantis nuo hialurono r\u016bg\u0161ties irimo.<br data-start=\"3913\" data-end=\"3916\" \/>\u2013 <strong data-start=\"3918\" data-end=\"3937\">Soj\u0173 ekstraktas<\/strong> \u2013 stimuliuoja kolageno sintez\u0119 ir nat\u016brali\u0105 hialurono r\u016bg\u0161ties gamyb\u0105.<br data-start=\"4008\" data-end=\"4011\" \/>\u2013 <strong data-start=\"4013\" data-end=\"4034\">Biosacharid\u0173 guma<\/strong> \u2013 sukuria nematom\u0105 dr\u0117kinam\u0105j\u012f sluoksn\u012f.<br data-start=\"4075\" data-end=\"4078\" \/>\u2013 <strong data-start=\"4080\" data-end=\"4103\">Glicerilgliukozidas<\/strong> \u2013 aktyvina akvaporinus tolygiam dr\u0117kinimui.<\/p>\n<p data-start=\"4151\" data-end=\"4169\"><strong data-start=\"4151\" data-end=\"4161\">T\u016bris:<\/strong> 8 ml \/ 30 ml<\/p>\n","protected":false},"excerpt":{"rendered":"<p data-start=\"4433\" data-end=\"4482\">Intensyvus serumas su hialurono r\u016bg\u0161timi ir NMF<\/p>\n<h2 data-start=\"4484\" data-end=\"4741\"><strong data-start=\"4484\" data-end=\"4522\">Medik8 &#8211; Hydr8 B5\u2122 Intense savyb\u0117s<\/strong><\/h2>\n<p data-start=\"4484\" data-end=\"4741\">\u2714\ufe0f Intensyviai dr\u0117kina visus odos sluoksnius<br data-start=\"4569\" data-end=\"4572\" \/>\u2714\ufe0f Gerina odos elastingum\u0105 ir stangrum\u0105<br data-start=\"4611\" data-end=\"4614\" \/>\u2714\ufe0f Stimuliuoja nat\u016brali\u0105 hialurono r\u016bg\u0161ties gamyb\u0105<br data-start=\"4664\" data-end=\"4667\" \/>\u2714\ufe0f Apsaugo nuo sausumo ir aplinkos poveikio<br data-start=\"4710\" data-end=\"4713\" \/>\u2714\ufe0f Mink\u0161tina ir ramina od\u0105<\/p>\n","protected":false},"featured_media":62961,"template":"","meta":[],"pwb-brand":[1206],"product_brand":[],"product_cat":[742,738,746,740,750,724,754],"product_tag":[],"giftcard-category":[],"class_list":{"0":"post-59072","1":"product","2":"type-product","3":"status-publish","4":"has-post-thumbnail","6":"pwb-brand-medik8","7":"product_cat-berimai","8":"product_cat-drekinimas","9":"product_cat-jautriai-odai","10":"product_cat-sausai-odai","11":"product_cat-senstanti-oda","12":"product_cat-serumai","13":"product_cat-travel-size-lt","14":"pa_suurus-30ml-lt","15":"pa_suurus-8ml-lt","17":"first","18":"instock","19":"taxable","20":"shipping-taxable","21":"purchasable","22":"product-type-variable"},"acf":[],"brands":[{"id":1206,"name":"Medik8","slug":"medik8"}],"_links":{"self":[{"href":"https:\/\/skinstudio.ee\/lt\/wp-json\/wp\/v2\/product\/59072","targetHints":{"allow":["GET"]}}],"collection":[{"href":"https:\/\/skinstudio.ee\/lt\/wp-json\/wp\/v2\/product"}],"about":[{"href":"https:\/\/skinstudio.ee\/lt\/wp-json\/wp\/v2\/types\/product"}],"version-history":[{"count":1,"href":"https:\/\/skinstudio.ee\/lt\/wp-json\/wp\/v2\/product\/59072\/revisions"}],"predecessor-version":[{"id":82404,"href":"https:\/\/skinstudio.ee\/lt\/wp-json\/wp\/v2\/product\/59072\/revisions\/82404"}],"wp:featuredmedia":[{"embeddable":true,"href":"https:\/\/skinstudio.ee\/lt\/wp-json\/wp\/v2\/media\/62961"}],"wp:attachment":[{"href":"https:\/\/skinstudio.ee\/lt\/wp-json\/wp\/v2\/media?parent=59072"}],"wp:term":[{"taxonomy":"pwb-brand","embeddable":true,"href":"https:\/\/skinstudio.ee\/lt\/wp-json\/wp\/v2\/pwb-brand?post=59072"},{"taxonomy":"product_brand","embeddable":true,"href":"https:\/\/skinstudio.ee\/lt\/wp-json\/wp\/v2\/product_brand?post=59072"},{"taxonomy":"product_cat","embeddable":true,"href":"https:\/\/skinstudio.ee\/lt\/wp-json\/wp\/v2\/product_cat?post=59072"},{"taxonomy":"product_tag","embeddable":true,"href":"https:\/\/skinstudio.ee\/lt\/wp-json\/wp\/v2\/product_tag?post=59072"},{"taxonomy":"giftcard-category","embeddable":true,"href":"https:\/\/skinstudio.ee\/lt\/wp-json\/wp\/v2\/giftcard-category?post=59072"}],"curies":[{"name":"wp","href":"https:\/\/api.w.org\/{rel}","templated":true}]}}