{"id":59082,"date":"2023-05-24T17:56:05","date_gmt":"2023-05-24T17:56:05","guid":{"rendered":"https:\/\/skinstudio.ee\/?post_type=product&#038;p=59082"},"modified":"2026-02-19T11:56:48","modified_gmt":"2026-02-19T11:56:48","slug":"hydr8-b5","status":"publish","type":"product","link":"https:\/\/skinstudio.ee\/lt\/catalog\/medik8\/hydr8-b5\/","title":{"rendered":"Hydr8 B5\u2122"},"content":{"rendered":"<p data-start=\"2277\" data-end=\"2535\"><strong data-start=\"2277\" data-end=\"2290\">Hydr8 B5\u2122<\/strong> \u2013 universalus dr\u0117kinamasis serumas, giliai maitina ir atkuria od\u0105, palikdamas j\u0105 \u0161velni\u0105, lygi\u0105 ir \u0161vytin\u010di\u0105. Lengva formul\u0117 be aliej\u0173 ir kvapi\u0173j\u0173 med\u017eiag\u0173 greitai \u012fsigeria, nesukeldama dirginimo ir neu\u017ekem\u0161ant por\u0173 \u2013 tinka net jautriai odai.<\/p>\n<p data-start=\"2537\" data-end=\"3065\"><strong data-start=\"2537\" data-end=\"2558\">Hialurono r\u016bg\u0161tis<\/strong>, galinti suri\u0161ti iki 1000 kart\u0173 daugiau vandens nei pati sveria, pritraukia dr\u0117gm\u0119 i\u0161 aplinkos ir i\u0161laiko j\u0105 odoje. Skirting\u0173 molekulini\u0173 dyd\u017ei\u0173 derinys u\u017etikrina dr\u0117kinim\u0105 visuose odos sluoksniuose \u2013 nuo gilesni\u0173 iki pavir\u0161ini\u0173. <strong data-start=\"2789\" data-end=\"2805\">B5 vitaminas<\/strong> stiprina odos apsaugin\u012f barjer\u0105, skatina regeneracij\u0105 ir padeda i\u0161laikyti dr\u0117gm\u0119. Augaliniai ingredientai, tokie kaip <strong data-start=\"2924\" data-end=\"2943\">soj\u0173 ekstraktas<\/strong>, <strong data-start=\"2945\" data-end=\"2964\">saskat\u016bno uogos<\/strong> ir <strong data-start=\"2968\" data-end=\"2989\">biosacharid\u0173 guma<\/strong>, suteikia antioksidacin\u0119 apsaug\u0105, ramina od\u0105 ir pagerina jos elastingum\u0105.<\/p>\n<p data-start=\"3067\" data-end=\"3688\"><strong data-start=\"3067\" data-end=\"3092\">Aktyv\u016bs ingredientai:<\/strong><br data-start=\"3092\" data-end=\"3095\" \/>\u2013 <strong data-start=\"3097\" data-end=\"3133\">Daugiar\u016bg\u0161tin\u0117 hialurono r\u016bg\u0161tis<\/strong> \u2013 giliai dr\u0117kina ir maitina od\u0105.<br data-start=\"3166\" data-end=\"3169\" \/>\u2013 <strong data-start=\"3171\" data-end=\"3187\">B5 vitaminas<\/strong> \u2013 skatina regeneracij\u0105 ir palaiko dr\u0117gm\u0117s balans\u0105.<br data-start=\"3238\" data-end=\"3241\" \/>\u2013 <strong data-start=\"3243\" data-end=\"3261\">NMF kompleksas<\/strong> \u2013 aminor\u016bg\u0161\u010di\u0173, glicerino, \u0161lapalo ir cukr\u0173 mi\u0161inys, palaikantis nat\u016bral\u0173 dr\u0117kinim\u0105.<br data-start=\"3346\" data-end=\"3349\" \/>\u2013 <strong data-start=\"3351\" data-end=\"3380\">Saskat\u016bno uog\u0173 ekstraktas<\/strong> \u2013 turtingas antocianinais, padeda i\u0161vengti hialurono r\u016bg\u0161ties irimo.<br data-start=\"3449\" data-end=\"3452\" \/>\u2013 <strong data-start=\"3454\" data-end=\"3473\">Soj\u0173 ekstraktas<\/strong> \u2013 stimuliuoja kolageno sintez\u0119 ir nat\u016brali\u0105 hialurono r\u016bg\u0161ties gamyb\u0105.<br data-start=\"3544\" data-end=\"3547\" \/>\u2013 <strong data-start=\"3549\" data-end=\"3570\">Biosacharid\u0173 guma<\/strong> \u2013 sukuria kv\u0117puojant\u012f dr\u0117kinam\u0105j\u012f sluoksn\u012f.<br data-start=\"3614\" data-end=\"3617\" \/>\u2013 <strong data-start=\"3619\" data-end=\"3642\">Glicerilgliukozidas<\/strong> \u2013 aktyvina akvaporinus tolygiam dr\u0117kinimui.<\/p>\n<p data-start=\"3690\" data-end=\"3708\"><strong data-start=\"3690\" data-end=\"3700\">T\u016bris:<\/strong> 8 ml \/ 30 ml<\/p>\n","protected":false},"excerpt":{"rendered":"<p data-start=\"3947\" data-end=\"3977\">Lengvas dr\u0117kinamasis serumas<\/p>\n<h2 data-start=\"3979\" data-end=\"4231\"><strong data-start=\"3979\" data-end=\"4009\">Medik8 &#8211; Hydr8 B5\u2122 savyb\u0117s<\/strong><\/h2>\n<p data-start=\"3979\" data-end=\"4231\">\u2714\ufe0f Giliai dr\u0117kina ir atkuria odos dr\u0117gm\u0117s balans\u0105<br data-start=\"4061\" data-end=\"4064\" \/>\u2714\ufe0f Gerina odos elastingum\u0105 ir stangrum\u0105<br data-start=\"4103\" data-end=\"4106\" \/>\u2714\ufe0f Apsaugo nuo sausumo ir aplinkos poveikio<br data-start=\"4149\" data-end=\"4152\" \/>\u2714\ufe0f Mink\u0161tina ir ramina od\u0105<br data-start=\"4178\" data-end=\"4181\" \/>\u2714\ufe0f Greitai \u012fsigeria ir nepalieka lipnumo poj\u016b\u010dio<\/p>\n","protected":false},"featured_media":62941,"template":"","meta":[],"pwb-brand":[1206],"product_brand":[],"product_cat":[738,746,740,724,748,754],"product_tag":[],"giftcard-category":[],"class_list":{"0":"post-59082","1":"product","2":"type-product","3":"status-publish","4":"has-post-thumbnail","6":"pwb-brand-medik8","7":"product_cat-drekinimas","8":"product_cat-jautriai-odai","9":"product_cat-sausai-odai","10":"product_cat-serumai","11":"product_cat-taukainai-adai-lt","12":"product_cat-travel-size-lt","13":"pa_suurus-30ml-lt","14":"pa_suurus-8ml-lt","16":"first","17":"instock","18":"taxable","19":"shipping-taxable","20":"purchasable","21":"product-type-variable"},"acf":[],"brands":[{"id":1206,"name":"Medik8","slug":"medik8"}],"_links":{"self":[{"href":"https:\/\/skinstudio.ee\/lt\/wp-json\/wp\/v2\/product\/59082","targetHints":{"allow":["GET"]}}],"collection":[{"href":"https:\/\/skinstudio.ee\/lt\/wp-json\/wp\/v2\/product"}],"about":[{"href":"https:\/\/skinstudio.ee\/lt\/wp-json\/wp\/v2\/types\/product"}],"version-history":[{"count":1,"href":"https:\/\/skinstudio.ee\/lt\/wp-json\/wp\/v2\/product\/59082\/revisions"}],"predecessor-version":[{"id":82384,"href":"https:\/\/skinstudio.ee\/lt\/wp-json\/wp\/v2\/product\/59082\/revisions\/82384"}],"wp:featuredmedia":[{"embeddable":true,"href":"https:\/\/skinstudio.ee\/lt\/wp-json\/wp\/v2\/media\/62941"}],"wp:attachment":[{"href":"https:\/\/skinstudio.ee\/lt\/wp-json\/wp\/v2\/media?parent=59082"}],"wp:term":[{"taxonomy":"pwb-brand","embeddable":true,"href":"https:\/\/skinstudio.ee\/lt\/wp-json\/wp\/v2\/pwb-brand?post=59082"},{"taxonomy":"product_brand","embeddable":true,"href":"https:\/\/skinstudio.ee\/lt\/wp-json\/wp\/v2\/product_brand?post=59082"},{"taxonomy":"product_cat","embeddable":true,"href":"https:\/\/skinstudio.ee\/lt\/wp-json\/wp\/v2\/product_cat?post=59082"},{"taxonomy":"product_tag","embeddable":true,"href":"https:\/\/skinstudio.ee\/lt\/wp-json\/wp\/v2\/product_tag?post=59082"},{"taxonomy":"giftcard-category","embeddable":true,"href":"https:\/\/skinstudio.ee\/lt\/wp-json\/wp\/v2\/giftcard-category?post=59082"}],"curies":[{"name":"wp","href":"https:\/\/api.w.org\/{rel}","templated":true}]}}