{"id":59101,"date":"2023-05-24T17:56:06","date_gmt":"2023-05-24T17:56:06","guid":{"rendered":"https:\/\/skinstudio.ee\/?post_type=product&#038;p=59101"},"modified":"2025-12-29T09:39:16","modified_gmt":"2025-12-29T09:39:16","slug":"balance-moisturiser-glycolic-acid-activator","status":"publish","type":"product","link":"https:\/\/skinstudio.ee\/lt\/catalog\/medik8\/balance-moisturiser-glycolic-acid-activator\/","title":{"rendered":"Balance Moisturiser\u2122 &#038; Glycolic Acid Activator\u2122"},"content":{"rendered":"<p data-start=\"2562\" data-end=\"3170\"><strong data-start=\"2562\" data-end=\"2613\">Balance Moisturiser\u2122 &amp; Glycolic Acid Activator\u2122<\/strong> \u2013 lengvas, neriebus dr\u0117kinamasis kremas, padedantis i\u0161laikyti sveik\u0105 odos mikrobiom\u0105 ir u\u017ekirsti keli\u0105 b\u0117rimams. Formul\u0117 atkuria nauding\u0173 bakterij\u0173 pusiausvyr\u0105, kurios reguliuoja odos dr\u0117gm\u0119, jautrum\u0105 ir skaidrum\u0105.<br data-start=\"2828\" data-end=\"2831\" \/>Kai mikrobiomos balansas sutrinka, oda tampa sausa, sudirgusi ir linkusi \u012f u\u017edegimus. <strong data-start=\"2917\" data-end=\"2941\">Balance Moisturiser\u2122<\/strong> stiprina nat\u016bral\u0173 apsaugin\u012f barjer\u0105, reguliuoja riebal\u0173 i\u0161siskyrim\u0105 ir suteikia matin\u012f efekt\u0105, i\u0161laikydamas dr\u0117gm\u0119. <strong data-start=\"3058\" data-end=\"3074\">Niacinamidas<\/strong> ir <strong data-start=\"3078\" data-end=\"3096\">beta-gliukanas<\/strong> pagerina elastingum\u0105, dr\u0117kinim\u0105 ir padeda atkurti sveik\u0105 odos i\u0161vaizd\u0105.<\/p>\n<p data-start=\"3172\" data-end=\"3524\">Kartu su kremu pridedamas <strong data-start=\"3198\" data-end=\"3226\">Glycolic Acid Activator\u2122<\/strong> \u2013 \u0161velnus \u0161vei\u010diamasis aktyvatorius, kuris sustiprina kremo poveik\u012f. Jis \u0161velniai pa\u0161alina negyvas l\u0105steles, pagerina aktyvi\u0173j\u0173 ingredient\u0173 \u012fsisavinim\u0105 ir suteikia odai glotnumo bei spindesio. Naudokite aktyvatori\u0173 2\u20133 kartus per savait\u0119 prie\u0161 tepant krem\u0105, kad pasiektum\u0117te geriausi\u0173 rezultat\u0173.<\/p>\n<p data-start=\"3526\" data-end=\"3964\"><strong data-start=\"3526\" data-end=\"3551\">Aktyv\u016bs ingredientai:<\/strong><br data-start=\"3551\" data-end=\"3554\" \/>\u2013 <strong data-start=\"3556\" data-end=\"3581\">Probiotik\u0173 kompleksas<\/strong> \u2013 palaiko sveik\u0105 odos mikrobiom\u0105 ir padeda i\u0161vengti b\u0117rim\u0173.<br data-start=\"3641\" data-end=\"3644\" \/>\u2013 <strong data-start=\"3646\" data-end=\"3677\">Niacinamidas (B3 vitaminas)<\/strong> \u2013 reguliuoja riebal\u0173 i\u0161siskyrim\u0105 ir stiprina apsaugin\u012f barjer\u0105.<br data-start=\"3741\" data-end=\"3744\" \/>\u2013 <strong data-start=\"3746\" data-end=\"3764\">Beta-gliukanas<\/strong> \u2013 ramina, regeneruoja ir giliai dr\u0117kina od\u0105.<br data-start=\"3809\" data-end=\"3812\" \/>\u2013 <strong data-start=\"3814\" data-end=\"3840\">Glikolio r\u016bg\u0161tis (AHA)<\/strong> \u2013 \u0161velniai \u0161vei\u010dia ir lygina odos tekst\u016br\u0105.<br data-start=\"3884\" data-end=\"3887\" \/>\u2013 <strong data-start=\"3889\" data-end=\"3910\">Hialurono r\u016bg\u0161tis<\/strong> \u2013 i\u0161laiko dr\u0117gm\u0119, suteikia elastingumo ir \u0161velnumo.<\/p>\n<p data-start=\"3966\" data-end=\"3984\"><strong data-start=\"3966\" data-end=\"3976\">T\u016bris:<\/strong> 50 ml<\/p>\n","protected":false},"excerpt":{"rendered":"<p data-start=\"4449\" data-end=\"4519\">Neriebus matinis dr\u0117kinamasis kremas su probiotikais ir AHA r\u016bg\u0161timi<\/p>\n<h2 data-start=\"4521\" data-end=\"4837\"><strong data-start=\"4521\" data-end=\"4589\">MEDIK8 &#8211; Balance Moisturiser\u2122 &amp; Glycolic Acid Activator\u2122 savyb\u0117s<\/strong><\/h2>\n<p data-start=\"4521\" data-end=\"4837\">\u2714\ufe0f Palaiko sveik\u0105 odos mikrobiom\u0105<br data-start=\"4625\" data-end=\"4628\" \/>\u2714\ufe0f Reguliuoja riebal\u0173 i\u0161siskyrim\u0105 ir suteikia matin\u012f efekt\u0105<br data-start=\"4687\" data-end=\"4690\" \/>\u2714\ufe0f Giliai dr\u0117kina ir gerina elastingum\u0105<br data-start=\"4729\" data-end=\"4732\" \/>\u2714\ufe0f Lygina odos tekst\u016br\u0105 ir atspalv\u012f<br data-start=\"4767\" data-end=\"4770\" \/>\u2714\ufe0f Sustiprina poveik\u012f naudojant kartu su Glycolic Acid Activator\u2122<\/p>\n","protected":false},"featured_media":62916,"template":"","meta":[],"pwb-brand":[1206],"product_brand":[],"product_cat":[742,738,744,752,740,750,724,748],"product_tag":[],"giftcard-category":[],"class_list":{"0":"post-59101","1":"product","2":"type-product","3":"status-publish","4":"has-post-thumbnail","6":"pwb-brand-medik8","7":"product_cat-berimai","8":"product_cat-drekinimas","9":"product_cat-issipletusios-poros","10":"product_cat-pigmentacija-lt","11":"product_cat-sausai-odai","12":"product_cat-senstanti-oda","13":"product_cat-serumai","14":"product_cat-taukainai-adai-lt","16":"first","17":"instock","18":"taxable","19":"shipping-taxable","20":"purchasable","21":"product-type-simple"},"acf":[],"brands":[{"id":1206,"name":"Medik8","slug":"medik8"}],"_links":{"self":[{"href":"https:\/\/skinstudio.ee\/lt\/wp-json\/wp\/v2\/product\/59101","targetHints":{"allow":["GET"]}}],"collection":[{"href":"https:\/\/skinstudio.ee\/lt\/wp-json\/wp\/v2\/product"}],"about":[{"href":"https:\/\/skinstudio.ee\/lt\/wp-json\/wp\/v2\/types\/product"}],"version-history":[{"count":0,"href":"https:\/\/skinstudio.ee\/lt\/wp-json\/wp\/v2\/product\/59101\/revisions"}],"wp:featuredmedia":[{"embeddable":true,"href":"https:\/\/skinstudio.ee\/lt\/wp-json\/wp\/v2\/media\/62916"}],"wp:attachment":[{"href":"https:\/\/skinstudio.ee\/lt\/wp-json\/wp\/v2\/media?parent=59101"}],"wp:term":[{"taxonomy":"pwb-brand","embeddable":true,"href":"https:\/\/skinstudio.ee\/lt\/wp-json\/wp\/v2\/pwb-brand?post=59101"},{"taxonomy":"product_brand","embeddable":true,"href":"https:\/\/skinstudio.ee\/lt\/wp-json\/wp\/v2\/product_brand?post=59101"},{"taxonomy":"product_cat","embeddable":true,"href":"https:\/\/skinstudio.ee\/lt\/wp-json\/wp\/v2\/product_cat?post=59101"},{"taxonomy":"product_tag","embeddable":true,"href":"https:\/\/skinstudio.ee\/lt\/wp-json\/wp\/v2\/product_tag?post=59101"},{"taxonomy":"giftcard-category","embeddable":true,"href":"https:\/\/skinstudio.ee\/lt\/wp-json\/wp\/v2\/giftcard-category?post=59101"}],"curies":[{"name":"wp","href":"https:\/\/api.w.org\/{rel}","templated":true}]}}