{"id":59111,"date":"2023-05-24T17:56:06","date_gmt":"2023-05-24T17:56:06","guid":{"rendered":"https:\/\/skinstudio.ee\/?post_type=product&#038;p=59111"},"modified":"2025-12-29T09:39:18","modified_gmt":"2025-12-29T09:39:18","slug":"eyelift-peptides","status":"publish","type":"product","link":"https:\/\/skinstudio.ee\/lt\/catalog\/medik8\/eyelift-peptides\/","title":{"rendered":"Eyelift\u2122 Peptides"},"content":{"rendered":"<p data-start=\"1834\" data-end=\"2160\"><strong data-start=\"1834\" data-end=\"1855\">Eyelift\u2122 Peptides<\/strong> \u2013 daugiafunkcis jauninantis aki\u0173 gelis, akimirksniu atgaivinantis \u017evilgsn\u012f ir padedantis pakelti aki\u0173 kampu\u010dius, suteikdamas veidui pails\u0117jus\u012f \u012fsp\u016bd\u012f. Sukurtas specialiai jautriai paaki\u0173 odai, jis sujungia penkis stiprius peptidus, kurie kartu ma\u017eina rauk\u0161leles, stiprina od\u0105 ir gerina jos elastingum\u0105.<\/p>\n<p data-start=\"2162\" data-end=\"2584\">Lengvos konsistencijos gelis greitai \u012fsigeria, nepalikdamas lipnumo poj\u016b\u010dio, tod\u0117l puikiai tinka kaip makia\u017eo pagrindas arba atskiras liftingo prie\u017ei\u016bros produktas. <strong data-start=\"2327\" data-end=\"2349\">Peptid\u0173 kompleksas<\/strong> stimuliuoja kolageno ir elastino gamyb\u0105, stiprina odos strukt\u016br\u0105 ir gerina stangrum\u0105. <strong data-start=\"2436\" data-end=\"2452\">Hesperidinas<\/strong> ir <strong data-start=\"2456\" data-end=\"2493\">baltymais praturtintas kompleksas<\/strong> padeda suma\u017einti paburkim\u0105 ir tamsius ratilus, pagerina mikrocirkuliacij\u0105 ir ramina od\u0105.<\/p>\n<p data-start=\"2586\" data-end=\"2871\">Be to, <strong data-start=\"2593\" data-end=\"2607\">glicerinas<\/strong> u\u017etikrina ilgalaik\u012f dr\u0117kinim\u0105, palikdamas od\u0105 \u0161velni\u0105 ir lygi\u0105 vis\u0105 dien\u0105. Reguliariai naudojant, paaki\u0173 oda tampa stangresn\u0117, \u0161viesesn\u0117 ir vizualiai jaunesn\u0117. <strong data-start=\"2768\" data-end=\"2789\">Eyelift\u2122 Peptides<\/strong> suteikia momentin\u012f liftingo efekt\u0105 ir ilgainiui skatina kolageno atsinaujinim\u0105.<\/p>\n<p data-start=\"2873\" data-end=\"2891\"><strong data-start=\"2873\" data-end=\"2883\">T\u016bris:<\/strong> 15 ml<\/p>\n","protected":false},"excerpt":{"rendered":"<p data-start=\"3005\" data-end=\"3047\">Stangrinamasis paaki\u0173 gelis nuo sen\u0117jimo<\/p>\n<h2 data-start=\"3049\" data-end=\"3274\"><strong data-start=\"3049\" data-end=\"3087\">MEDIK8 &#8211; Eyelift\u2122 Peptides savyb\u0117s<\/strong><\/h2>\n<p data-start=\"3049\" data-end=\"3274\">\u2714\ufe0f Suteikia akimirksnin\u012f glotninam\u0105j\u012f efekt\u0105<br data-start=\"3134\" data-end=\"3137\" \/>\u2714\ufe0f Stimuliuoja kolageno gamyb\u0105<br data-start=\"3167\" data-end=\"3170\" \/>\u2714\ufe0f Ma\u017eina tamsius ratilus<br data-start=\"3195\" data-end=\"3198\" \/>\u2714\ufe0f Turi prie\u0161u\u017edegimini\u0173 savybi\u0173<br data-start=\"3230\" data-end=\"3233\" \/>\u2714\ufe0f Gerina kapiliarin\u0119 mikrocirkuliacij\u0105<\/p>\n","protected":false},"featured_media":59112,"template":"","meta":[],"pwb-brand":[1206],"product_brand":[],"product_cat":[738,746,734,740,750,724,748],"product_tag":[],"giftcard-category":[],"class_list":{"0":"post-59111","1":"product","2":"type-product","3":"status-publish","4":"has-post-thumbnail","6":"pwb-brand-medik8","7":"product_cat-drekinimas","8":"product_cat-jautriai-odai","9":"product_cat-oda-aplink-akis","10":"product_cat-sausai-odai","11":"product_cat-senstanti-oda","12":"product_cat-serumai","13":"product_cat-taukainai-adai-lt","15":"first","16":"instock","17":"taxable","18":"shipping-taxable","19":"purchasable","20":"product-type-simple"},"acf":[],"brands":[{"id":1206,"name":"Medik8","slug":"medik8"}],"_links":{"self":[{"href":"https:\/\/skinstudio.ee\/lt\/wp-json\/wp\/v2\/product\/59111","targetHints":{"allow":["GET"]}}],"collection":[{"href":"https:\/\/skinstudio.ee\/lt\/wp-json\/wp\/v2\/product"}],"about":[{"href":"https:\/\/skinstudio.ee\/lt\/wp-json\/wp\/v2\/types\/product"}],"version-history":[{"count":0,"href":"https:\/\/skinstudio.ee\/lt\/wp-json\/wp\/v2\/product\/59111\/revisions"}],"wp:featuredmedia":[{"embeddable":true,"href":"https:\/\/skinstudio.ee\/lt\/wp-json\/wp\/v2\/media\/59112"}],"wp:attachment":[{"href":"https:\/\/skinstudio.ee\/lt\/wp-json\/wp\/v2\/media?parent=59111"}],"wp:term":[{"taxonomy":"pwb-brand","embeddable":true,"href":"https:\/\/skinstudio.ee\/lt\/wp-json\/wp\/v2\/pwb-brand?post=59111"},{"taxonomy":"product_brand","embeddable":true,"href":"https:\/\/skinstudio.ee\/lt\/wp-json\/wp\/v2\/product_brand?post=59111"},{"taxonomy":"product_cat","embeddable":true,"href":"https:\/\/skinstudio.ee\/lt\/wp-json\/wp\/v2\/product_cat?post=59111"},{"taxonomy":"product_tag","embeddable":true,"href":"https:\/\/skinstudio.ee\/lt\/wp-json\/wp\/v2\/product_tag?post=59111"},{"taxonomy":"giftcard-category","embeddable":true,"href":"https:\/\/skinstudio.ee\/lt\/wp-json\/wp\/v2\/giftcard-category?post=59111"}],"curies":[{"name":"wp","href":"https:\/\/api.w.org\/{rel}","templated":true}]}}