{"id":59139,"date":"2023-05-24T17:56:06","date_gmt":"2023-05-24T17:56:06","guid":{"rendered":"https:\/\/skinstudio.ee\/?post_type=product&#038;p=59139"},"modified":"2025-12-29T09:39:16","modified_gmt":"2025-12-29T09:39:16","slug":"blemish-sos","status":"publish","type":"product","link":"https:\/\/skinstudio.ee\/lt\/catalog\/medik8\/blemish-sos\/","title":{"rendered":"Blemish SOS\u2122"},"content":{"rendered":"<p data-start=\"2079\" data-end=\"2389\"><strong data-start=\"2079\" data-end=\"2095\">Blemish SOS\u2122<\/strong> \u2013 greitai veikiantis gelis, padedantis pastebimai suma\u017einti u\u017edegimus ir spuogus vos per 24 valandas. \u0160is taikomasis produktas sujungia didel\u0117s koncentracijos <strong data-start=\"2255\" data-end=\"2274\">salicilo r\u016bg\u0161t\u012f<\/strong> ir raminant\u012f <strong data-start=\"2288\" data-end=\"2303\">niacinamid\u0105<\/strong>, kurie valo poras, ma\u017eina paraudim\u0105 ir atkuria odos pusiausvyr\u0105 nei\u0161sausindami jos.<\/p>\n<p data-start=\"2391\" data-end=\"2841\">Formul\u0117je esanti <strong data-start=\"2408\" data-end=\"2428\">azelaino r\u016bg\u0161tis<\/strong> pasi\u017eymi antibakterin\u0117mis savyb\u0117mis \u2013 ji kovoja su <em data-start=\"2480\" data-end=\"2490\">P. acnes<\/em> bakterijomis, kurios sukelia spuogus, o <strong data-start=\"2531\" data-end=\"2552\">dikarboksir\u016bg\u0161tis<\/strong> padeda reguliuoti riebal\u0173 gamyb\u0105 ir u\u017ekerta keli\u0105 nauj\u0173 netobulum\u0173 atsiradimui. Lengvos tekst\u016bros, bekvapis gelis greitai \u012fsigeria ir pradeda veikti i\u0161 karto po u\u017etepimo. Galima naudoti tiek po makia\u017eu, tiek atskirai \u2013 kaip tikslin\u012f sprendim\u0105 pavieniams spuogams ar ma\u017eiems pa\u017eeidimams.<\/p>\n<p data-start=\"2843\" data-end=\"3243\"><strong data-start=\"2843\" data-end=\"2868\">Aktyv\u016bs ingredientai:<\/strong><br data-start=\"2868\" data-end=\"2871\" \/>\u2013 <strong data-start=\"2873\" data-end=\"2893\">Salicilo r\u016bg\u0161tis<\/strong> \u2013 valo poras, \u0161alina riebal\u0173 pertekli\u0173 ir neleid\u017eia joms u\u017esikim\u0161ti.<br data-start=\"2962\" data-end=\"2965\" \/>\u2013 <strong data-start=\"2967\" data-end=\"2998\">Niacinamidas (B3 vitaminas)<\/strong> \u2013 ma\u017eina u\u017edegim\u0105, ramina paraudim\u0105 ir reguliuoja riebal\u0173 gamyb\u0105.<br data-start=\"3064\" data-end=\"3067\" \/>\u2013 <strong data-start=\"3069\" data-end=\"3089\">Azelaino r\u016bg\u0161tis<\/strong> \u2013 kovoja su akn\u0119 sukelian\u010diomis bakterijomis ir neleid\u017eia atsirasti naujiems spuogams.<br data-start=\"3176\" data-end=\"3179\" \/>\u2013 <strong data-start=\"3181\" data-end=\"3202\">Dikarboksir\u016bg\u0161tis<\/strong> \u2013 reguliuoja sebumo kiek\u012f ir valo od\u0105.<\/p>\n<p data-start=\"3245\" data-end=\"3263\"><strong data-start=\"3245\" data-end=\"3255\">T\u016bris:<\/strong> 15 ml<\/p>\n","protected":false},"excerpt":{"rendered":"<p data-start=\"3544\" data-end=\"3578\">Greito poveikio taikomasis gelis<\/p>\n<h2 data-start=\"3580\" data-end=\"3816\"><strong data-start=\"3580\" data-end=\"3613\">MEDIK8 &#8211; Blemish SOS\u2122 savyb\u0117s<\/strong><\/h2>\n<p data-start=\"3580\" data-end=\"3816\">\u2714\ufe0f Greitai suma\u017eina u\u017edegim\u0105 ir paraudim\u0105<br data-start=\"3657\" data-end=\"3660\" \/>\u2714\ufe0f I\u0161valo poras ir apsaugo nuo nauj\u0173 spuog\u0173<br data-start=\"3703\" data-end=\"3706\" \/>\u2714\ufe0f Reguliuoja riebal\u0173 i\u0161siskyrim\u0105<br data-start=\"3739\" data-end=\"3742\" \/>\u2714\ufe0f Suteikia tolyg\u0173 ir sveik\u0105 odos atspalv\u012f<br data-start=\"3784\" data-end=\"3787\" \/>\u2714\ufe0f Tinka naudoti po makia\u017eu<\/p>\n","protected":false},"featured_media":62931,"template":"","meta":[],"pwb-brand":[1206],"product_brand":[],"product_cat":[742,746,740,724,748],"product_tag":[],"giftcard-category":[],"class_list":{"0":"post-59139","1":"product","2":"type-product","3":"status-publish","4":"has-post-thumbnail","6":"pwb-brand-medik8","7":"product_cat-berimai","8":"product_cat-jautriai-odai","9":"product_cat-sausai-odai","10":"product_cat-serumai","11":"product_cat-taukainai-adai-lt","13":"first","14":"instock","15":"taxable","16":"shipping-taxable","17":"purchasable","18":"product-type-simple"},"acf":[],"brands":[{"id":1206,"name":"Medik8","slug":"medik8"}],"_links":{"self":[{"href":"https:\/\/skinstudio.ee\/lt\/wp-json\/wp\/v2\/product\/59139","targetHints":{"allow":["GET"]}}],"collection":[{"href":"https:\/\/skinstudio.ee\/lt\/wp-json\/wp\/v2\/product"}],"about":[{"href":"https:\/\/skinstudio.ee\/lt\/wp-json\/wp\/v2\/types\/product"}],"version-history":[{"count":0,"href":"https:\/\/skinstudio.ee\/lt\/wp-json\/wp\/v2\/product\/59139\/revisions"}],"wp:featuredmedia":[{"embeddable":true,"href":"https:\/\/skinstudio.ee\/lt\/wp-json\/wp\/v2\/media\/62931"}],"wp:attachment":[{"href":"https:\/\/skinstudio.ee\/lt\/wp-json\/wp\/v2\/media?parent=59139"}],"wp:term":[{"taxonomy":"pwb-brand","embeddable":true,"href":"https:\/\/skinstudio.ee\/lt\/wp-json\/wp\/v2\/pwb-brand?post=59139"},{"taxonomy":"product_brand","embeddable":true,"href":"https:\/\/skinstudio.ee\/lt\/wp-json\/wp\/v2\/product_brand?post=59139"},{"taxonomy":"product_cat","embeddable":true,"href":"https:\/\/skinstudio.ee\/lt\/wp-json\/wp\/v2\/product_cat?post=59139"},{"taxonomy":"product_tag","embeddable":true,"href":"https:\/\/skinstudio.ee\/lt\/wp-json\/wp\/v2\/product_tag?post=59139"},{"taxonomy":"giftcard-category","embeddable":true,"href":"https:\/\/skinstudio.ee\/lt\/wp-json\/wp\/v2\/giftcard-category?post=59139"}],"curies":[{"name":"wp","href":"https:\/\/api.w.org\/{rel}","templated":true}]}}