{"id":59158,"date":"2023-05-24T17:56:06","date_gmt":"2023-05-24T17:56:06","guid":{"rendered":"https:\/\/skinstudio.ee\/?post_type=product&#038;p=59158"},"modified":"2026-02-19T11:52:42","modified_gmt":"2026-02-19T11:52:42","slug":"clarifying-foam","status":"publish","type":"product","link":"https:\/\/skinstudio.ee\/lt\/catalog\/medik8\/clarifying-foam\/","title":{"rendered":"Clarifying Foam\u2122"},"content":{"rendered":"<p data-start=\"2053\" data-end=\"2463\"><strong data-start=\"2053\" data-end=\"2073\">Clarifying Foam\u2122<\/strong> \u2013 \u0161velnus, bet giliai valantis antibakterinis prausiklis, sukurtas spuogu linkusiai odai. Jo pa\u017eangi formul\u0117 sujungia <strong data-start=\"2192\" data-end=\"2211\">salicilo r\u016bg\u0161t\u012f<\/strong> ir <strong data-start=\"2215\" data-end=\"2234\">mandelio r\u016bg\u0161t\u012f<\/strong>, kad \u0161velniai eksfolijuot\u0173 od\u0105 ir i\u0161valyt\u0173 poras, nesukeldamas sausumo ar sudirginimo. Lengva put\u0173 tekst\u016bra veiksmingai pa\u0161alina riebal\u0173 pertekli\u0173, ne\u0161varumus ir negyvas odos l\u0105steles, i\u0161laikydama nat\u016bral\u0173 odos lipid\u0173 balans\u0105.<\/p>\n<p data-start=\"2465\" data-end=\"2750\"><strong data-start=\"2465\" data-end=\"2488\">Arbatmed\u017eio aliejus<\/strong> ir <strong data-start=\"2492\" data-end=\"2508\">niacinamidas<\/strong> padeda kovoti su bakterijomis, sukelian\u010diomis spuogus, ramina od\u0105 ir suteikia jai \u0161varos bei gaivumo poj\u016bt\u012f. Reguliariai naudojant oda tampa lygesn\u0117, skaistesn\u0117 ir subalansuota. Lengva formul\u0117 idealiai tinka naudoti tiek ryte, tiek vakare.<\/p>\n<p data-start=\"2752\" data-end=\"3252\"><strong data-start=\"2752\" data-end=\"2777\">Aktyv\u016bs ingredientai:<\/strong><br data-start=\"2777\" data-end=\"2780\" \/>\u2013 <strong data-start=\"2782\" data-end=\"2802\">Salicilo r\u016bg\u0161tis<\/strong> \u2013 valo poras, \u0161alina riebal\u0173 pertekli\u0173 ir negyvas odos l\u0105steles.<br data-start=\"2867\" data-end=\"2870\" \/>\u2013 <strong data-start=\"2872\" data-end=\"2894\">L-mandelio r\u016bg\u0161tis<\/strong> \u2013 \u0161velni AHA r\u016bg\u0161tis su BHA galia, veikia odos pavir\u0161iuje ir porose, suteikdama gil\u0173, bet \u0161veln\u0173 \u0161veitim\u0105.<br data-start=\"3001\" data-end=\"3004\" \/>\u2013 <strong data-start=\"3006\" data-end=\"3037\">Niacinamidas (B3 vitaminas)<\/strong> \u2013 ramina sudirgusi\u0105 od\u0105, ma\u017eina u\u017edegim\u0105 ir reguliuoja riebal\u0173 i\u0161siskyrim\u0105.<br data-start=\"3113\" data-end=\"3116\" \/>\u2013 <strong data-start=\"3118\" data-end=\"3141\">Arbatmed\u017eio aliejus<\/strong> \u2013 nat\u016bralus antibakterinis ir prie\u0161u\u017edegiminis ingredientas, padedantis i\u0161laikyti od\u0105 \u0161vari\u0105 ir pusiausvyr\u0105.<\/p>\n<p data-start=\"3254\" data-end=\"3273\"><strong data-start=\"3254\" data-end=\"3264\">T\u016bris:<\/strong> 40 ml \/ 150 ml<\/p>\n","protected":false},"excerpt":{"rendered":"<p data-start=\"3444\" data-end=\"3488\">Valomasis prausiklis spuogu linkusiai odai<\/p>\n<h2 data-start=\"3490\" data-end=\"3721\"><strong data-start=\"3490\" data-end=\"3527\">MEDIK8 &#8211; Clarifying Foam\u2122 savyb\u0117s<\/strong><\/h2>\n<p data-start=\"3490\" data-end=\"3721\">\u2714\ufe0f Giliai valo ir atgaivina od\u0105<br data-start=\"3561\" data-end=\"3564\" \/>\u2714\ufe0f \u0160velniai eksfolijuoja ir lygina od\u0105<br data-start=\"3602\" data-end=\"3605\" \/>\u2714\ufe0f Reguliuoja riebal\u0173 i\u0161siskyrim\u0105<br data-start=\"3638\" data-end=\"3641\" \/>\u2714\ufe0f Ramina sudirginim\u0105 ir u\u017edegim\u0105<br data-start=\"3674\" data-end=\"3677\" \/>\u2714\ufe0f Padeda i\u0161vengti nauj\u0173 spuog\u0173 atsiradimo<\/p>\n","protected":false},"featured_media":62926,"template":"","meta":[],"pwb-brand":[1206],"product_brand":[],"product_cat":[742,744,748,754,718],"product_tag":[],"giftcard-category":[],"class_list":{"0":"post-59158","1":"product","2":"type-product","3":"status-publish","4":"has-post-thumbnail","6":"pwb-brand-medik8","7":"product_cat-berimai","8":"product_cat-issipletusios-poros","9":"product_cat-taukainai-adai-lt","10":"product_cat-travel-size-lt","11":"product_cat-valymas","12":"pa_suurus-150ml-lt","13":"pa_suurus-40ml-lt","15":"first","16":"instock","17":"sale","18":"taxable","19":"shipping-taxable","20":"purchasable","21":"product-type-variable"},"acf":[],"brands":[{"id":1206,"name":"Medik8","slug":"medik8"}],"_links":{"self":[{"href":"https:\/\/skinstudio.ee\/lt\/wp-json\/wp\/v2\/product\/59158","targetHints":{"allow":["GET"]}}],"collection":[{"href":"https:\/\/skinstudio.ee\/lt\/wp-json\/wp\/v2\/product"}],"about":[{"href":"https:\/\/skinstudio.ee\/lt\/wp-json\/wp\/v2\/types\/product"}],"version-history":[{"count":1,"href":"https:\/\/skinstudio.ee\/lt\/wp-json\/wp\/v2\/product\/59158\/revisions"}],"predecessor-version":[{"id":82361,"href":"https:\/\/skinstudio.ee\/lt\/wp-json\/wp\/v2\/product\/59158\/revisions\/82361"}],"wp:featuredmedia":[{"embeddable":true,"href":"https:\/\/skinstudio.ee\/lt\/wp-json\/wp\/v2\/media\/62926"}],"wp:attachment":[{"href":"https:\/\/skinstudio.ee\/lt\/wp-json\/wp\/v2\/media?parent=59158"}],"wp:term":[{"taxonomy":"pwb-brand","embeddable":true,"href":"https:\/\/skinstudio.ee\/lt\/wp-json\/wp\/v2\/pwb-brand?post=59158"},{"taxonomy":"product_brand","embeddable":true,"href":"https:\/\/skinstudio.ee\/lt\/wp-json\/wp\/v2\/product_brand?post=59158"},{"taxonomy":"product_cat","embeddable":true,"href":"https:\/\/skinstudio.ee\/lt\/wp-json\/wp\/v2\/product_cat?post=59158"},{"taxonomy":"product_tag","embeddable":true,"href":"https:\/\/skinstudio.ee\/lt\/wp-json\/wp\/v2\/product_tag?post=59158"},{"taxonomy":"giftcard-category","embeddable":true,"href":"https:\/\/skinstudio.ee\/lt\/wp-json\/wp\/v2\/giftcard-category?post=59158"}],"curies":[{"name":"wp","href":"https:\/\/api.w.org\/{rel}","templated":true}]}}