{"id":59167,"date":"2023-05-24T17:56:06","date_gmt":"2023-05-24T17:56:06","guid":{"rendered":"https:\/\/skinstudio.ee\/?post_type=product&#038;p=59167"},"modified":"2025-12-29T09:39:19","modified_gmt":"2025-12-29T09:39:19","slug":"pore-cleanse-gel-intense","status":"publish","type":"product","link":"https:\/\/skinstudio.ee\/lt\/catalog\/medik8\/pore-cleanse-gel-intense\/","title":{"rendered":"Pore Cleanse Gel\u2122 Intense"},"content":{"rendered":"<p data-start=\"2140\" data-end=\"2409\"><strong data-start=\"2140\" data-end=\"2169\">Pore Cleanse Gel\u2122 Intense<\/strong> \u2013 gaivus, giliai valantis gelis, skirtas ma\u017einti poras ir subalansuoti od\u0105. Formul\u0117 praturtinta <strong data-start=\"2266\" data-end=\"2296\">raudon\u0173j\u0173 dobil\u0173 ekstraktu<\/strong>, kuris padeda reguliuoti riebal\u0173 i\u0161siskyrim\u0105 ir sutraukti poras, suteikdamas odai skaistumo bei \u0161varos poj\u016bt\u012f.<\/p>\n<p data-start=\"2411\" data-end=\"2755\">Sud\u0117tyje esantis <strong data-start=\"2428\" data-end=\"2459\">hidroksi r\u016bg\u0161\u010di\u0173 kompleksas<\/strong> \u2013 salicilo, pieno ir migdol\u0173 r\u016bg\u0161tys \u2013 \u0161velniai \u0161vei\u010dia odos pavir\u0161i\u0173 ir poras, gerina tekst\u016br\u0105 bei ton\u0105, nesausindamas odos. <strong data-start=\"2586\" data-end=\"2600\">Glicerinas<\/strong> u\u017etikrina intensyv\u0173 dr\u0117kinim\u0105, tod\u0117l oda tampa \u0161velni ir lygi. Reguliariai naudojant poros tampa ma\u017eiau pastebimos, o oda atrodo gaivesn\u0117 ir skaistesn\u0117.<\/p>\n<p data-start=\"2757\" data-end=\"3208\"><strong data-start=\"2757\" data-end=\"2782\">Aktyv\u016bs ingredientai:<\/strong><br data-start=\"2782\" data-end=\"2785\" \/>\u2013 <strong data-start=\"2787\" data-end=\"2818\">Raudon\u0173j\u0173 dobil\u0173 ekstraktas<\/strong> \u2013 suma\u017eina poras, reguliuoja riebal\u0173 i\u0161siskyrim\u0105 ir skatina l\u0105steli\u0173 atsinaujinim\u0105.<br data-start=\"2902\" data-end=\"2905\" \/>\u2013 <strong data-start=\"2907\" data-end=\"2928\">L-migdol\u0173 r\u016bg\u0161tis<\/strong> \u2013 \u0161velniai eksfoliuoja ir valo poras, u\u017etikrindama gili\u0105, bet \u0161velni\u0105 prie\u017ei\u016br\u0105.<br data-start=\"3009\" data-end=\"3012\" \/>\u2013 <strong data-start=\"3014\" data-end=\"3033\">L-pieno r\u016bg\u0161tis<\/strong> \u2013 dr\u0117kina, maitina ir pagerina odos ton\u0105.<br data-start=\"3075\" data-end=\"3078\" \/>\u2013 <strong data-start=\"3080\" data-end=\"3100\">Salicilo r\u016bg\u0161tis<\/strong> \u2013 valo poras ir padeda i\u0161vengti spuog\u0173.<br data-start=\"3140\" data-end=\"3143\" \/>\u2013 <strong data-start=\"3145\" data-end=\"3159\">Glicerinas<\/strong> \u2013 i\u0161laiko dr\u0117gm\u0119 ir saugo od\u0105 nuo i\u0161saus\u0117jimo.<\/p>\n<p data-start=\"3210\" data-end=\"3229\"><strong data-start=\"3210\" data-end=\"3220\">T\u016bris:<\/strong> 150 ml<\/p>\n","protected":false},"excerpt":{"rendered":"<p data-start=\"3481\" data-end=\"3534\">Kasdieniam naudojimui skirtas giliai valantis gelis<\/p>\n<h2 data-start=\"3536\" data-end=\"3834\"><strong data-start=\"3536\" data-end=\"3582\">MEDIK8 &#8211; Pore Cleanse Gel\u2122 Intense savyb\u0117s<\/strong><\/h2>\n<p data-start=\"3536\" data-end=\"3834\">\u2714\ufe0f Giliai valo ir ma\u017eina poras<br data-start=\"3615\" data-end=\"3618\" \/>\u2714\ufe0f Pa\u0161alina riebal\u0173 pertekli\u0173, ne\u0161varumus ir bakterijas<br data-start=\"3673\" data-end=\"3676\" \/>\u2714\ufe0f Sud\u0117tyje \u2013 r\u016bg\u0161\u010di\u0173 kompleksas ir dr\u0117kinamosios med\u017eiagos<br data-start=\"3735\" data-end=\"3738\" \/>\u2714\ufe0f Paruo\u0161ia od\u0105 aktyvi\u0173j\u0173 ingredient\u0173 \u012fsisavinimui<br data-start=\"3788\" data-end=\"3791\" \/>\u2714\ufe0f Palieka od\u0105 \u0161vari\u0105, lygi\u0105 ir \u0161vytin\u010di\u0105<\/p>\n","protected":false},"featured_media":62906,"template":"","meta":[],"pwb-brand":[1206],"product_brand":[],"product_cat":[742,744,752,750,748,718],"product_tag":[],"giftcard-category":[],"class_list":{"0":"post-59167","1":"product","2":"type-product","3":"status-publish","4":"has-post-thumbnail","6":"pwb-brand-medik8","7":"product_cat-berimai","8":"product_cat-issipletusios-poros","9":"product_cat-pigmentacija-lt","10":"product_cat-senstanti-oda","11":"product_cat-taukainai-adai-lt","12":"product_cat-valymas","14":"first","15":"instock","16":"taxable","17":"shipping-taxable","18":"purchasable","19":"product-type-simple"},"acf":[],"brands":[{"id":1206,"name":"Medik8","slug":"medik8"}],"_links":{"self":[{"href":"https:\/\/skinstudio.ee\/lt\/wp-json\/wp\/v2\/product\/59167","targetHints":{"allow":["GET"]}}],"collection":[{"href":"https:\/\/skinstudio.ee\/lt\/wp-json\/wp\/v2\/product"}],"about":[{"href":"https:\/\/skinstudio.ee\/lt\/wp-json\/wp\/v2\/types\/product"}],"version-history":[{"count":0,"href":"https:\/\/skinstudio.ee\/lt\/wp-json\/wp\/v2\/product\/59167\/revisions"}],"wp:featuredmedia":[{"embeddable":true,"href":"https:\/\/skinstudio.ee\/lt\/wp-json\/wp\/v2\/media\/62906"}],"wp:attachment":[{"href":"https:\/\/skinstudio.ee\/lt\/wp-json\/wp\/v2\/media?parent=59167"}],"wp:term":[{"taxonomy":"pwb-brand","embeddable":true,"href":"https:\/\/skinstudio.ee\/lt\/wp-json\/wp\/v2\/pwb-brand?post=59167"},{"taxonomy":"product_brand","embeddable":true,"href":"https:\/\/skinstudio.ee\/lt\/wp-json\/wp\/v2\/product_brand?post=59167"},{"taxonomy":"product_cat","embeddable":true,"href":"https:\/\/skinstudio.ee\/lt\/wp-json\/wp\/v2\/product_cat?post=59167"},{"taxonomy":"product_tag","embeddable":true,"href":"https:\/\/skinstudio.ee\/lt\/wp-json\/wp\/v2\/product_tag?post=59167"},{"taxonomy":"giftcard-category","embeddable":true,"href":"https:\/\/skinstudio.ee\/lt\/wp-json\/wp\/v2\/giftcard-category?post=59167"}],"curies":[{"name":"wp","href":"https:\/\/api.w.org\/{rel}","templated":true}]}}