{"id":59176,"date":"2023-05-24T17:56:06","date_gmt":"2023-05-24T17:56:06","guid":{"rendered":"https:\/\/skinstudio.ee\/?post_type=product&#038;p=59176"},"modified":"2026-02-19T11:49:11","modified_gmt":"2026-02-19T11:49:11","slug":"liquid-peptides","status":"publish","type":"product","link":"https:\/\/skinstudio.ee\/lt\/catalog\/medik8\/liquid-peptides\/","title":{"rendered":"Liquid Peptides\u2122"},"content":{"rendered":"<p data-start=\"2322\" data-end=\"2619\"><strong data-start=\"2322\" data-end=\"2342\">Liquid Peptides\u2122<\/strong> \u2013 pa\u017eangus, itin dr\u0117kinantis peptid\u0173 serumas, atkuriantis odos jaunatvi\u0161kum\u0105 naudojant moderni\u0105 biotechnologij\u0105. <strong data-start=\"2456\" data-end=\"2481\">Dron\u0173 veikimo sistema<\/strong> u\u017etikrina, kad kiekvienas peptidas pasiekt\u0173 b\u016btent t\u0105 odos sluoksn\u012f, kuriam jo labiausiai reikia, taip pasiekiant maksimal\u0173 efektyvum\u0105.<\/p>\n<p data-start=\"2621\" data-end=\"3167\">Formul\u0117je sujungti <strong data-start=\"2640\" data-end=\"2670\">biotechnologiniai peptidai<\/strong> ir <strong data-start=\"2674\" data-end=\"2689\">prebiotikai<\/strong>, kurie atkuria odos mikrobiomos pusiausvyr\u0105 ir sustiprina jos nat\u016bral\u0173 apsaugin\u012f barjer\u0105. Inovatyvus kompleksas <strong data-start=\"2802\" data-end=\"2837\">Advanced MP: Dual MiniProteins\u2122<\/strong> klini\u0161kai \u012frodytai suma\u017eina mimikos rauk\u0161les per 10 minu\u010di\u0173 ir gilesnes \u2013 per 8 savaites. <strong data-start=\"2928\" data-end=\"2960\">Expression Line MiniProtein\u2122<\/strong> padeda atpalaiduoti veido raumenis ir i\u0161lygina dinami\u0161kas rauk\u0161les, o <strong data-start=\"3031\" data-end=\"3061\">Growth Factor MiniProtein\u2122<\/strong> stimuliuoja kolageno, elastino ir hialurono r\u016bg\u0161ties gamyb\u0105, suteikdamas odai stangrumo ir elastingumo.<\/p>\n<p data-start=\"3169\" data-end=\"3281\">Liquid Peptides\u2122 suteikia matom\u0173 rezultat\u0173 be injekcij\u0173 \u2013 oda tampa lygi, intensyviai sudr\u0117kinta ir spindinti.<\/p>\n<p data-start=\"3283\" data-end=\"3752\"><strong data-start=\"3283\" data-end=\"3308\">Aktyv\u016bs ingredientai:<\/strong><br data-start=\"3308\" data-end=\"3311\" \/>\u2013 <strong data-start=\"3313\" data-end=\"3348\">Advanced MP: Dual MiniProteins\u2122<\/strong> \u2013 stimuliuoja kolageno, elastino ir hialurono r\u016bg\u0161ties sintez\u0119.<br data-start=\"3412\" data-end=\"3415\" \/>\u2013 <strong data-start=\"3417\" data-end=\"3449\">Expression Line MiniProtein\u2122<\/strong> \u2013 atpalaiduoja veido raumenis ir i\u0161lygina mimikos rauk\u0161les.<br data-start=\"3509\" data-end=\"3512\" \/>\u2013 <strong data-start=\"3514\" data-end=\"3544\">Growth Factor MiniProtein\u2122<\/strong> \u2013 stiprina odos strukt\u016br\u0105 ir gerina jos elastingum\u0105.<br data-start=\"3597\" data-end=\"3600\" \/>\u2013 <strong data-start=\"3602\" data-end=\"3617\">Prebiotikai<\/strong> \u2013 atkuria mikrobiomos pusiausvyr\u0105 ir palaiko odos apsaugin\u0119 funkcij\u0105.<br data-start=\"3687\" data-end=\"3690\" \/>\u2013 <strong data-start=\"3692\" data-end=\"3713\">Hialurono r\u016bg\u0161tis<\/strong> \u2013 suteikia gili\u0105 dr\u0117gm\u0119 ir \u0161velnum\u0105.<\/p>\n<p data-start=\"3754\" data-end=\"3772\"><strong data-start=\"3754\" data-end=\"3764\">T\u016bris:<\/strong> 8 ml \/ 30 ml<\/p>\n","protected":false},"excerpt":{"rendered":"<p data-start=\"3953\" data-end=\"3987\">Itin dr\u0117kinantis peptid\u0173 serumas<\/p>\n<h2 data-start=\"3989\" data-end=\"4230\"><strong data-start=\"3989\" data-end=\"4026\">MEDIK8 &#8211; Liquid Peptides\u2122 savyb\u0117s<\/strong><\/h2>\n<p data-start=\"3989\" data-end=\"4230\">\u2714\ufe0f Atjaunina ir stangrina od\u0105<br data-start=\"4058\" data-end=\"4061\" \/>\u2714\ufe0f Giliai dr\u0117kina ir i\u0161lygina rauk\u0161les<br data-start=\"4099\" data-end=\"4102\" \/>\u2714\ufe0f Stimuliuoja kolageno ir elastino gamyb\u0105<br data-start=\"4144\" data-end=\"4147\" \/>\u2714\ufe0f Palaiko sveik\u0105 odos mikrobiom\u0105<br data-start=\"4180\" data-end=\"4183\" \/>\u2714\ufe0f Gerina odos tekst\u016br\u0105 ir suteikia \u0161vyt\u0117jimo<\/p>\n","protected":false},"featured_media":62891,"template":"","meta":[],"pwb-brand":[1206],"product_brand":[],"product_cat":[742,738,744,746,752,740,750,724,748,754],"product_tag":[],"giftcard-category":[],"class_list":{"0":"post-59176","1":"product","2":"type-product","3":"status-publish","4":"has-post-thumbnail","6":"pwb-brand-medik8","7":"product_cat-berimai","8":"product_cat-drekinimas","9":"product_cat-issipletusios-poros","10":"product_cat-jautriai-odai","11":"product_cat-pigmentacija-lt","12":"product_cat-sausai-odai","13":"product_cat-senstanti-oda","14":"product_cat-serumai","15":"product_cat-taukainai-adai-lt","16":"product_cat-travel-size-lt","17":"pa_suurus-30ml-lt","18":"pa_suurus-8ml-lt","20":"first","21":"instock","22":"taxable","23":"shipping-taxable","24":"purchasable","25":"product-type-variable"},"acf":[],"brands":[{"id":1206,"name":"Medik8","slug":"medik8"}],"_links":{"self":[{"href":"https:\/\/skinstudio.ee\/lt\/wp-json\/wp\/v2\/product\/59176","targetHints":{"allow":["GET"]}}],"collection":[{"href":"https:\/\/skinstudio.ee\/lt\/wp-json\/wp\/v2\/product"}],"about":[{"href":"https:\/\/skinstudio.ee\/lt\/wp-json\/wp\/v2\/types\/product"}],"version-history":[{"count":1,"href":"https:\/\/skinstudio.ee\/lt\/wp-json\/wp\/v2\/product\/59176\/revisions"}],"predecessor-version":[{"id":82340,"href":"https:\/\/skinstudio.ee\/lt\/wp-json\/wp\/v2\/product\/59176\/revisions\/82340"}],"wp:featuredmedia":[{"embeddable":true,"href":"https:\/\/skinstudio.ee\/lt\/wp-json\/wp\/v2\/media\/62891"}],"wp:attachment":[{"href":"https:\/\/skinstudio.ee\/lt\/wp-json\/wp\/v2\/media?parent=59176"}],"wp:term":[{"taxonomy":"pwb-brand","embeddable":true,"href":"https:\/\/skinstudio.ee\/lt\/wp-json\/wp\/v2\/pwb-brand?post=59176"},{"taxonomy":"product_brand","embeddable":true,"href":"https:\/\/skinstudio.ee\/lt\/wp-json\/wp\/v2\/product_brand?post=59176"},{"taxonomy":"product_cat","embeddable":true,"href":"https:\/\/skinstudio.ee\/lt\/wp-json\/wp\/v2\/product_cat?post=59176"},{"taxonomy":"product_tag","embeddable":true,"href":"https:\/\/skinstudio.ee\/lt\/wp-json\/wp\/v2\/product_tag?post=59176"},{"taxonomy":"giftcard-category","embeddable":true,"href":"https:\/\/skinstudio.ee\/lt\/wp-json\/wp\/v2\/giftcard-category?post=59176"}],"curies":[{"name":"wp","href":"https:\/\/api.w.org\/{rel}","templated":true}]}}