{"id":59197,"date":"2023-05-24T17:56:06","date_gmt":"2023-05-24T17:56:06","guid":{"rendered":"https:\/\/skinstudio.ee\/?post_type=product&#038;p=59197"},"modified":"2025-12-29T09:39:16","modified_gmt":"2025-12-29T09:39:16","slug":"bakuchiol-peptides","status":"publish","type":"product","link":"https:\/\/skinstudio.ee\/lt\/catalog\/medik8\/bakuchiol-peptides\/","title":{"rendered":"Bakuchiol Peptides\u2122"},"content":{"rendered":"<p data-start=\"2341\" data-end=\"2633\"><strong data-start=\"2341\" data-end=\"2364\">Bakuchiol Peptides\u2122<\/strong> \u2013 augalin\u0117s kilm\u0117s A vitamino alternatyva, suteikianti pastebim\u0105 prie\u0161rauk\u0161lin\u012f poveik\u012f be dirginimo. \u0160is lengvas, atjauninantis aliejinis serumas su <strong data-start=\"2515\" data-end=\"2542\">1,25% gryno bakuchiolio<\/strong> padeda suma\u017einti smulkias rauk\u0161leles, sustiprinti od\u0105 ir atkurti jos nat\u016bral\u0173 \u0161vyt\u0117jim\u0105.<\/p>\n<p data-start=\"2635\" data-end=\"2989\">Bakuchiolis \u2013 <strong data-start=\"2649\" data-end=\"2702\">klini\u0161kai \u012frodytas nat\u016bralus retinolio pakaitalas<\/strong>, tinkamas tiems, kurie negali naudoti A vitamino, pavyzd\u017eiui, n\u0117\u0161tumo ar \u017eindymo laikotarpiu*. Formul\u0117 praturtinta <strong data-start=\"2818\" data-end=\"2852\">Brightening Peptide Precursors<\/strong>, kurie \u0161viesina ir tolygina odos atspalv\u012f, bei <strong data-start=\"2900\" data-end=\"2931\">Centella Asiatica ekstraktu<\/strong>, kuris ramina, ma\u017eina u\u017edegim\u0105 ir stiprina jautri\u0105 od\u0105.<\/p>\n<p data-start=\"2991\" data-end=\"3309\">Papildomai sud\u0117tyje esantis <strong data-start=\"3019\" data-end=\"3064\">Inca Omega aliejus (Plukenetia volubilis)<\/strong> \u2013 vienas turtingiausi\u0173 nat\u016brali\u0173 omega r\u016bg\u0161\u010di\u0173 \u0161altini\u0173 \u2013 stiprina odos barjer\u0105, dr\u0117kina ir apsaugo nuo dr\u0117gm\u0117s praradimo. Fotostabili formul\u0117 leid\u017eia serum\u0105 naudoti tiek ryte, tiek vakare, siekiant glotnesn\u0117s, stangresn\u0117s ir \u0161vytin\u010dios odos.<\/p>\n<p data-start=\"3311\" data-end=\"3791\"><strong data-start=\"3311\" data-end=\"3336\">Aktyv\u016bs ingredientai:<\/strong><br data-start=\"3336\" data-end=\"3339\" \/>\u2013 <strong data-start=\"3341\" data-end=\"3356\">Bakuchiolis<\/strong> \u2013 nat\u016bralus retinolio pakaitalas, stimuliuoja kolageno ir elastino gamyb\u0105, ma\u017eina rauk\u0161les.<br data-start=\"3448\" data-end=\"3451\" \/>\u2013 <strong data-start=\"3453\" data-end=\"3487\">Brightening Peptide Precursors<\/strong> \u2013 lipamino r\u016bg\u0161\u010di\u0173 kompleksas, slopinantis melanino gamyb\u0105 ir tolyginantis odos atspalv\u012f.<br data-start=\"3577\" data-end=\"3580\" \/>\u2013 <strong data-start=\"3582\" data-end=\"3614\">Centella Asiatica ekstraktas<\/strong> \u2013 ramina, ma\u017eina u\u017edegim\u0105 ir skatina odos gijim\u0105.<br data-start=\"3664\" data-end=\"3667\" \/>\u2013 <strong data-start=\"3669\" data-end=\"3714\">Inca Omega aliejus (Plukenetia volubilis)<\/strong> \u2013 gausus omega r\u016bg\u0161timis, atkuria odos barjer\u0105 ir palaiko dr\u0117gm\u0117s balans\u0105.<\/p>\n<p data-start=\"3793\" data-end=\"3811\"><strong data-start=\"3793\" data-end=\"3803\">T\u016bris:<\/strong> 30 ml<\/p>\n","protected":false},"excerpt":{"rendered":"<p data-start=\"3946\" data-end=\"4002\">Peptid\u0173 serumas su bakuchioliu \u2014 retinolio alternatyva<\/p>\n<h2 data-start=\"4004\" data-end=\"4262\"><strong data-start=\"4004\" data-end=\"4044\">MEDIK8 &#8211; Bakuchiol Peptides\u2122 savyb\u0117s<\/strong><\/h2>\n<p data-start=\"4004\" data-end=\"4262\">\u2714\ufe0f Pastebimai atnaujina ir stangrina od\u0105<br data-start=\"4087\" data-end=\"4090\" \/>\u2714\ufe0f Ramina ir ma\u017eina u\u017edegim\u0105<br data-start=\"4118\" data-end=\"4121\" \/>\u2714\ufe0f Sulygina odos ton\u0105 ir suteikia \u0161vyt\u0117jimo<br data-start=\"4164\" data-end=\"4167\" \/>\u2714\ufe0f Stiprina odos barjer\u0105 ir apsaugo nuo i\u0161saus\u0117jimo<br data-start=\"4218\" data-end=\"4221\" \/>\u2714\ufe0f Tinka jautriai odai ir n\u0117\u0161tumo metu*<\/p>\n","protected":false},"featured_media":62856,"template":"","meta":[],"pwb-brand":[1206],"product_brand":[],"product_cat":[742,744,746,752,740,750,724],"product_tag":[],"giftcard-category":[],"class_list":{"0":"post-59197","1":"product","2":"type-product","3":"status-publish","4":"has-post-thumbnail","6":"pwb-brand-medik8","7":"product_cat-berimai","8":"product_cat-issipletusios-poros","9":"product_cat-jautriai-odai","10":"product_cat-pigmentacija-lt","11":"product_cat-sausai-odai","12":"product_cat-senstanti-oda","13":"product_cat-serumai","15":"first","16":"instock","17":"taxable","18":"shipping-taxable","19":"purchasable","20":"product-type-simple"},"acf":[],"brands":[{"id":1206,"name":"Medik8","slug":"medik8"}],"_links":{"self":[{"href":"https:\/\/skinstudio.ee\/lt\/wp-json\/wp\/v2\/product\/59197","targetHints":{"allow":["GET"]}}],"collection":[{"href":"https:\/\/skinstudio.ee\/lt\/wp-json\/wp\/v2\/product"}],"about":[{"href":"https:\/\/skinstudio.ee\/lt\/wp-json\/wp\/v2\/types\/product"}],"version-history":[{"count":0,"href":"https:\/\/skinstudio.ee\/lt\/wp-json\/wp\/v2\/product\/59197\/revisions"}],"wp:featuredmedia":[{"embeddable":true,"href":"https:\/\/skinstudio.ee\/lt\/wp-json\/wp\/v2\/media\/62856"}],"wp:attachment":[{"href":"https:\/\/skinstudio.ee\/lt\/wp-json\/wp\/v2\/media?parent=59197"}],"wp:term":[{"taxonomy":"pwb-brand","embeddable":true,"href":"https:\/\/skinstudio.ee\/lt\/wp-json\/wp\/v2\/pwb-brand?post=59197"},{"taxonomy":"product_brand","embeddable":true,"href":"https:\/\/skinstudio.ee\/lt\/wp-json\/wp\/v2\/product_brand?post=59197"},{"taxonomy":"product_cat","embeddable":true,"href":"https:\/\/skinstudio.ee\/lt\/wp-json\/wp\/v2\/product_cat?post=59197"},{"taxonomy":"product_tag","embeddable":true,"href":"https:\/\/skinstudio.ee\/lt\/wp-json\/wp\/v2\/product_tag?post=59197"},{"taxonomy":"giftcard-category","embeddable":true,"href":"https:\/\/skinstudio.ee\/lt\/wp-json\/wp\/v2\/giftcard-category?post=59197"}],"curies":[{"name":"wp","href":"https:\/\/api.w.org\/{rel}","templated":true}]}}