{"id":59207,"date":"2023-05-24T17:56:10","date_gmt":"2023-05-24T17:56:10","guid":{"rendered":"https:\/\/skinstudio.ee\/?post_type=product&#038;p=59207"},"modified":"2025-12-29T09:39:20","modified_gmt":"2025-12-29T09:39:20","slug":"r-retinoate-intense","status":"publish","type":"product","link":"https:\/\/skinstudio.ee\/lt\/catalog\/medik8\/r-retinoate-intense\/","title":{"rendered":"R-Retinoate\u00ae Intense"},"content":{"rendered":"<p data-start=\"2334\" data-end=\"2676\"><strong data-start=\"2334\" data-end=\"2358\">R-Retinoate\u00ae Intense<\/strong> &#8211; revoliucinis naktinis kremas, jungiantis retinilo retinoato ir retinaldehido gali\u0105 vienoje prabangioje formul\u0117je. Klini\u0161kai \u012frodyta, kad jis yra <strong data-start=\"2506\" data-end=\"2568\">8 kartus veiksmingesnis ir 11 kart\u0173 greitesnis u\u017e retinol\u012f<\/strong>, padeda suma\u017einti smulkias rauk\u0161leles, pagerina odos tekst\u016br\u0105 ir atkuria jaunatvi\u0161k\u0105 spindes\u012f miego metu.<\/p>\n<p data-start=\"2678\" data-end=\"3076\">\u0160is \u201eviskas viename\u201c naktinis kremas sujungia <strong data-start=\"2724\" data-end=\"2760\">inkapsuliuot\u0105 retinilo retinoat\u0105<\/strong> ir <strong data-start=\"2764\" data-end=\"2795\">inkapsuliuot\u0105 retinaldehid\u0105<\/strong>, kurie kartu skatina l\u0105steli\u0173 atsinaujinim\u0105 ir kolageno gamyb\u0105. Jau po keli\u0173 savai\u010di\u0173 oda tampa stangresn\u0117, lygesn\u0117 ir \u0161vytinti. Formul\u0117 papildyta <strong data-start=\"2943\" data-end=\"2965\">ceramid\u0173 kompleksu<\/strong>, <strong data-start=\"2967\" data-end=\"2986\">vario peptidais<\/strong> ir <strong data-start=\"2990\" data-end=\"3012\">hialurono r\u016bg\u0161timi<\/strong>, kurie stiprina odos barjer\u0105, maitina ir intensyviai dr\u0117kina.<\/p>\n<p data-start=\"3078\" data-end=\"3276\">Sodri, \u0161ilkin\u0117 tekst\u016bra greitai susigeria, suteikdama odai gilaus atsinaujinimo poj\u016bt\u012f visos nakties metu. R-Retinoate\u00ae Intense galima naudoti kaip vienintel\u012f vakaro prie\u017ei\u016bros produkt\u0105 po valymo.<\/p>\n<p data-start=\"3278\" data-end=\"3738\"><strong data-start=\"3278\" data-end=\"3303\">Aktyv\u016bs ingredientai:<\/strong><br data-start=\"3303\" data-end=\"3306\" \/>\u2013 <strong data-start=\"3308\" data-end=\"3346\">Inkapsuliuotas retinilo retinoatas<\/strong> \u2013 stimuliuoja kolageno gamyb\u0105 ir gerina odos elastingum\u0105.<br data-start=\"3404\" data-end=\"3407\" \/>\u2013 <strong data-start=\"3409\" data-end=\"3442\">Inkapsuliuotas retinaldehidas<\/strong> \u2013 veikia grei\u010diau nei retinolis, lygina rauk\u0161les ir tolygina odos atspalv\u012f.<br data-start=\"3518\" data-end=\"3521\" \/>\u2013 <strong data-start=\"3523\" data-end=\"3546\">Ceramid\u0173 kompleksas<\/strong> \u2013 stiprina odos barjer\u0105 ir maitina giliai.<br data-start=\"3589\" data-end=\"3592\" \/>\u2013 <strong data-start=\"3594\" data-end=\"3612\">Vario peptidai<\/strong> \u2013 skatina odos regeneracij\u0105 ir kolageno sintez\u0119.<br data-start=\"3661\" data-end=\"3664\" \/>\u2013 <strong data-start=\"3666\" data-end=\"3687\">Hialurono r\u016bg\u0161tis<\/strong> \u2013 intensyviai dr\u0117kina ir suteikia odai \u0161velnumo.<\/p>\n<p data-start=\"3740\" data-end=\"3758\"><strong data-start=\"3740\" data-end=\"3750\">T\u016bris:<\/strong> 50 ml<\/p>\n","protected":false},"excerpt":{"rendered":"<p data-start=\"3979\" data-end=\"4021\">Intensyvus atjauninantis naktinis kremas<\/p>\n<h2 data-start=\"4023\" data-end=\"4281\"><strong data-start=\"4023\" data-end=\"4064\">MEDIK8 &#8211; R-Retinoate\u00ae Intense savyb\u0117s<\/strong><\/h2>\n<p data-start=\"4023\" data-end=\"4281\">\u2714\ufe0f Pastebimai atnaujina ir stangrina od\u0105<br data-start=\"4107\" data-end=\"4110\" \/>\u2714\ufe0f Lygina rauk\u0161les ir gerina tekst\u016br\u0105<br data-start=\"4147\" data-end=\"4150\" \/>\u2714\ufe0f \u0160viesina ir ma\u017eina pigmentacij\u0105<br data-start=\"4184\" data-end=\"4187\" \/>\u2714\ufe0f Maitina ir stiprina odos barjer\u0105<br data-start=\"4222\" data-end=\"4225\" \/>\u2714\ufe0f U\u017etikrina dr\u0117kinim\u0105 ir \u0161vyt\u0117jim\u0105 visos nakties metu<\/p>\n","protected":false},"featured_media":62866,"template":"","meta":[],"pwb-brand":[1206],"product_brand":[],"product_cat":[742,738,744,746,752,740,750,724,748,728],"product_tag":[],"giftcard-category":[],"class_list":{"0":"post-59207","1":"product","2":"type-product","3":"status-publish","4":"has-post-thumbnail","6":"pwb-brand-medik8","7":"product_cat-berimai","8":"product_cat-drekinimas","9":"product_cat-issipletusios-poros","10":"product_cat-jautriai-odai","11":"product_cat-pigmentacija-lt","12":"product_cat-sausai-odai","13":"product_cat-senstanti-oda","14":"product_cat-serumai","15":"product_cat-taukainai-adai-lt","16":"product_cat-vitaminas-a-retinolis","18":"first","19":"instock","20":"taxable","21":"shipping-taxable","22":"purchasable","23":"product-type-simple"},"acf":[],"brands":[{"id":1206,"name":"Medik8","slug":"medik8"}],"_links":{"self":[{"href":"https:\/\/skinstudio.ee\/lt\/wp-json\/wp\/v2\/product\/59207","targetHints":{"allow":["GET"]}}],"collection":[{"href":"https:\/\/skinstudio.ee\/lt\/wp-json\/wp\/v2\/product"}],"about":[{"href":"https:\/\/skinstudio.ee\/lt\/wp-json\/wp\/v2\/types\/product"}],"version-history":[{"count":0,"href":"https:\/\/skinstudio.ee\/lt\/wp-json\/wp\/v2\/product\/59207\/revisions"}],"wp:featuredmedia":[{"embeddable":true,"href":"https:\/\/skinstudio.ee\/lt\/wp-json\/wp\/v2\/media\/62866"}],"wp:attachment":[{"href":"https:\/\/skinstudio.ee\/lt\/wp-json\/wp\/v2\/media?parent=59207"}],"wp:term":[{"taxonomy":"pwb-brand","embeddable":true,"href":"https:\/\/skinstudio.ee\/lt\/wp-json\/wp\/v2\/pwb-brand?post=59207"},{"taxonomy":"product_brand","embeddable":true,"href":"https:\/\/skinstudio.ee\/lt\/wp-json\/wp\/v2\/product_brand?post=59207"},{"taxonomy":"product_cat","embeddable":true,"href":"https:\/\/skinstudio.ee\/lt\/wp-json\/wp\/v2\/product_cat?post=59207"},{"taxonomy":"product_tag","embeddable":true,"href":"https:\/\/skinstudio.ee\/lt\/wp-json\/wp\/v2\/product_tag?post=59207"},{"taxonomy":"giftcard-category","embeddable":true,"href":"https:\/\/skinstudio.ee\/lt\/wp-json\/wp\/v2\/giftcard-category?post=59207"}],"curies":[{"name":"wp","href":"https:\/\/api.w.org\/{rel}","templated":true}]}}