{"id":59230,"date":"2023-05-24T17:56:10","date_gmt":"2023-05-24T17:56:10","guid":{"rendered":"https:\/\/skinstudio.ee\/?post_type=product&#038;p=59230"},"modified":"2025-12-29T09:39:20","modified_gmt":"2025-12-29T09:39:20","slug":"r-retinoate-day-night-eye-serum","status":"publish","type":"product","link":"https:\/\/skinstudio.ee\/lt\/catalog\/medik8\/r-retinoate-day-night-eye-serum\/","title":{"rendered":"R-Retinoate Day &#038; Night Eye Serum"},"content":{"rendered":"<p data-start=\"2188\" data-end=\"2492\"><strong data-start=\"2188\" data-end=\"2225\">R-Retinoate Day &amp; Night Eye Serum<\/strong> sujungia prabang\u0105, moksl\u0105 ir klini\u0161kai patvirtint\u0105 veiksmingum\u0105, si\u016blydamas unikali\u0105 prie\u017ei\u016br\u0105 jautriai odai aplink akis. D\u0117l inovatyvios vitamino A formos \u2013 <strong data-start=\"2384\" data-end=\"2406\">retinilo retinoato<\/strong>, \u0161i formul\u0117 suteikia retinolio poveik\u012f be dirginimo, tod\u0117l tinka net jautriai odai.<\/p>\n<p data-start=\"2494\" data-end=\"2786\">Lengva, \u0161ilkin\u0117 tekst\u016bra greitai susigeria, lygina smulkias rauk\u0161leles, \u0161viesina od\u0105 ir suteikia \u017evilgsniui gaivumo. Jau po 4 savai\u010di\u0173 oda aplink akis tampa stangresn\u0117, lygesn\u0117 ir vizualiai jaunesn\u0117. Reguliariai naudojant, poveikis stipr\u0117ja \u2013 oda tampa elastingesn\u0117, \u0161vytinti ir pails\u0117jusi.<\/p>\n<p data-start=\"2788\" data-end=\"3052\">Formul\u0117 skirta naudoti <strong data-start=\"2811\" data-end=\"2829\">dien\u0105 ir nakt\u012f<\/strong>, joje yra subalansuotas maitinam\u0173j\u0173 ingredient\u0173 kompleksas, stiprinantis odos barjer\u0105 ir apsaugantis nuo i\u0161orini\u0173 sen\u0117jimo veiksni\u0173. R-Retinoate Day &amp; Night Eye Serum paver\u010dia kasdien\u0119 prie\u017ei\u016br\u0105 rafinuotu gro\u017eio ritualu.<\/p>\n<p data-start=\"3054\" data-end=\"3538\"><strong data-start=\"3054\" data-end=\"3079\">Aktyv\u016bs ingredientai:<\/strong><br data-start=\"3079\" data-end=\"3082\" \/>\u2013 <strong data-start=\"3084\" data-end=\"3107\">Retinilo retinoatas<\/strong> \u2013 inovatyvi vitamino A forma, 8 kartus veiksmingesn\u0117 u\u017e retinol\u012f, stimuliuoja l\u0105steli\u0173 atsinaujinim\u0105 ir kolageno gamyb\u0105.<br data-start=\"3228\" data-end=\"3231\" \/>\u2013 <strong data-start=\"3233\" data-end=\"3247\">Vitamino E<\/strong> \u2013 apsaugo nuo laisv\u0173j\u0173 radikal\u0173 ir stiprina formul\u0117s stabilum\u0105.<br data-start=\"3311\" data-end=\"3314\" \/>\u2013 <strong data-start=\"3316\" data-end=\"3337\">Hialurono r\u016bg\u0161tis<\/strong> \u2013 giliai dr\u0117kina ir suteikia odai elastingumo.<br data-start=\"3384\" data-end=\"3387\" \/>\u2013 <strong data-start=\"3389\" data-end=\"3407\">Vario peptidai<\/strong> \u2013 skatina audini\u0173 regeneracij\u0105 ir didina odos stangrum\u0105.<br data-start=\"3464\" data-end=\"3467\" \/>\u2013 <strong data-start=\"3469\" data-end=\"3482\">Skvalanas<\/strong> \u2013 maitina, dr\u0117kina ir atkuria odos apsaugin\u012f barjer\u0105.<\/p>\n<p data-start=\"3540\" data-end=\"3558\"><strong data-start=\"3540\" data-end=\"3550\">T\u016bris:<\/strong> 15 ml<\/p>\n","protected":false},"excerpt":{"rendered":"<p data-start=\"3715\" data-end=\"3775\">Atjauninantis dieninis \/ naktinis serumas odai aplink akis<\/p>\n<h2 data-start=\"3777\" data-end=\"4052\"><strong data-start=\"3777\" data-end=\"3831\">MEDIK8 &#8211; R-Retinoate Day &amp; Night Eye Serum savyb\u0117s<\/strong><\/h2>\n<p data-start=\"3777\" data-end=\"4052\">\u2714\ufe0f Atjaunina ir stiprina od\u0105 aplink akis<br data-start=\"3874\" data-end=\"3877\" \/>\u2714\ufe0f Lygina smulkias rauk\u0161leles ir linijas<br data-start=\"3917\" data-end=\"3920\" \/>\u2714\ufe0f Ma\u017eina pigmentacij\u0105 ir tolygina odos atspalv\u012f<br data-start=\"3968\" data-end=\"3971\" \/>\u2714\ufe0f Didina odos elastingum\u0105 ir stangrum\u0105<br data-start=\"4010\" data-end=\"4013\" \/>\u2714\ufe0f Suteikia odai spindesio ir gaivumo<\/p>\n","protected":false},"featured_media":62871,"template":"","meta":[],"pwb-brand":[1206],"product_brand":[],"product_cat":[738,746,734,752,740,724,748,728],"product_tag":[],"giftcard-category":[],"class_list":{"0":"post-59230","1":"product","2":"type-product","3":"status-publish","4":"has-post-thumbnail","6":"pwb-brand-medik8","7":"product_cat-drekinimas","8":"product_cat-jautriai-odai","9":"product_cat-oda-aplink-akis","10":"product_cat-pigmentacija-lt","11":"product_cat-sausai-odai","12":"product_cat-serumai","13":"product_cat-taukainai-adai-lt","14":"product_cat-vitaminas-a-retinolis","16":"first","17":"instock","18":"taxable","19":"shipping-taxable","20":"purchasable","21":"product-type-simple"},"acf":[],"brands":[{"id":1206,"name":"Medik8","slug":"medik8"}],"_links":{"self":[{"href":"https:\/\/skinstudio.ee\/lt\/wp-json\/wp\/v2\/product\/59230","targetHints":{"allow":["GET"]}}],"collection":[{"href":"https:\/\/skinstudio.ee\/lt\/wp-json\/wp\/v2\/product"}],"about":[{"href":"https:\/\/skinstudio.ee\/lt\/wp-json\/wp\/v2\/types\/product"}],"version-history":[{"count":0,"href":"https:\/\/skinstudio.ee\/lt\/wp-json\/wp\/v2\/product\/59230\/revisions"}],"wp:featuredmedia":[{"embeddable":true,"href":"https:\/\/skinstudio.ee\/lt\/wp-json\/wp\/v2\/media\/62871"}],"wp:attachment":[{"href":"https:\/\/skinstudio.ee\/lt\/wp-json\/wp\/v2\/media?parent=59230"}],"wp:term":[{"taxonomy":"pwb-brand","embeddable":true,"href":"https:\/\/skinstudio.ee\/lt\/wp-json\/wp\/v2\/pwb-brand?post=59230"},{"taxonomy":"product_brand","embeddable":true,"href":"https:\/\/skinstudio.ee\/lt\/wp-json\/wp\/v2\/product_brand?post=59230"},{"taxonomy":"product_cat","embeddable":true,"href":"https:\/\/skinstudio.ee\/lt\/wp-json\/wp\/v2\/product_cat?post=59230"},{"taxonomy":"product_tag","embeddable":true,"href":"https:\/\/skinstudio.ee\/lt\/wp-json\/wp\/v2\/product_tag?post=59230"},{"taxonomy":"giftcard-category","embeddable":true,"href":"https:\/\/skinstudio.ee\/lt\/wp-json\/wp\/v2\/giftcard-category?post=59230"}],"curies":[{"name":"wp","href":"https:\/\/api.w.org\/{rel}","templated":true}]}}