{"id":59239,"date":"2023-05-24T17:56:10","date_gmt":"2023-05-24T17:56:10","guid":{"rendered":"https:\/\/skinstudio.ee\/?post_type=product&#038;p=59239"},"modified":"2025-12-29T09:39:16","modified_gmt":"2025-12-29T09:39:16","slug":"calmwise-colour-correct","status":"publish","type":"product","link":"https:\/\/skinstudio.ee\/lt\/catalog\/medik8\/calmwise-colour-correct\/","title":{"rendered":"Calmwise\u2122 Colour Correct"},"content":{"rendered":"<p data-start=\"2151\" data-end=\"2394\"><strong data-start=\"2151\" data-end=\"2179\">Calmwise\u2122 Colour Correct<\/strong> \u2013 tai pilnavertis kremas, greitai ma\u017einantis odos paraudim\u0105 ir sudirginim\u0105. \u0160velni, bet veiksminga formul\u0117 veikia vos per kelias sekundes po u\u017etepimo, maitina ir atkuria od\u0105, suteikia jai glotnumo ir elastingumo.<\/p>\n<p data-start=\"2396\" data-end=\"2644\">\u0160e\u0161i tiksliniai poveikiai padeda suma\u017einti u\u017edegim\u0105, suma\u017einti odos jautrum\u0105 ir u\u017ekirsti keli\u0105 paraudimui ateityje. Kremas suteikia momentin\u012f palengv\u0117jim\u0105 ir ilgalaik\u0119 apsaug\u0105 nuo aplinkos veiksni\u0173, pad\u0117damas odai i\u0161likti ramiai ir subalansuotai.<\/p>\n<p data-start=\"2646\" data-end=\"2860\">D\u0117l aktyvi\u0173j\u0173 ingredient\u0173 komplekso Calmwise\u2122 Colour Correct stiprina odos apsaugin\u012f barjer\u0105, ma\u017eina diskomfort\u0105 ir jautrum\u0105. Lengva, bealkoholin\u0117 formul\u0117 tinka net labai jautriai odai ir puikiai dera su makia\u017eu.<\/p>\n<p data-start=\"2862\" data-end=\"3301\"><strong data-start=\"2862\" data-end=\"2887\">Aktyv\u016bs ingredientai:<\/strong><br data-start=\"2887\" data-end=\"2890\" \/>\u2013 <strong data-start=\"2892\" data-end=\"2923\">Niacinamidas (vitaminas B3)<\/strong> \u2013 stiprina odos barjer\u0105 ir ma\u017eina u\u017edegim\u0105.<br data-start=\"2967\" data-end=\"2970\" \/>\u2013 <strong data-start=\"2972\" data-end=\"2994\">Arnikos ekstraktas<\/strong> \u2013 padeda suma\u017einti kapiliar\u0173 trapum\u0105 ir paraudim\u0105.<br data-start=\"3045\" data-end=\"3048\" \/>\u2013 <strong data-start=\"3050\" data-end=\"3062\">Kofeinas<\/strong> \u2013 skatina mikrocirkuliacij\u0105 ir ma\u017eina matomus kapiliarus.<br data-start=\"3120\" data-end=\"3123\" \/>\u2013 <strong data-start=\"3125\" data-end=\"3140\">Chlorofilas<\/strong> \u2013 nat\u016bralus antioksidantas, suteikiantis \u0161veln\u0173 \u017ealsv\u0105 atspalv\u012f, kuris neutralizuoja paraudim\u0105.<br data-start=\"3236\" data-end=\"3239\" \/>\u2013 <strong data-start=\"3241\" data-end=\"3271\">Sald\u017ei\u0173j\u0173 apelsin\u0173 aliejus<\/strong> \u2013 mink\u0161tina ir gaivina od\u0105.<\/p>\n<p data-start=\"3303\" data-end=\"3321\"><strong data-start=\"3303\" data-end=\"3313\">T\u016bris:<\/strong> 50 ml<\/p>\n","protected":false},"excerpt":{"rendered":"<p data-start=\"3529\" data-end=\"3585\">Kremas-korektorius nuo paraudimo, kuperoz\u0117s ir ro\u017ein\u0117s<\/p>\n<h2 data-start=\"3587\" data-end=\"3862\"><strong data-start=\"3587\" data-end=\"3632\">MEDIK8 &#8211; Calmwise\u2122 Colour Correct savyb\u0117s<\/strong><\/h2>\n<p data-start=\"3587\" data-end=\"3862\">\u2714\ufe0f Reguliuoja kraujotak\u0105 ir ma\u017eina paraudim\u0105<br data-start=\"3679\" data-end=\"3682\" \/>\u2714\ufe0f Turi prie\u0161u\u017edegimin\u012f poveik\u012f<br data-start=\"3713\" data-end=\"3716\" \/>\u2714\ufe0f I\u0161kart maskuoja ir sulygina odos atspalv\u012f<br data-start=\"3760\" data-end=\"3763\" \/>\u2714\ufe0f Ma\u017eina odos jautrum\u0105 ir reaktyvum\u0105<br data-start=\"3800\" data-end=\"3803\" \/>\u2714\ufe0f Stiprina odos barjer\u0105 ir apsaugo nuo aplinkos poveikio<\/p>\n<p>&nbsp;<\/p>\n","protected":false},"featured_media":62846,"template":"","meta":[],"pwb-brand":[1206],"product_brand":[],"product_cat":[742,738,746,752,740,750,748],"product_tag":[],"giftcard-category":[],"class_list":{"0":"post-59239","1":"product","2":"type-product","3":"status-publish","4":"has-post-thumbnail","6":"pwb-brand-medik8","7":"product_cat-berimai","8":"product_cat-drekinimas","9":"product_cat-jautriai-odai","10":"product_cat-pigmentacija-lt","11":"product_cat-sausai-odai","12":"product_cat-senstanti-oda","13":"product_cat-taukainai-adai-lt","15":"first","16":"instock","17":"taxable","18":"shipping-taxable","19":"purchasable","20":"product-type-simple"},"acf":[],"brands":[{"id":1206,"name":"Medik8","slug":"medik8"}],"_links":{"self":[{"href":"https:\/\/skinstudio.ee\/lt\/wp-json\/wp\/v2\/product\/59239","targetHints":{"allow":["GET"]}}],"collection":[{"href":"https:\/\/skinstudio.ee\/lt\/wp-json\/wp\/v2\/product"}],"about":[{"href":"https:\/\/skinstudio.ee\/lt\/wp-json\/wp\/v2\/types\/product"}],"version-history":[{"count":0,"href":"https:\/\/skinstudio.ee\/lt\/wp-json\/wp\/v2\/product\/59239\/revisions"}],"wp:featuredmedia":[{"embeddable":true,"href":"https:\/\/skinstudio.ee\/lt\/wp-json\/wp\/v2\/media\/62846"}],"wp:attachment":[{"href":"https:\/\/skinstudio.ee\/lt\/wp-json\/wp\/v2\/media?parent=59239"}],"wp:term":[{"taxonomy":"pwb-brand","embeddable":true,"href":"https:\/\/skinstudio.ee\/lt\/wp-json\/wp\/v2\/pwb-brand?post=59239"},{"taxonomy":"product_brand","embeddable":true,"href":"https:\/\/skinstudio.ee\/lt\/wp-json\/wp\/v2\/product_brand?post=59239"},{"taxonomy":"product_cat","embeddable":true,"href":"https:\/\/skinstudio.ee\/lt\/wp-json\/wp\/v2\/product_cat?post=59239"},{"taxonomy":"product_tag","embeddable":true,"href":"https:\/\/skinstudio.ee\/lt\/wp-json\/wp\/v2\/product_tag?post=59239"},{"taxonomy":"giftcard-category","embeddable":true,"href":"https:\/\/skinstudio.ee\/lt\/wp-json\/wp\/v2\/giftcard-category?post=59239"}],"curies":[{"name":"wp","href":"https:\/\/api.w.org\/{rel}","templated":true}]}}