{"id":59254,"date":"2023-05-24T17:56:10","date_gmt":"2023-05-24T17:56:10","guid":{"rendered":"https:\/\/skinstudio.ee\/?post_type=product&#038;p=59254"},"modified":"2025-12-29T09:39:20","modified_gmt":"2025-12-29T09:39:20","slug":"r-retinoate","status":"publish","type":"product","link":"https:\/\/skinstudio.ee\/lt\/catalog\/medik8\/r-retinoate\/","title":{"rendered":"R-Retinoate\u00ae"},"content":{"rendered":"<p data-start=\"2172\" data-end=\"2467\"><strong data-start=\"2172\" data-end=\"2188\">R-Retinoate\u00ae<\/strong> \u2013 tai revoliucinis jaunyst\u0119 aktyvinantis kremas, kurio pagrindas yra patentuotas <strong data-start=\"2270\" data-end=\"2291\">retinilretinoatas<\/strong> \u2013 i\u0161skirtin\u0117 Medik8 A vitamino forma. Klini\u0161kai \u012frodyta, kad per vos 4 savaites jis pagerina odos atspalv\u012f, tekst\u016br\u0105 ir spindes\u012f be dirginimo, b\u016bdingo tradiciniam retinolui.<\/p>\n<p data-start=\"2469\" data-end=\"2651\">R-Retinoate\u00ae matomai suma\u017eina smulkias rauk\u0161les, suvienodina pigmentacij\u0105 ir atkuria odos \u0161vyt\u0117jim\u0105 bei skaistum\u0105. Nuolat naudojant oda tampa stangresn\u0117, lygesn\u0117 ir jaunatvi\u0161kesn\u0117.<\/p>\n<p data-start=\"2653\" data-end=\"2896\">Pa\u017eangi formul\u0117 sujungia A vitamin\u0105, antioksidantus ir giliai dr\u0117kinan\u010dius komponentus, tod\u0117l tinka net jautriai odai. Tinkamas naudoti <strong data-start=\"2789\" data-end=\"2807\">dien\u0105 ir nakt\u012f<\/strong>, jo \u0161ilkin\u0117 tekst\u016bra greitai susigeria, palikdama od\u0105 lygi\u0105, spindin\u010di\u0105 ir sudr\u0117kint\u0105.<\/p>\n<p data-start=\"2898\" data-end=\"3413\"><strong data-start=\"2898\" data-end=\"2923\">Aktyv\u016bs ingredientai:<\/strong><br data-start=\"2923\" data-end=\"2926\" \/>\u2013 <strong data-start=\"2928\" data-end=\"2949\">Retinilretinoatas<\/strong> \u2013 Medik8 patentuota A vitamino forma, 8 kartus stipresn\u0117 nei retinolis; skatina kolageno sintez\u0119 ir odos l\u0105steli\u0173 regeneracij\u0105 be sudirginimo.<br data-start=\"3092\" data-end=\"3095\" \/>\u2013 <strong data-start=\"3097\" data-end=\"3127\">Tetraheksildecilaskorbatas<\/strong> \u2013 stabilizuota C vitamino forma, saugo nuo laisv\u0173j\u0173 radikal\u0173 ir suteikia odai \u0161vyt\u0117jimo.<br data-start=\"3216\" data-end=\"3219\" \/>\u2013 <strong data-start=\"3221\" data-end=\"3242\">Hialurono r\u016bg\u0161tis<\/strong> \u2013 pritraukia ir i\u0161laiko dr\u0117gm\u0119 odoje ilgalaikiam dr\u0117kinimui.<br data-start=\"3303\" data-end=\"3306\" \/>\u2013 <strong data-start=\"3308\" data-end=\"3323\">E vitaminas<\/strong> \u2013 antioksidantas, stiprinantis C vitamino poveik\u012f ir apsaugantis nuo aplinkos poveikio.<\/p>\n<p data-start=\"3415\" data-end=\"3433\"><strong data-start=\"3415\" data-end=\"3425\">T\u016bris:<\/strong> 50 ml<\/p>\n","protected":false},"excerpt":{"rendered":"<p data-start=\"3716\" data-end=\"3767\">Jaunyst\u0119 aktyvinantis dieninis ir naktinis kremas<\/p>\n<h2 data-start=\"3769\" data-end=\"4074\"><strong data-start=\"3769\" data-end=\"3802\">Medik8 &#8211; R-Retinoate\u00ae Savyb\u0117s<\/strong><\/h2>\n<p data-start=\"3769\" data-end=\"4074\">\u2714\ufe0f Pagerina odos atspalv\u012f, tekst\u016br\u0105 ir \u0161vyt\u0117jim\u0105<br data-start=\"3853\" data-end=\"3856\" \/>\u2714\ufe0f Suma\u017eina smulkias rauk\u0161les ir pigmentacij\u0105<br data-start=\"3901\" data-end=\"3904\" \/>\u2714\ufe0f Suteikia odai \u0161varesn\u0119, lygesn\u0119 ir gaivesn\u0119 i\u0161vaizd\u0105<br data-start=\"3959\" data-end=\"3962\" \/>\u2714\ufe0f Giliai dr\u0117kina ir stiprina elastingum\u0105<br data-start=\"4003\" data-end=\"4006\" \/>\u2714\ufe0f Aktyvina l\u0105steli\u0173 regeneracij\u0105 ilgalaikiam jaunatvi\u0161kam efektui<\/p>\n","protected":false},"featured_media":62851,"template":"","meta":[],"pwb-brand":[1206],"product_brand":[],"product_cat":[742,738,744,746,752,740,750,724,748,728],"product_tag":[],"giftcard-category":[],"class_list":{"0":"post-59254","1":"product","2":"type-product","3":"status-publish","4":"has-post-thumbnail","6":"pwb-brand-medik8","7":"product_cat-berimai","8":"product_cat-drekinimas","9":"product_cat-issipletusios-poros","10":"product_cat-jautriai-odai","11":"product_cat-pigmentacija-lt","12":"product_cat-sausai-odai","13":"product_cat-senstanti-oda","14":"product_cat-serumai","15":"product_cat-taukainai-adai-lt","16":"product_cat-vitaminas-a-retinolis","18":"first","19":"instock","20":"taxable","21":"shipping-taxable","22":"purchasable","23":"product-type-simple"},"acf":[],"brands":[{"id":1206,"name":"Medik8","slug":"medik8"}],"_links":{"self":[{"href":"https:\/\/skinstudio.ee\/lt\/wp-json\/wp\/v2\/product\/59254","targetHints":{"allow":["GET"]}}],"collection":[{"href":"https:\/\/skinstudio.ee\/lt\/wp-json\/wp\/v2\/product"}],"about":[{"href":"https:\/\/skinstudio.ee\/lt\/wp-json\/wp\/v2\/types\/product"}],"version-history":[{"count":0,"href":"https:\/\/skinstudio.ee\/lt\/wp-json\/wp\/v2\/product\/59254\/revisions"}],"wp:featuredmedia":[{"embeddable":true,"href":"https:\/\/skinstudio.ee\/lt\/wp-json\/wp\/v2\/media\/62851"}],"wp:attachment":[{"href":"https:\/\/skinstudio.ee\/lt\/wp-json\/wp\/v2\/media?parent=59254"}],"wp:term":[{"taxonomy":"pwb-brand","embeddable":true,"href":"https:\/\/skinstudio.ee\/lt\/wp-json\/wp\/v2\/pwb-brand?post=59254"},{"taxonomy":"product_brand","embeddable":true,"href":"https:\/\/skinstudio.ee\/lt\/wp-json\/wp\/v2\/product_brand?post=59254"},{"taxonomy":"product_cat","embeddable":true,"href":"https:\/\/skinstudio.ee\/lt\/wp-json\/wp\/v2\/product_cat?post=59254"},{"taxonomy":"product_tag","embeddable":true,"href":"https:\/\/skinstudio.ee\/lt\/wp-json\/wp\/v2\/product_tag?post=59254"},{"taxonomy":"giftcard-category","embeddable":true,"href":"https:\/\/skinstudio.ee\/lt\/wp-json\/wp\/v2\/giftcard-category?post=59254"}],"curies":[{"name":"wp","href":"https:\/\/api.w.org\/{rel}","templated":true}]}}