{"id":59292,"date":"2023-05-24T17:56:10","date_gmt":"2023-05-24T17:56:10","guid":{"rendered":"https:\/\/skinstudio.ee\/?post_type=product&#038;p=59292"},"modified":"2025-12-29T09:39:16","modified_gmt":"2025-12-29T09:39:16","slug":"calmwise-serum","status":"publish","type":"product","link":"https:\/\/skinstudio.ee\/lt\/catalog\/medik8\/calmwise-serum\/","title":{"rendered":"Calmwise\u2122 Serum"},"content":{"rendered":"<p data-start=\"1948\" data-end=\"2188\"><strong data-start=\"1948\" data-end=\"1976\">Medik8 &#8211; Calmwise\u2122 Serum<\/strong> \u2013 maitinamasis ir atkuriamasis serumas su \u0161alavijo ekstraktu, sukurtas nuraminti od\u0105 ir suma\u017einti vis\u0173 tip\u0173 paraudimus. Jis stiprina nat\u016bral\u0173 odos apsaugin\u012f barjer\u0105, ma\u017eina jautrum\u0105 ir atkuria komforto poj\u016bt\u012f.<\/p>\n<p data-start=\"2190\" data-end=\"2452\">Serume esantis patentuotas aktyvus ingredientas <strong data-start=\"2238\" data-end=\"2252\">teprenonas<\/strong> klini\u0161kai \u012frodytai suma\u017eina paraudim\u0105 ir stiprina odos strukt\u016br\u0105. Tyrimai rodo, kad per vien\u0105 m\u0117nes\u012f paraudimas gali suma\u017e\u0117ti iki 30%, o oda tampa lygesn\u0117, ramesn\u0117 ir atsparesn\u0117 aplinkos poveikiui.<\/p>\n<p data-start=\"2454\" data-end=\"2768\"><strong data-start=\"2454\" data-end=\"2489\">Ekologi\u0161kas \u0161alavijo ekstraktas<\/strong> veikia kaip nat\u016bralus antioksidantas, padeda suma\u017einti u\u017edegim\u0105 ir apsaugo od\u0105 nuo oksidacinio streso. Lengva tekst\u016bra greitai \u012fsigeria, palikdama od\u0105 mink\u0161t\u0105, sudr\u0117kint\u0105 ir gaivi\u0105. Naudojant reguliariai, Calmwise Serum padeda atkurti tolyg\u0173 atspalv\u012f ir sveik\u0105 odos \u0161vyt\u0117jim\u0105.<\/p>\n<p data-start=\"2770\" data-end=\"3091\"><strong data-start=\"2770\" data-end=\"2795\">Aktyv\u016bs ingredientai:<\/strong><br data-start=\"2795\" data-end=\"2798\" \/>\u2013 <strong data-start=\"2800\" data-end=\"2814\">Teprenonas<\/strong> \u2013 patentuotas prie\u0161paraudiminis ingredientas, kuris prailgina odos l\u0105steli\u0173 gyvenimo trukm\u0119, stiprina barjer\u0105 ir ma\u017eina jautrum\u0105 i\u0161oriniams veiksniams.<br data-start=\"2966\" data-end=\"2969\" \/>\u2013 <strong data-start=\"2971\" data-end=\"3006\">Ekologi\u0161kas \u0161alavijo ekstraktas<\/strong> \u2013 nat\u016bralus antioksidantas, padedantis suma\u017einti dirginim\u0105, u\u017edegim\u0105 ir paraudim\u0105.<\/p>\n<p data-start=\"3093\" data-end=\"3111\"><strong data-start=\"3093\" data-end=\"3103\">T\u016bris:<\/strong> 15 ml<\/p>\n","protected":false},"excerpt":{"rendered":"<p data-start=\"3350\" data-end=\"3400\">Raminamasis serumas nuo paraudimo ir sudirginimo<\/p>\n<h2 data-start=\"3402\" data-end=\"3618\"><strong data-start=\"3402\" data-end=\"3438\">Medik8 &#8211; Calmwise\u2122 Serum Savyb\u0117s<\/strong><\/h2>\n<p data-start=\"3402\" data-end=\"3618\">\u2714\ufe0f Ramina jautri\u0105 ir sudirgusi\u0105 od\u0105<br data-start=\"3476\" data-end=\"3479\" \/>\u2714\ufe0f Ma\u017eina paraudim\u0105 ir u\u017edegim\u0105<br data-start=\"3510\" data-end=\"3513\" \/>\u2714\ufe0f Stiprina nat\u016bral\u0173 odos barjer\u0105<br data-start=\"3546\" data-end=\"3549\" \/>\u2714\ufe0f Dr\u0117kina ir mink\u0161tina<br data-start=\"3572\" data-end=\"3575\" \/>\u2714\ufe0f Atkuria sveik\u0105 ir tolyg\u0173 odos atspalv\u012f<\/p>\n","protected":false},"featured_media":62841,"template":"","meta":[],"pwb-brand":[1206],"product_brand":[],"product_cat":[742,738,746,752,740,750,724,748],"product_tag":[],"giftcard-category":[],"class_list":{"0":"post-59292","1":"product","2":"type-product","3":"status-publish","4":"has-post-thumbnail","6":"pwb-brand-medik8","7":"product_cat-berimai","8":"product_cat-drekinimas","9":"product_cat-jautriai-odai","10":"product_cat-pigmentacija-lt","11":"product_cat-sausai-odai","12":"product_cat-senstanti-oda","13":"product_cat-serumai","14":"product_cat-taukainai-adai-lt","16":"first","17":"instock","18":"taxable","19":"shipping-taxable","20":"purchasable","21":"product-type-simple"},"acf":[],"brands":[{"id":1206,"name":"Medik8","slug":"medik8"}],"_links":{"self":[{"href":"https:\/\/skinstudio.ee\/lt\/wp-json\/wp\/v2\/product\/59292","targetHints":{"allow":["GET"]}}],"collection":[{"href":"https:\/\/skinstudio.ee\/lt\/wp-json\/wp\/v2\/product"}],"about":[{"href":"https:\/\/skinstudio.ee\/lt\/wp-json\/wp\/v2\/types\/product"}],"version-history":[{"count":0,"href":"https:\/\/skinstudio.ee\/lt\/wp-json\/wp\/v2\/product\/59292\/revisions"}],"wp:featuredmedia":[{"embeddable":true,"href":"https:\/\/skinstudio.ee\/lt\/wp-json\/wp\/v2\/media\/62841"}],"wp:attachment":[{"href":"https:\/\/skinstudio.ee\/lt\/wp-json\/wp\/v2\/media?parent=59292"}],"wp:term":[{"taxonomy":"pwb-brand","embeddable":true,"href":"https:\/\/skinstudio.ee\/lt\/wp-json\/wp\/v2\/pwb-brand?post=59292"},{"taxonomy":"product_brand","embeddable":true,"href":"https:\/\/skinstudio.ee\/lt\/wp-json\/wp\/v2\/product_brand?post=59292"},{"taxonomy":"product_cat","embeddable":true,"href":"https:\/\/skinstudio.ee\/lt\/wp-json\/wp\/v2\/product_cat?post=59292"},{"taxonomy":"product_tag","embeddable":true,"href":"https:\/\/skinstudio.ee\/lt\/wp-json\/wp\/v2\/product_tag?post=59292"},{"taxonomy":"giftcard-category","embeddable":true,"href":"https:\/\/skinstudio.ee\/lt\/wp-json\/wp\/v2\/giftcard-category?post=59292"}],"curies":[{"name":"wp","href":"https:\/\/api.w.org\/{rel}","templated":true}]}}