{"id":59302,"date":"2023-05-24T17:56:10","date_gmt":"2023-05-24T17:56:10","guid":{"rendered":"https:\/\/skinstudio.ee\/?post_type=product&#038;p=59302"},"modified":"2026-02-19T11:45:27","modified_gmt":"2026-02-19T11:45:27","slug":"calmwise-soothing-cleanser","status":"publish","type":"product","link":"https:\/\/skinstudio.ee\/lt\/catalog\/medik8\/calmwise-soothing-cleanser\/","title":{"rendered":"Calmwise\u2122 Soothing Cleanser"},"content":{"rendered":"<p data-start=\"2164\" data-end=\"2412\"><strong data-start=\"2164\" data-end=\"2204\">Medik8 &#8211; Calmwise\u2122 Soothing Cleanser<\/strong> \u2013 \u0161velnios putos, specialiai sukurtos jautriai ir paraudimui linkusiai odai. Jos \u0161velniai valo od\u0105, nepa\u017eeisdamos apsauginio barjero ir nesukeldamos sudirginimo, palikdamos j\u0105 gaivi\u0105, rami\u0105 ir komforti\u0161k\u0105.<\/p>\n<p data-start=\"2414\" data-end=\"2808\">Formul\u0117 praturtinta aktyviais ingredientais, kurie stiprina kapiliarus, ma\u017eina jautrum\u0105 ir padeda atkurti nat\u016bral\u0173 odos balans\u0105. Patentinis ingredientas <strong data-start=\"2567\" data-end=\"2581\">teprenonas<\/strong> prailgina odos l\u0105steli\u0173 gyvenimo trukm\u0119 ir stiprina apsaugin\u012f barjer\u0105, o <strong data-start=\"2655\" data-end=\"2670\">chlorofilas<\/strong> \u0161velniai valo ir skatina odos regeneracij\u0105. <strong data-start=\"2715\" data-end=\"2731\">K2 vitaminas<\/strong> stiprina kapiliar\u0173 sieneles, ma\u017eina paraudim\u0105 ir gerina mikrocirkuliacij\u0105.<\/p>\n<p data-start=\"2810\" data-end=\"3023\">pH subalansuota, be sulfat\u0173, muilo ir kvapikli\u0173 formul\u0117 tinka net labai jautriai odai, taip pat turin\u010diai ro\u017ein\u0117s po\u017eymi\u0173. Lengva put\u0173 tekst\u016bra \u0161velniai, bet veiksmingai valo ir paruo\u0161ia od\u0105 tolesnei prie\u017ei\u016brai.<\/p>\n<p data-start=\"3025\" data-end=\"3386\"><strong data-start=\"3025\" data-end=\"3050\">Aktyv\u016bs ingredientai:<\/strong><br data-start=\"3050\" data-end=\"3053\" \/>\u2013 <strong data-start=\"3055\" data-end=\"3069\">Teprenonas<\/strong> \u2013 patentuotas ingredientas, ma\u017einantis paraudim\u0105, stiprinantis apsaugin\u012f odos barjer\u0105 ir ma\u017einantis jautrum\u0105.<br data-start=\"3179\" data-end=\"3182\" \/>\u2013 <strong data-start=\"3184\" data-end=\"3199\">Chlorofilas<\/strong> \u2013 nat\u016bralus antioksidantas, turintis valom\u0173j\u0173 savybi\u0173, atkuria odos gyvybingum\u0105 ir \u0161vyt\u0117jim\u0105.<br data-start=\"3293\" data-end=\"3296\" \/>\u2013 <strong data-start=\"3298\" data-end=\"3314\">K2 vitaminas<\/strong> \u2013 stiprina kapiliar\u0173 sieneles, ma\u017eina paraudim\u0105 ir gerina kraujotak\u0105.<\/p>\n<p data-start=\"3388\" data-end=\"3407\"><strong data-start=\"3388\" data-end=\"3398\">T\u016bris:<\/strong> 40 ml \/ 150 ml<\/p>\n","protected":false},"excerpt":{"rendered":"<p data-start=\"3678\" data-end=\"3711\">Raminan\u010dios putos jautriai odai<\/p>\n<h2 data-start=\"3713\" data-end=\"3960\"><strong data-start=\"3713\" data-end=\"3761\">Medik8 &#8211; Calmwise\u2122 Soothing Cleanser Savyb\u0117s<\/strong><\/h2>\n<p data-start=\"3713\" data-end=\"3960\">\u2714\ufe0f \u0160velniai, bet veiksmingai valo od\u0105<br data-start=\"3801\" data-end=\"3804\" \/>\u2714\ufe0f Ramina ir ma\u017eina jautrum\u0105<br data-start=\"3832\" data-end=\"3835\" \/>\u2714\ufe0f Stiprina ir atkuria kapiliarus<br data-start=\"3868\" data-end=\"3871\" \/>\u2714\ufe0f Ma\u017eina paraudim\u0105 ir stiprina apsaugin\u012f barjer\u0105<br data-start=\"3920\" data-end=\"3923\" \/>\u2714\ufe0f Paruo\u0161ia od\u0105 tolesnei prie\u017ei\u016brai<\/p>\n","protected":false},"featured_media":62836,"template":"","meta":[],"pwb-brand":[1206],"product_brand":[],"product_cat":[746,754,718],"product_tag":[],"giftcard-category":[],"class_list":{"0":"post-59302","1":"product","2":"type-product","3":"status-publish","4":"has-post-thumbnail","6":"pwb-brand-medik8","7":"product_cat-jautriai-odai","8":"product_cat-travel-size-lt","9":"product_cat-valymas","10":"pa_suurus-150ml-lt","11":"pa_suurus-40ml-lt","13":"first","14":"instock","15":"taxable","16":"shipping-taxable","17":"purchasable","18":"product-type-variable"},"acf":[],"brands":[{"id":1206,"name":"Medik8","slug":"medik8"}],"_links":{"self":[{"href":"https:\/\/skinstudio.ee\/lt\/wp-json\/wp\/v2\/product\/59302","targetHints":{"allow":["GET"]}}],"collection":[{"href":"https:\/\/skinstudio.ee\/lt\/wp-json\/wp\/v2\/product"}],"about":[{"href":"https:\/\/skinstudio.ee\/lt\/wp-json\/wp\/v2\/types\/product"}],"version-history":[{"count":1,"href":"https:\/\/skinstudio.ee\/lt\/wp-json\/wp\/v2\/product\/59302\/revisions"}],"predecessor-version":[{"id":82320,"href":"https:\/\/skinstudio.ee\/lt\/wp-json\/wp\/v2\/product\/59302\/revisions\/82320"}],"wp:featuredmedia":[{"embeddable":true,"href":"https:\/\/skinstudio.ee\/lt\/wp-json\/wp\/v2\/media\/62836"}],"wp:attachment":[{"href":"https:\/\/skinstudio.ee\/lt\/wp-json\/wp\/v2\/media?parent=59302"}],"wp:term":[{"taxonomy":"pwb-brand","embeddable":true,"href":"https:\/\/skinstudio.ee\/lt\/wp-json\/wp\/v2\/pwb-brand?post=59302"},{"taxonomy":"product_brand","embeddable":true,"href":"https:\/\/skinstudio.ee\/lt\/wp-json\/wp\/v2\/product_brand?post=59302"},{"taxonomy":"product_cat","embeddable":true,"href":"https:\/\/skinstudio.ee\/lt\/wp-json\/wp\/v2\/product_cat?post=59302"},{"taxonomy":"product_tag","embeddable":true,"href":"https:\/\/skinstudio.ee\/lt\/wp-json\/wp\/v2\/product_tag?post=59302"},{"taxonomy":"giftcard-category","embeddable":true,"href":"https:\/\/skinstudio.ee\/lt\/wp-json\/wp\/v2\/giftcard-category?post=59302"}],"curies":[{"name":"wp","href":"https:\/\/api.w.org\/{rel}","templated":true}]}}