{"id":59315,"date":"2023-05-24T17:57:30","date_gmt":"2023-05-24T17:57:30","guid":{"rendered":"https:\/\/skinstudio.ee\/?post_type=product&#038;p=59315"},"modified":"2025-12-29T09:39:19","modified_gmt":"2025-12-29T09:39:19","slug":"press-clear-refill","status":"publish","type":"product","link":"https:\/\/skinstudio.ee\/lt\/catalog\/medik8\/press-clear-refill\/","title":{"rendered":"Press &amp; Clear Refill"},"content":{"rendered":"<p data-start=\"2411\" data-end=\"3297\">Medik8 &#8211; Press &amp; Clear Refill yra gaivinantis eksfolijuojantis tonikas su 2% inkapsuliuota salicilo r\u016bg\u0161timi (BHA), sukurtas giliai i\u0161valyti od\u0105, i\u0161laikant jos nat\u016bral\u0173 balans\u0105. Jis padeda kovoti su netobulumais, i\u0161lygina odos tekst\u016br\u0105 ir pastebimai pagerina jos spindes\u012f \u2013 suteikdamas maksimal\u0173 komfort\u0105 be dirginimo.<br data-start=\"2770\" data-end=\"2773\" \/>\u0160is kasdienis tonikas \u201eviskas viename\u201c padeda \u0161alinti spuogus, u\u017ekerta keli\u0105 nauj\u0173 atsiradimui ir palaiko odos atsinaujinim\u0105. D\u0117l Medik8 inkapsuliacijos technologijos salicilo r\u016bg\u0161tis palaipsniui i\u0161siskiria odoje, suteikdama ilgalaikius rezultatus nepa\u017eeid\u017eiant apsauginio barjero.<br data-start=\"3054\" data-end=\"3057\" \/>Press &amp; Clear Refill ne tik valo poras, bet ir padeda suma\u017einti po spuog\u0173 atsiradusias d\u0117mes, nelyg\u0173 ton\u0105 ir paraudim\u0105. \u0160velni vandens pagrindo formul\u0117 yra lengva, gaivi ir nelipni \u2013 idealiai tinka kasdieniam naudojimui net jautriai odai.<\/p>\n<p data-start=\"3299\" data-end=\"3871\"><strong data-start=\"3299\" data-end=\"3324\">Aktyv\u016bs ingredientai:<\/strong><br data-start=\"3324\" data-end=\"3327\" \/>\u2013 2% salicilo r\u016bg\u0161tis (BHA) \u2013 inkapsuliuota forma \u0161velniai eksfoliuoja poras, valo od\u0105 ir gerina jos tekst\u016br\u0105, pakankamai \u0161velni kasdieniam naudojimui.<br data-start=\"3478\" data-end=\"3481\" \/>\u2013 2% traneksamo r\u016bg\u0161tis \u2013 skaistinantis ingredientas, padedantis suma\u017einti tamsias d\u0117mes ir po spuog\u0173 likusius p\u0117dsakus, suteikiant tolygesn\u0119 od\u0105.<br data-start=\"3627\" data-end=\"3630\" \/>\u2013 Sake ekstraktas \u2013 turtingas amino r\u016bg\u0161timis, \u0161is fermentuoto ry\u017ei\u0173 vandens ekstraktas maitina, dr\u0117kina ir stiprina nat\u016bral\u0173 odos barjer\u0105.<br data-start=\"3769\" data-end=\"3772\" \/>\u2013 Aloe Vera \u2013 raminantis augalinis ekstraktas, ma\u017einantis sudirginim\u0105 ir palaikantis odos dr\u0117gm\u0119.<\/p>\n<p data-start=\"3873\" data-end=\"3892\"><strong data-start=\"3873\" data-end=\"3883\">T\u016bris:<\/strong> 150 ml<\/p>\n","protected":false},"excerpt":{"rendered":"<p data-start=\"4207\" data-end=\"4283\">Eksfolijuojantis tonikas su 2% BHA pastebimai \u0161varesnei ir glotnesnei odai<\/p>\n<h2 data-start=\"4285\" data-end=\"4565\"><strong data-start=\"4285\" data-end=\"4326\">Medik8 &#8211; Press &amp; Clear Refill Savyb\u0117s<\/strong><\/h2>\n<p data-start=\"4285\" data-end=\"4565\">\u2714\ufe0f Padeda kovoti su spuogais ir netobulumais<br data-start=\"4373\" data-end=\"4376\" \/>\u2714\ufe0f Ma\u017eina postakn\u0117s ir pigmentines d\u0117mes<br data-start=\"4416\" data-end=\"4419\" \/>\u2714\ufe0f Skaistina ir lygina odos ton\u0105<br data-start=\"4451\" data-end=\"4454\" \/>\u2714\ufe0f Dr\u0117kina ir stiprina odos apsaugin\u012f barjer\u0105<br data-start=\"4499\" data-end=\"4502\" \/>\u2714\ufe0f Pakankamai \u0161velnus kasdieniam naudojimui net jautriai odai<\/p>\n<p data-start=\"4567\" data-end=\"4594\">Papildymas <span style=\"text-decoration: underline; color: #0000ff;\"><a style=\"color: #0000ff; text-decoration: underline;\" href=\"https:\/\/skinstudio.ee\/lt\/toode\/medik8\/press-clear\/\">\u0161iam produktui<\/a><\/span><\/p>\n","protected":false},"featured_media":62826,"template":"","meta":[],"pwb-brand":[1206],"product_brand":[],"product_cat":[742,744,748,722],"product_tag":[],"giftcard-category":[],"class_list":{"0":"post-59315","1":"product","2":"type-product","3":"status-publish","4":"has-post-thumbnail","6":"pwb-brand-medik8","7":"product_cat-berimai","8":"product_cat-issipletusios-poros","9":"product_cat-taukainai-adai-lt","10":"product_cat-toneriai","12":"first","13":"instock","14":"taxable","15":"shipping-taxable","16":"purchasable","17":"product-type-simple"},"acf":[],"brands":[{"id":1206,"name":"Medik8","slug":"medik8"}],"_links":{"self":[{"href":"https:\/\/skinstudio.ee\/lt\/wp-json\/wp\/v2\/product\/59315","targetHints":{"allow":["GET"]}}],"collection":[{"href":"https:\/\/skinstudio.ee\/lt\/wp-json\/wp\/v2\/product"}],"about":[{"href":"https:\/\/skinstudio.ee\/lt\/wp-json\/wp\/v2\/types\/product"}],"version-history":[{"count":0,"href":"https:\/\/skinstudio.ee\/lt\/wp-json\/wp\/v2\/product\/59315\/revisions"}],"wp:featuredmedia":[{"embeddable":true,"href":"https:\/\/skinstudio.ee\/lt\/wp-json\/wp\/v2\/media\/62826"}],"wp:attachment":[{"href":"https:\/\/skinstudio.ee\/lt\/wp-json\/wp\/v2\/media?parent=59315"}],"wp:term":[{"taxonomy":"pwb-brand","embeddable":true,"href":"https:\/\/skinstudio.ee\/lt\/wp-json\/wp\/v2\/pwb-brand?post=59315"},{"taxonomy":"product_brand","embeddable":true,"href":"https:\/\/skinstudio.ee\/lt\/wp-json\/wp\/v2\/product_brand?post=59315"},{"taxonomy":"product_cat","embeddable":true,"href":"https:\/\/skinstudio.ee\/lt\/wp-json\/wp\/v2\/product_cat?post=59315"},{"taxonomy":"product_tag","embeddable":true,"href":"https:\/\/skinstudio.ee\/lt\/wp-json\/wp\/v2\/product_tag?post=59315"},{"taxonomy":"giftcard-category","embeddable":true,"href":"https:\/\/skinstudio.ee\/lt\/wp-json\/wp\/v2\/giftcard-category?post=59315"}],"curies":[{"name":"wp","href":"https:\/\/api.w.org\/{rel}","templated":true}]}}