{"id":59330,"date":"2023-05-24T17:57:30","date_gmt":"2023-05-24T17:57:30","guid":{"rendered":"https:\/\/skinstudio.ee\/?post_type=product&#038;p=59330"},"modified":"2026-02-19T11:37:21","modified_gmt":"2026-02-19T11:37:21","slug":"press-clear","status":"publish","type":"product","link":"https:\/\/skinstudio.ee\/lt\/catalog\/medik8\/press-clear\/","title":{"rendered":"Press &amp; Clear"},"content":{"rendered":"<p data-start=\"2298\" data-end=\"3026\">Medik8 &#8211; Press &amp; Clear yra \u0161velnus, bet veiksmingas eksfolijuojantis tonikas su 2% BHA \u2013 inkapsuliuota salicilo r\u016bg\u0161timi \u2013 kuris pastebimai valo, lygina ir subalansuoja od\u0105. Jis padeda suma\u017einti netobulumus, perteklin\u012f riebal\u0173 kiek\u012f ir u\u017esikim\u0161usias poras, nepa\u017eeid\u017eiant nat\u016bralaus odos barjero.<br data-start=\"2593\" data-end=\"2596\" \/>Formul\u0117 \u201eviskas viename\u201c sujungia prevencij\u0105, aktyv\u0173 poveik\u012f ir atkuriam\u0105j\u0105 prie\u017ei\u016br\u0105, giliai dr\u0117kindama ir gerindama odos tekst\u016br\u0105. D\u0117l l\u0117to i\u0161siskyrimo technologijos salicilo r\u016bg\u0161tis \u0161velniai \u012fsiskverbia \u012f od\u0105, u\u017etikrindama komforti\u0161k\u0105 kasdien\u012f naudojim\u0105 net jautriai odai.<br data-start=\"2871\" data-end=\"2874\" \/>Lengva, vandens pagrindo tekst\u016bra greitai \u012fsigeria, nepalieka lipnumo ar riebumo poj\u016b\u010dio ir suteikia gaivumo bei \u0161varos jausm\u0105 po kiekvieno naudojimo.<\/p>\n<p data-start=\"3028\" data-end=\"3606\"><strong data-start=\"3028\" data-end=\"3053\">Aktyv\u016bs ingredientai:<\/strong><br data-start=\"3053\" data-end=\"3056\" \/>\u2013 <strong data-start=\"3058\" data-end=\"3087\">2% salicilo r\u016bg\u0161tis (BHA)<\/strong> \u2013 inkapsuliuota forma \u0161velniai eksfoliuoja poras, gerina odos tekst\u016br\u0105 ir padeda i\u0161vengti spuog\u0173, tinkama kasdieniam naudojimui.<br data-start=\"3216\" data-end=\"3219\" \/>\u2013 <strong data-start=\"3221\" data-end=\"3246\">2% traneksamo r\u016bg\u0161tis<\/strong> \u2013 skaistinantis ingredientas, padedantis suma\u017einti postakn\u0117s ir tamsias d\u0117mes, tolygina odos atspalv\u012f.<br data-start=\"3349\" data-end=\"3352\" \/>\u2013 <strong data-start=\"3354\" data-end=\"3373\">Sake ekstraktas<\/strong> \u2013 fermentuoto ry\u017ei\u0173 vandens ekstraktas, turtingas amino r\u016bg\u0161timis; maitina, dr\u0117kina ir stiprina odos apsaugin\u012f barjer\u0105.<br data-start=\"3493\" data-end=\"3496\" \/>\u2013 <strong data-start=\"3498\" data-end=\"3511\">Aloe Vera<\/strong> \u2013 raminantis augalinis ekstraktas, ma\u017einantis dirginim\u0105 ir palaikantis odos dr\u0117gm\u0117s balans\u0105.<\/p>\n<p data-start=\"3608\" data-end=\"3627\"><strong data-start=\"3608\" data-end=\"3618\">T\u016bris:<\/strong> 30 ml \/ 150 ml<\/p>\n","protected":false},"excerpt":{"rendered":"<p data-start=\"3955\" data-end=\"4018\">Eksfolijuojantis tonikas su 2% BHA \u0161variai ir \u0161vytin\u010diai odai<\/p>\n<h2 data-start=\"4020\" data-end=\"4274\"><strong data-start=\"4020\" data-end=\"4054\">Medik8 &#8211; Press &amp; Clear Savyb\u0117s<\/strong><\/h2>\n<p data-start=\"4020\" data-end=\"4274\">\u2714\ufe0f Padeda kovoti su spuogais, riebal\u0173 pertekliumi ir ink\u0161tirais<br data-start=\"4120\" data-end=\"4123\" \/>\u2714\ufe0f Ma\u017eina postakn\u0117s ir pigmentines d\u0117mes<br data-start=\"4163\" data-end=\"4166\" \/>\u2714\ufe0f Skaistina ir tolygina odos ton\u0105<br data-start=\"4200\" data-end=\"4203\" \/>\u2714\ufe0f Ramina ir dr\u0117kina net jautri\u0105 od\u0105<br data-start=\"4239\" data-end=\"4242\" \/>\u2714\ufe0f Tinka kasdieniam naudojimui<\/p>\n<p data-start=\"4276\" data-end=\"4353\"><span style=\"text-decoration: underline; color: #0000ff;\"><a style=\"color: #0000ff; text-decoration: underline;\" href=\"https:\/\/skinstudio.ee\/lt\/toode\/medik8-lt\/press-clear-refill\/\">Galima \u012fsigyti <span>Press &amp; Clear <\/span><span>papildym\u0105<\/span><\/a><\/span><\/p>\n","protected":false},"featured_media":62821,"template":"","meta":[],"pwb-brand":[1206],"product_brand":[],"product_cat":[742,744,748,722,754],"product_tag":[],"giftcard-category":[],"class_list":{"0":"post-59330","1":"product","2":"type-product","3":"status-publish","4":"has-post-thumbnail","6":"pwb-brand-medik8","7":"product_cat-berimai","8":"product_cat-issipletusios-poros","9":"product_cat-taukainai-adai-lt","10":"product_cat-toneriai","11":"product_cat-travel-size-lt","12":"pa_suurus-150ml-lt","13":"pa_suurus-30ml-lt","15":"first","16":"instock","17":"taxable","18":"shipping-taxable","19":"purchasable","20":"product-type-variable"},"acf":[],"brands":[{"id":1206,"name":"Medik8","slug":"medik8"}],"_links":{"self":[{"href":"https:\/\/skinstudio.ee\/lt\/wp-json\/wp\/v2\/product\/59330","targetHints":{"allow":["GET"]}}],"collection":[{"href":"https:\/\/skinstudio.ee\/lt\/wp-json\/wp\/v2\/product"}],"about":[{"href":"https:\/\/skinstudio.ee\/lt\/wp-json\/wp\/v2\/types\/product"}],"version-history":[{"count":1,"href":"https:\/\/skinstudio.ee\/lt\/wp-json\/wp\/v2\/product\/59330\/revisions"}],"predecessor-version":[{"id":82300,"href":"https:\/\/skinstudio.ee\/lt\/wp-json\/wp\/v2\/product\/59330\/revisions\/82300"}],"wp:featuredmedia":[{"embeddable":true,"href":"https:\/\/skinstudio.ee\/lt\/wp-json\/wp\/v2\/media\/62821"}],"wp:attachment":[{"href":"https:\/\/skinstudio.ee\/lt\/wp-json\/wp\/v2\/media?parent=59330"}],"wp:term":[{"taxonomy":"pwb-brand","embeddable":true,"href":"https:\/\/skinstudio.ee\/lt\/wp-json\/wp\/v2\/pwb-brand?post=59330"},{"taxonomy":"product_brand","embeddable":true,"href":"https:\/\/skinstudio.ee\/lt\/wp-json\/wp\/v2\/product_brand?post=59330"},{"taxonomy":"product_cat","embeddable":true,"href":"https:\/\/skinstudio.ee\/lt\/wp-json\/wp\/v2\/product_cat?post=59330"},{"taxonomy":"product_tag","embeddable":true,"href":"https:\/\/skinstudio.ee\/lt\/wp-json\/wp\/v2\/product_tag?post=59330"},{"taxonomy":"giftcard-category","embeddable":true,"href":"https:\/\/skinstudio.ee\/lt\/wp-json\/wp\/v2\/giftcard-category?post=59330"}],"curies":[{"name":"wp","href":"https:\/\/api.w.org\/{rel}","templated":true}]}}