{"id":59348,"date":"2023-05-24T17:57:30","date_gmt":"2023-05-24T17:57:30","guid":{"rendered":"https:\/\/skinstudio.ee\/?post_type=product&#038;p=59348"},"modified":"2025-12-29T09:39:19","modified_gmt":"2025-12-29T09:39:19","slug":"oxy-r-peptides","status":"publish","type":"product","link":"https:\/\/skinstudio.ee\/lt\/catalog\/medik8\/oxy-r-peptides\/","title":{"rendered":"Oxy-R Peptides"},"content":{"rendered":"<div class=\"tabs-wrapper\">\n<div class=\"tabs-containers\">\n<div class=\"tabs-containers-item is-active\" data-tab=\"BENEFITS\">\n<p data-start=\"2693\" data-end=\"2993\">Oxy-R Peptides \u2013 tai galingas tikslinio poveikio serumas, padedantis ma\u017einti hiperpigmentacij\u0105 ir atkurti tolyg\u0173, \u0161vytint\u012f odos atspalv\u012f. Formul\u0117 su 1% oksirezveratrolio koncentracija \u2013 vienu stipriausi\u0173 nat\u016brali\u0173 \u0161viesinan\u010di\u0173 komponent\u0173 \u2013 suteikia pastebim\u0105 rezultat\u0105 jau po keli\u0173 dien\u0173 naudojimo.<\/p>\n<p data-start=\"2995\" data-end=\"3417\">Sud\u0117tyje esantys <strong data-start=\"3012\" data-end=\"3035\">Oxyresveratrol (1%)<\/strong>, <strong data-start=\"3037\" data-end=\"3056\">Tetrapeptide-30<\/strong> ir <strong data-start=\"3060\" data-end=\"3090\">Acetyl Glycyl Beta-Alanine<\/strong> veikia trimis lygmenimis: ma\u017eina tirozinoz\u0117s aktyvum\u0105, stabdo perteklin\u0119 melanino gamyb\u0105 ir blokuoja jo perna\u0161\u0105 \u012f odos pavir\u0161i\u0173.<br data-start=\"3219\" data-end=\"3222\" \/><strong data-start=\"3222\" data-end=\"3243\">Hialurono r\u016bg\u0161tis<\/strong> intensyviai dr\u0117kina od\u0105, gerina jos elastingum\u0105 ir suteikia \u0161velnumo poj\u016bt\u012f. Lengvos, \u0161ilkin\u0117s tekst\u016bros serumas greitai \u012fsigeria, nepalikdamas lipnumo ar riebumo poj\u016b\u010dio.<\/p>\n<p data-start=\"3419\" data-end=\"3695\">Vartotoj\u0173 tyrimai patvirtina, kad tamsios d\u0117m\u0117s pastebimai pa\u0161vies\u0117ja jau po 4 savai\u010di\u0173, o oda tampa tolygesn\u0117 ir skaistesn\u0117. Formul\u0117 puikiai dera su bet kokia Medik8 odos prie\u017ei\u016bros rutina pagal CSA filosofij\u0105, sustiprindama C ir A vitamin\u0173 bei apsaugos nuo saul\u0117s poveik\u012f.<\/p>\n<p data-start=\"3697\" data-end=\"4239\"><strong data-start=\"3697\" data-end=\"3722\">Aktyv\u016bs ingredientai:<\/strong><br data-start=\"3722\" data-end=\"3725\" \/><strong data-start=\"3725\" data-end=\"3748\">Oxyresveratrol (1%)<\/strong> \u2013 stiprus nat\u016bralus \u0161viesinantis junginys i\u0161 \u0161ilkmed\u017ei\u0173 \u0161eimos, kuris slopina tirozinoz\u0117s aktyvum\u0105 ir padeda i\u0161lyginti odos atspalv\u012f.<br data-start=\"3882\" data-end=\"3885\" \/><strong data-start=\"3885\" data-end=\"3904\">Tetrapeptide-30<\/strong> \u2013 peptidas, ma\u017einantis tirozinoz\u0117s gamyb\u0105 ir neleid\u017eiantis susidaryti perteklinei melanino sankaupai.<br data-start=\"4006\" data-end=\"4009\" \/><strong data-start=\"4009\" data-end=\"4039\">Acetyl Glycyl Beta-Alanine<\/strong> \u2013 peptidas, blokuojantis melanino perna\u0161\u0105 \u012f odos pavir\u0161i\u0173 ir ma\u017einantis pigmentacijos matomum\u0105.<br data-start=\"4135\" data-end=\"4138\" \/><strong data-start=\"4138\" data-end=\"4159\">Hialurono r\u016bg\u0161tis<\/strong> \u2013 pritraukia ir i\u0161laiko dr\u0117gm\u0119, giliai dr\u0117kina od\u0105 ir gerina jos elastingum\u0105.<\/p>\n<p data-start=\"4241\" data-end=\"4261\"><strong data-start=\"4241\" data-end=\"4251\">T\u016bris:<\/strong> 2\u00d710 ml<\/p>\n<\/div>\n<\/div>\n<\/div>\n","protected":false},"excerpt":{"rendered":"<p data-start=\"4819\" data-end=\"4852\">\u0160viesinantis peptidinis serumas<\/p>\n<h2 data-start=\"4854\" data-end=\"5077\"><strong data-start=\"4854\" data-end=\"4889\">MEDIK8 &#8211; Oxy-R Peptides Savyb\u0117s<\/strong><\/h2>\n<p data-start=\"4854\" data-end=\"5077\">\u2714\ufe0f \u0160viesina ir tolygina odos atspalv\u012f<br data-start=\"4929\" data-end=\"4932\" \/>\u2714\ufe0f Ma\u017eina melanino aktyvum\u0105 odoje<br data-start=\"4965\" data-end=\"4968\" \/>\u2714\ufe0f Ma\u017eina tamsi\u0173 d\u0117mi\u0173 matomum\u0105<br data-start=\"4999\" data-end=\"5002\" \/>\u2714\ufe0f Dr\u0117kina ir gerina elastingum\u0105<br data-start=\"5034\" data-end=\"5037\" \/>\u2714\ufe0f Atkuria sveik\u0105 ir \u0161vytint\u012f spindes\u012f<\/p>\n","protected":false},"featured_media":62816,"template":"","meta":[],"pwb-brand":[1206],"product_brand":[],"product_cat":[752,724],"product_tag":[],"giftcard-category":[],"class_list":{"0":"post-59348","1":"product","2":"type-product","3":"status-publish","4":"has-post-thumbnail","6":"pwb-brand-medik8","7":"product_cat-pigmentacija-lt","8":"product_cat-serumai","10":"first","11":"instock","12":"taxable","13":"shipping-taxable","14":"purchasable","15":"product-type-simple"},"acf":[],"brands":[{"id":1206,"name":"Medik8","slug":"medik8"}],"_links":{"self":[{"href":"https:\/\/skinstudio.ee\/lt\/wp-json\/wp\/v2\/product\/59348","targetHints":{"allow":["GET"]}}],"collection":[{"href":"https:\/\/skinstudio.ee\/lt\/wp-json\/wp\/v2\/product"}],"about":[{"href":"https:\/\/skinstudio.ee\/lt\/wp-json\/wp\/v2\/types\/product"}],"version-history":[{"count":0,"href":"https:\/\/skinstudio.ee\/lt\/wp-json\/wp\/v2\/product\/59348\/revisions"}],"wp:featuredmedia":[{"embeddable":true,"href":"https:\/\/skinstudio.ee\/lt\/wp-json\/wp\/v2\/media\/62816"}],"wp:attachment":[{"href":"https:\/\/skinstudio.ee\/lt\/wp-json\/wp\/v2\/media?parent=59348"}],"wp:term":[{"taxonomy":"pwb-brand","embeddable":true,"href":"https:\/\/skinstudio.ee\/lt\/wp-json\/wp\/v2\/pwb-brand?post=59348"},{"taxonomy":"product_brand","embeddable":true,"href":"https:\/\/skinstudio.ee\/lt\/wp-json\/wp\/v2\/product_brand?post=59348"},{"taxonomy":"product_cat","embeddable":true,"href":"https:\/\/skinstudio.ee\/lt\/wp-json\/wp\/v2\/product_cat?post=59348"},{"taxonomy":"product_tag","embeddable":true,"href":"https:\/\/skinstudio.ee\/lt\/wp-json\/wp\/v2\/product_tag?post=59348"},{"taxonomy":"giftcard-category","embeddable":true,"href":"https:\/\/skinstudio.ee\/lt\/wp-json\/wp\/v2\/giftcard-category?post=59348"}],"curies":[{"name":"wp","href":"https:\/\/api.w.org\/{rel}","templated":true}]}}