{"id":59360,"date":"2023-05-24T17:57:37","date_gmt":"2023-05-24T17:57:37","guid":{"rendered":"https:\/\/skinstudio.ee\/?post_type=product&#038;p=59360"},"modified":"2025-12-29T09:39:19","modified_gmt":"2025-12-29T09:39:19","slug":"press-glow-refill","status":"publish","type":"product","link":"https:\/\/skinstudio.ee\/lt\/catalog\/medik8\/press-glow-refill\/","title":{"rendered":"Press &amp; Glow Refill"},"content":{"rendered":"<p data-start=\"2236\" data-end=\"2649\">Press &amp; Glow \u2013 tai dr\u0117kinantis r\u016bg\u0161tinis tonikas, kuris \u0161velniai eksfoliuoja odos pavir\u0161i\u0173, suteikdamas jai glotnumo, \u0161vyt\u0117jimo ir tolygesn\u012f atspalv\u012f su kiekvienu naudojimu. Formul\u0117 su polihidroksi r\u016bg\u0161timi glikonolaktonu veikia kaip dr\u0117gm\u0117s magnetas, u\u017etikrina gil\u0173 dr\u0117kinim\u0105 ir \u0161veln\u0173 atsinaujinim\u0105 be dirginimo. Tonikas nesausina, nelimpa ir nepalieka tempimo poj\u016b\u010dio, suteikdamas gaivumo ir komforto jausm\u0105.<\/p>\n<p data-start=\"2651\" data-end=\"3007\">Press &amp; Glow sujungia matomus rezultatus ir itin \u0161veln\u0173 eksfoliacijos poveik\u012f, padedant i\u0161lyginti odos atspalv\u012f, pagerinti tekst\u016br\u0105 ir atkurti nat\u016bral\u0173 \u0161vyt\u0117jim\u0105. Dygliuotosios kriau\u0161\u0117s \u017eied\u0173 ekstraktas stimuliuoja l\u0105steli\u0173 atsinaujinim\u0105, o oda tampa \u0161velnesn\u0117 ir lygesn\u0117. Formul\u0117 idealiai dera su A vitaminu, sustiprindama \u0161vyt\u0117jim\u0105 be jautrumo rizikos.<\/p>\n<p data-start=\"3009\" data-end=\"3068\">Kelias \u012f \u0161vytin\u010di\u0105 od\u0105 dar niekada nebuvo toks paprastas.<\/p>\n<p data-start=\"3070\" data-end=\"3566\"><strong data-start=\"3070\" data-end=\"3095\">Aktyv\u016bs ingredientai:<\/strong><br data-start=\"3095\" data-end=\"3098\" \/><strong data-start=\"3098\" data-end=\"3123\">Glikonolaktonas (PHA)<\/strong> \u2013 giliai dr\u0117kina od\u0105, \u0161velniai pa\u0161alina negyvas l\u0105steles, gerina tekst\u016br\u0105, atspalv\u012f ir nat\u016bral\u0173 spindes\u012f.<br data-start=\"3229\" data-end=\"3232\" \/><strong data-start=\"3232\" data-end=\"3275\">Dygliuotosios kriau\u0161\u0117s \u017eied\u0173 ekstraktas<\/strong> \u2013 aktyvina nat\u016bralius odos eksfoliacijos fermentus ir skatina atsinaujinimo proces\u0105.<br data-start=\"3360\" data-end=\"3363\" \/><strong data-start=\"3363\" data-end=\"3378\">A vitaminas<\/strong> \u2013 padeda atjauninti od\u0105 ir gerina bendr\u0105 jos i\u0161vaizd\u0105.<br data-start=\"3433\" data-end=\"3436\" \/><strong data-start=\"3436\" data-end=\"3473\">Aloe vera ir acai uog\u0173 ekstraktas<\/strong> \u2013 ramina, ma\u017eina sudirginim\u0105 ir intensyviai dr\u0117kina od\u0105, u\u017etikrindamas ilgalaik\u012f komfort\u0105.<\/p>\n<p data-start=\"3568\" data-end=\"3587\"><strong data-start=\"3568\" data-end=\"3578\">T\u016bris:<\/strong> 200 ml<\/p>\n","protected":false},"excerpt":{"rendered":"<div class=\"tabs-wrapper\">\n<div class=\"tabs-containers\">\n<div class=\"tabs-containers-item is-active\" data-tab=\"BENEFITS\">\n<p data-start=\"3944\" data-end=\"4012\">Kasdienis PHA eksfoliuojantis tonikas su fermentiniu aktyvatoriumi<\/p>\n<h2 data-start=\"4014\" data-end=\"4236\"><strong data-start=\"4014\" data-end=\"4054\">MEDIK8 &#8211; Press &amp; Glow Refill Savyb\u0117s<\/strong><\/h2>\n<p data-start=\"4014\" data-end=\"4236\">\u2714\ufe0f \u0160velniai eksfoliuoja ir atnaujina od\u0105<br data-start=\"4097\" data-end=\"4100\" \/>\u2714\ufe0f I\u0161lygina atspalv\u012f ir suteikia \u0161vyt\u0117jim\u0105<br data-start=\"4142\" data-end=\"4145\" \/>\u2714\ufe0f Atkuria nat\u016bral\u0173 spindes\u012f<br data-start=\"4173\" data-end=\"4176\" \/>\u2714\ufe0f Ramina ir giliai dr\u0117kina<br data-start=\"4203\" data-end=\"4206\" \/>\u2714\ufe0f Tinka visiems odos tipams<\/p>\n<p data-start=\"4238\" data-end=\"4273\">Papildymas <span style=\"text-decoration: underline; color: #0000ff;\"><a style=\"color: #0000ff; text-decoration: underline;\" href=\"https:\/\/skinstudio.ee\/lt\/toode\/medik8-lt\/press-glow\/\">pagrindiniam produktui<\/a><\/span><\/p>\n<\/div>\n<\/div>\n<\/div>\n","protected":false},"featured_media":62806,"template":"","meta":[],"pwb-brand":[1206],"product_brand":[],"product_cat":[752,740,748,722],"product_tag":[],"giftcard-category":[],"class_list":{"0":"post-59360","1":"product","2":"type-product","3":"status-publish","4":"has-post-thumbnail","6":"pwb-brand-medik8","7":"product_cat-pigmentacija-lt","8":"product_cat-sausai-odai","9":"product_cat-taukainai-adai-lt","10":"product_cat-toneriai","12":"first","13":"instock","14":"taxable","15":"shipping-taxable","16":"purchasable","17":"product-type-simple"},"acf":[],"brands":[{"id":1206,"name":"Medik8","slug":"medik8"}],"_links":{"self":[{"href":"https:\/\/skinstudio.ee\/lt\/wp-json\/wp\/v2\/product\/59360","targetHints":{"allow":["GET"]}}],"collection":[{"href":"https:\/\/skinstudio.ee\/lt\/wp-json\/wp\/v2\/product"}],"about":[{"href":"https:\/\/skinstudio.ee\/lt\/wp-json\/wp\/v2\/types\/product"}],"version-history":[{"count":0,"href":"https:\/\/skinstudio.ee\/lt\/wp-json\/wp\/v2\/product\/59360\/revisions"}],"wp:featuredmedia":[{"embeddable":true,"href":"https:\/\/skinstudio.ee\/lt\/wp-json\/wp\/v2\/media\/62806"}],"wp:attachment":[{"href":"https:\/\/skinstudio.ee\/lt\/wp-json\/wp\/v2\/media?parent=59360"}],"wp:term":[{"taxonomy":"pwb-brand","embeddable":true,"href":"https:\/\/skinstudio.ee\/lt\/wp-json\/wp\/v2\/pwb-brand?post=59360"},{"taxonomy":"product_brand","embeddable":true,"href":"https:\/\/skinstudio.ee\/lt\/wp-json\/wp\/v2\/product_brand?post=59360"},{"taxonomy":"product_cat","embeddable":true,"href":"https:\/\/skinstudio.ee\/lt\/wp-json\/wp\/v2\/product_cat?post=59360"},{"taxonomy":"product_tag","embeddable":true,"href":"https:\/\/skinstudio.ee\/lt\/wp-json\/wp\/v2\/product_tag?post=59360"},{"taxonomy":"giftcard-category","embeddable":true,"href":"https:\/\/skinstudio.ee\/lt\/wp-json\/wp\/v2\/giftcard-category?post=59360"}],"curies":[{"name":"wp","href":"https:\/\/api.w.org\/{rel}","templated":true}]}}