{"id":59460,"date":"2024-01-22T14:53:35","date_gmt":"2024-01-22T14:53:35","guid":{"rendered":"https:\/\/skinstudio.ee\/?post_type=product&#038;p=59460"},"modified":"2025-12-29T09:39:18","modified_gmt":"2025-12-29T09:39:18","slug":"intelligent-retinol-smoothing-night-cream","status":"publish","type":"product","link":"https:\/\/skinstudio.ee\/lt\/catalog\/medik8\/intelligent-retinol-smoothing-night-cream\/","title":{"rendered":"Intelligent Retinol Smoothing Night Cream"},"content":{"rendered":"<p data-start=\"2383\" data-end=\"2638\">Retinolis visame pasaulyje pripa\u017e\u012fstamas dermatolog\u0173 ir kosmetolog\u0173 kaip \u201eauksinis standartas\u201c kovojant su odos sen\u0117jimu. Jei norite efektyviai ma\u017einti sen\u0117jimo po\u017eymius ir pagerinti odos b\u016bkl\u0119, \u012ftraukite \u012f savo vakaro rutin\u0105 naktin\u012f krem\u0105 su retinoliu.<\/p>\n<p data-start=\"2640\" data-end=\"2940\">Night Ritual Vitamin A sud\u0117tyje yra 0,2% retinolio \u2013 optimali koncentracija tiems, kurie tik pradeda naudoti \u0161\u012f stipr\u0173 atjauninant\u012f ingredient\u0105. Lengvos tekst\u016bros kremas greitai \u012fsigeria \u012f od\u0105, u\u017etikrindamas aktyvi\u0173j\u0173 med\u017eiag\u0173 \u012fsiskverbim\u0105, skatinant l\u0105steli\u0173 atsinaujinim\u0105 ir didinant elastingum\u0105.<\/p>\n<p data-start=\"2942\" data-end=\"3153\">\u0160i formul\u0117 veikia kartu su nat\u016braliu odos naktiniu regeneracijos ciklu, pad\u0117dama atkurti odos stangrum\u0105, \u0161velnum\u0105 ir \u0161vyt\u0117jim\u0105. Tinka vis\u0173 tip\u0173 odai ir rekomenduojamas esant pirmiesiems fotosen\u0117jimo po\u017eymiams.<\/p>\n<p data-start=\"3155\" data-end=\"3676\"><strong data-start=\"3155\" data-end=\"3180\">Aktyv\u016bs ingredientai:<\/strong><br data-start=\"3180\" data-end=\"3183\" \/><strong data-start=\"3183\" data-end=\"3201\">0,2% Retinolis<\/strong> \u2013 stimuliuoja nat\u016bralius odos atsinaujinimo procesus, aktyvina kolageno gamyb\u0105 ir suteikia matom\u0105 atjauninant\u012f efekt\u0105.<br data-start=\"3320\" data-end=\"3323\" \/><strong data-start=\"3323\" data-end=\"3336\">Argininas<\/strong> \u2013 svarbi aminor\u016bg\u0161tis, kuri skatina audini\u0173 gijim\u0105, gerina odos tonus\u0105 ir padeda i\u0161vengti prie\u0161laikinio sen\u0117jimo.<br data-start=\"3450\" data-end=\"3453\" \/><strong data-start=\"3453\" data-end=\"3477\">Pitahajos ekstraktas<\/strong> \u2013 turtingas antioksidantais, stiprina, tonizuoja ir suteikia odai energijos.<br data-start=\"3554\" data-end=\"3557\" \/><strong data-start=\"3557\" data-end=\"3572\">E vitaminas<\/strong> \u2013 stiprina antioksidacin\u0119 apsaug\u0105, padeda atkurti odos l\u0105steles ir pagerina tekst\u016br\u0105 bei elastingum\u0105.<\/p>\n<p data-start=\"3678\" data-end=\"3696\"><strong data-start=\"3678\" data-end=\"3688\">T\u016bris:<\/strong> 50 ml<\/p>\n","protected":false},"excerpt":{"rendered":"<p data-start=\"4086\" data-end=\"4130\">Atjauninantis naktinis kremas su retinoliu<\/p>\n<h2 data-start=\"4132\" data-end=\"4402\"><strong data-start=\"4132\" data-end=\"4194\">MEDIK8 &#8211; Intelligent Retinol Smoothing Night Cream Savyb\u0117s<\/strong><\/h2>\n<p data-start=\"4132\" data-end=\"4402\">\u2714\ufe0f U\u017etikrina veiksming\u0105 prie\u0161rauk\u0161lin\u0119 prie\u017ei\u016br\u0105<br data-start=\"4245\" data-end=\"4248\" \/>\u2714\ufe0f Atnaujina ir regeneruoja od\u0105<br data-start=\"4279\" data-end=\"4282\" \/>\u2714\ufe0f Stangrina ir gerina elastingum\u0105<br data-start=\"4316\" data-end=\"4319\" \/>\u2714\ufe0f Padeda i\u0161vengti prie\u0161laikinio sen\u0117jimo<br data-start=\"4360\" data-end=\"4363\" \/>\u2714\ufe0f Pagerina odos tekst\u016br\u0105 ir atspalv\u012f<\/p>\n","protected":false},"featured_media":62786,"template":"","meta":[],"pwb-brand":[1206],"product_brand":[],"product_cat":[738,750,728],"product_tag":[],"giftcard-category":[],"class_list":{"0":"post-59460","1":"product","2":"type-product","3":"status-publish","4":"has-post-thumbnail","6":"pwb-brand-medik8","7":"product_cat-drekinimas","8":"product_cat-senstanti-oda","9":"product_cat-vitaminas-a-retinolis","11":"first","12":"instock","13":"taxable","14":"shipping-taxable","15":"purchasable","16":"product-type-simple"},"acf":[],"brands":[{"id":1206,"name":"Medik8","slug":"medik8"}],"_links":{"self":[{"href":"https:\/\/skinstudio.ee\/lt\/wp-json\/wp\/v2\/product\/59460","targetHints":{"allow":["GET"]}}],"collection":[{"href":"https:\/\/skinstudio.ee\/lt\/wp-json\/wp\/v2\/product"}],"about":[{"href":"https:\/\/skinstudio.ee\/lt\/wp-json\/wp\/v2\/types\/product"}],"version-history":[{"count":0,"href":"https:\/\/skinstudio.ee\/lt\/wp-json\/wp\/v2\/product\/59460\/revisions"}],"wp:featuredmedia":[{"embeddable":true,"href":"https:\/\/skinstudio.ee\/lt\/wp-json\/wp\/v2\/media\/62786"}],"wp:attachment":[{"href":"https:\/\/skinstudio.ee\/lt\/wp-json\/wp\/v2\/media?parent=59460"}],"wp:term":[{"taxonomy":"pwb-brand","embeddable":true,"href":"https:\/\/skinstudio.ee\/lt\/wp-json\/wp\/v2\/pwb-brand?post=59460"},{"taxonomy":"product_brand","embeddable":true,"href":"https:\/\/skinstudio.ee\/lt\/wp-json\/wp\/v2\/product_brand?post=59460"},{"taxonomy":"product_cat","embeddable":true,"href":"https:\/\/skinstudio.ee\/lt\/wp-json\/wp\/v2\/product_cat?post=59460"},{"taxonomy":"product_tag","embeddable":true,"href":"https:\/\/skinstudio.ee\/lt\/wp-json\/wp\/v2\/product_tag?post=59460"},{"taxonomy":"giftcard-category","embeddable":true,"href":"https:\/\/skinstudio.ee\/lt\/wp-json\/wp\/v2\/giftcard-category?post=59460"}],"curies":[{"name":"wp","href":"https:\/\/api.w.org\/{rel}","templated":true}]}}