{"id":59530,"date":"2024-06-03T09:39:22","date_gmt":"2024-06-03T09:39:22","guid":{"rendered":"https:\/\/skinstudio.ee\/?post_type=product&#038;p=59530"},"modified":"2025-12-29T09:56:56","modified_gmt":"2025-12-29T09:56:56","slug":"image-md-restoring-brightening-creme","status":"publish","type":"product","link":"https:\/\/skinstudio.ee\/lt\/catalog\/image-skincare\/image-md-restoring-brightening-creme\/","title":{"rendered":"MD Restoring Brightening Cr\u00e8me"},"content":{"rendered":"<p data-start=\"1700\" data-end=\"2156\"><strong data-start=\"1700\" data-end=\"1742\">IMAGE MD Restoring Brightening Cr\u00e8me<\/strong> &#8211; tai \u0161viesinantis ir odos atspalv\u012f tolyginantis naktinis kremas, kuris padeda atkurti odos skaist\u0105 spindes\u012f ir \u0161velnum\u0105, suteikdamas pastebimai \u0161vytint\u012f efekt\u0105 jau po keli\u0173 naudojim\u0173.<br data-start=\"1927\" data-end=\"1930\" \/>Praturtintas saldymed\u017eio \u0161aknies ekstraktu ir stabilizuotu vitaminu C, <strong data-start=\"2001\" data-end=\"2032\">Restoring Brightening Cr\u00e8me<\/strong> padeda suma\u017einti tamsias d\u0117mes, poakn\u0117s \u017eymes ir fotosen\u0117jimo po\u017eymius, palikdamas od\u0105 lygi\u0105, subalansuot\u0105 ir spindin\u010di\u0105.<\/p>\n<p data-start=\"2158\" data-end=\"2437\">Peptid\u0173 ir augalini\u0173 ekstrakt\u0173 kompleksas skatina l\u0105steli\u0173 atsinaujinim\u0105, gerina tekst\u016br\u0105 bei gr\u0105\u017eina odai elastingum\u0105 ir \u0161velnum\u0105. Reguliariai naudojant <strong data-start=\"2312\" data-end=\"2352\">IMAGE MD Restoring Brightening Cr\u00e8me<\/strong>, oda tampa skaistesn\u0117, atspalvis tolygesnis, o veidas atrodo sveikas ir pails\u0117j\u0119s.<\/p>\n<p data-start=\"2439\" data-end=\"2457\"><strong data-start=\"2439\" data-end=\"2449\">T\u016bris:<\/strong> 30 ml<\/p>\n","protected":false},"excerpt":{"rendered":"<p data-start=\"2690\" data-end=\"2720\">\u0160viesinantis naktinis kremas<\/p>\n<h2 data-start=\"2722\" data-end=\"2998\"><strong data-start=\"2722\" data-end=\"2772\">IMAGE MD Restoring Brightening Cr\u00e8me Savyb\u0117s<\/strong><\/h2>\n<p data-start=\"2722\" data-end=\"2998\">\u2714\ufe0f \u0160viesina od\u0105 ir tolygina atspalv\u012f<br data-start=\"2811\" data-end=\"2814\" \/>\u2714\ufe0f Ma\u017eina tamsias d\u0117mes ir poakn\u0117s \u017eymes<br data-start=\"2854\" data-end=\"2857\" \/>\u2714\ufe0f Skatina l\u0105steli\u0173 atsinaujinim\u0105 peptidais ir ekstraktais<br data-start=\"2915\" data-end=\"2918\" \/>\u2714\ufe0f Mink\u0161tina od\u0105 ir gerina elastingum\u0105<br data-start=\"2956\" data-end=\"2959\" \/>\u2714\ufe0f Suteikia odai skaistumo ir gaivumo<\/p>\n","protected":false},"featured_media":62208,"template":"","meta":[],"pwb-brand":[1135],"product_brand":[],"product_cat":[738,752],"product_tag":[],"giftcard-category":[],"class_list":{"0":"post-59530","1":"product","2":"type-product","3":"status-publish","4":"has-post-thumbnail","6":"pwb-brand-image-skincare","7":"product_cat-drekinimas","8":"product_cat-pigmentacija-lt","10":"first","11":"instock","12":"sale","13":"taxable","14":"shipping-taxable","15":"purchasable","16":"product-type-simple"},"acf":[],"brands":[{"id":1135,"name":"Image Skincare","slug":"image-skincare"}],"_links":{"self":[{"href":"https:\/\/skinstudio.ee\/lt\/wp-json\/wp\/v2\/product\/59530","targetHints":{"allow":["GET"]}}],"collection":[{"href":"https:\/\/skinstudio.ee\/lt\/wp-json\/wp\/v2\/product"}],"about":[{"href":"https:\/\/skinstudio.ee\/lt\/wp-json\/wp\/v2\/types\/product"}],"version-history":[{"count":0,"href":"https:\/\/skinstudio.ee\/lt\/wp-json\/wp\/v2\/product\/59530\/revisions"}],"wp:featuredmedia":[{"embeddable":true,"href":"https:\/\/skinstudio.ee\/lt\/wp-json\/wp\/v2\/media\/62208"}],"wp:attachment":[{"href":"https:\/\/skinstudio.ee\/lt\/wp-json\/wp\/v2\/media?parent=59530"}],"wp:term":[{"taxonomy":"pwb-brand","embeddable":true,"href":"https:\/\/skinstudio.ee\/lt\/wp-json\/wp\/v2\/pwb-brand?post=59530"},{"taxonomy":"product_brand","embeddable":true,"href":"https:\/\/skinstudio.ee\/lt\/wp-json\/wp\/v2\/product_brand?post=59530"},{"taxonomy":"product_cat","embeddable":true,"href":"https:\/\/skinstudio.ee\/lt\/wp-json\/wp\/v2\/product_cat?post=59530"},{"taxonomy":"product_tag","embeddable":true,"href":"https:\/\/skinstudio.ee\/lt\/wp-json\/wp\/v2\/product_tag?post=59530"},{"taxonomy":"giftcard-category","embeddable":true,"href":"https:\/\/skinstudio.ee\/lt\/wp-json\/wp\/v2\/giftcard-category?post=59530"}],"curies":[{"name":"wp","href":"https:\/\/api.w.org\/{rel}","templated":true}]}}