{"id":59542,"date":"2024-05-20T11:14:11","date_gmt":"2024-05-20T11:14:11","guid":{"rendered":"https:\/\/skinstudio.ee\/?post_type=product&#038;p=59542"},"modified":"2025-12-29T09:56:58","modified_gmt":"2025-12-29T09:56:58","slug":"vital-c-core-four-trial-kit","status":"publish","type":"product","link":"https:\/\/skinstudio.ee\/lt\/catalog\/image-skincare\/vital-c-core-four-trial-kit\/","title":{"rendered":"Vital C Core Four Trial Kit"},"content":{"rendered":"<p data-start=\"1435\" data-end=\"1763\"><strong data-start=\"1435\" data-end=\"1456\">VITAL C Core Four<\/strong> rinkinys sukurtas kasdienei odos prie\u017ei\u016brai, atsi\u017evelgiant \u012f visus jos poreikius \u2013 nuo valymo iki naktinio kremo.<br data-start=\"1570\" data-end=\"1573\" \/>Idealiai tinka tiems, kuriuos vargina odos sausumas, paraudimas, pirmosios rauk\u0161l\u0117s, prarastas spindesys ar netolygus atspalvis.<br data-start=\"1701\" data-end=\"1704\" \/>Bandomojo rinkinio pakanka ma\u017edaug 7\u201310 dien\u0173 naudojimui.<\/p>\n","protected":false},"excerpt":{"rendered":"<h2><strong data-start=\"2274\" data-end=\"2306\">Rinkinyje esantys produktai:<\/strong><\/h2>\n<p>\u2714\ufe0f VITAL C dr\u0117kinamasis prausiklis<br data-start=\"2347\" data-end=\"2350\" \/>\u2714\ufe0f VITAL C dr\u0117kinamasis prie\u0161rauk\u0161linis serumas<br data-start=\"2401\" data-end=\"2404\" \/>\u2714\ufe0f VITAL C dr\u0117kinamasis ir atkuriamasis naktinis kremas<br data-start=\"2463\" data-end=\"2466\" \/>\u2714\ufe0f DAILY PREVENTION Smartblend dieninis kremas SPF 50+<\/p>\n","protected":false},"featured_media":62459,"template":"","meta":[],"pwb-brand":[1135],"product_brand":[],"product_cat":[754],"product_tag":[],"giftcard-category":[],"class_list":{"0":"post-59542","1":"product","2":"type-product","3":"status-publish","4":"has-post-thumbnail","6":"pwb-brand-image-skincare","7":"product_cat-travel-size-lt","9":"first","10":"instock","11":"taxable","12":"shipping-taxable","13":"purchasable","14":"product-type-simple"},"acf":[],"brands":[{"id":1135,"name":"Image Skincare","slug":"image-skincare"}],"_links":{"self":[{"href":"https:\/\/skinstudio.ee\/lt\/wp-json\/wp\/v2\/product\/59542","targetHints":{"allow":["GET"]}}],"collection":[{"href":"https:\/\/skinstudio.ee\/lt\/wp-json\/wp\/v2\/product"}],"about":[{"href":"https:\/\/skinstudio.ee\/lt\/wp-json\/wp\/v2\/types\/product"}],"version-history":[{"count":0,"href":"https:\/\/skinstudio.ee\/lt\/wp-json\/wp\/v2\/product\/59542\/revisions"}],"wp:featuredmedia":[{"embeddable":true,"href":"https:\/\/skinstudio.ee\/lt\/wp-json\/wp\/v2\/media\/62459"}],"wp:attachment":[{"href":"https:\/\/skinstudio.ee\/lt\/wp-json\/wp\/v2\/media?parent=59542"}],"wp:term":[{"taxonomy":"pwb-brand","embeddable":true,"href":"https:\/\/skinstudio.ee\/lt\/wp-json\/wp\/v2\/pwb-brand?post=59542"},{"taxonomy":"product_brand","embeddable":true,"href":"https:\/\/skinstudio.ee\/lt\/wp-json\/wp\/v2\/product_brand?post=59542"},{"taxonomy":"product_cat","embeddable":true,"href":"https:\/\/skinstudio.ee\/lt\/wp-json\/wp\/v2\/product_cat?post=59542"},{"taxonomy":"product_tag","embeddable":true,"href":"https:\/\/skinstudio.ee\/lt\/wp-json\/wp\/v2\/product_tag?post=59542"},{"taxonomy":"giftcard-category","embeddable":true,"href":"https:\/\/skinstudio.ee\/lt\/wp-json\/wp\/v2\/giftcard-category?post=59542"}],"curies":[{"name":"wp","href":"https:\/\/api.w.org\/{rel}","templated":true}]}}