{"id":59551,"date":"2024-05-20T11:39:38","date_gmt":"2024-05-20T11:39:38","guid":{"rendered":"https:\/\/skinstudio.ee\/?post_type=product&#038;p=59551"},"modified":"2025-12-29T09:56:59","modified_gmt":"2025-12-29T09:56:59","slug":"vital-c-hydrating-intense-moisturizer","status":"publish","type":"product","link":"https:\/\/skinstudio.ee\/lt\/catalog\/image-skincare\/vital-c-hydrating-intense-moisturizer\/","title":{"rendered":"Vital C Hydrating Intense Moisturizer"},"content":{"rendered":"<p data-start=\"1412\" data-end=\"1873\"><strong data-start=\"1412\" data-end=\"1453\">Vital C Hydrating Intense Moisturizer<\/strong> \u2013 intensyviai dr\u0117kinantis kremas, kurio \u0161ilkin\u0117 tekst\u016bra akimirksniu pripildo od\u0105 dr\u0117gm\u0117s ir suteikia \u0161velnumo, glotnumo bei komforto.<br data-start=\"1588\" data-end=\"1591\" \/>Praturtintas hialurono r\u016bg\u0161timi ir vitaminu C, \u0161is kremas padeda atkurti odos elastingum\u0105, stiprina apsaugin\u012f barjer\u0105 ir suteikia sveiko spindesio.<br data-start=\"1738\" data-end=\"1741\" \/>Turtinga, bet lengva formul\u0117 giliai maitina net saus\u0105 ir jautri\u0105 od\u0105, saugodama j\u0105 nuo dehidratacijos ir aplinkos streso vis\u0105 dien\u0105.<\/p>\n<p data-start=\"1875\" data-end=\"1893\"><strong data-start=\"1875\" data-end=\"1885\">T\u016bris:<\/strong> 50 ml<\/p>\n","protected":false},"excerpt":{"rendered":"<p data-start=\"2008\" data-end=\"2046\">Intensyviai dr\u0117kinantis veido kremas<\/p>\n<h2 data-start=\"2048\" data-end=\"2342\"><strong data-start=\"2048\" data-end=\"2114\">IMAGE Skincare &#8211; Vital C Hydrating Intense Moisturizer Savyb\u0117s<\/strong><\/h2>\n<p data-start=\"2048\" data-end=\"2342\">\u2714\ufe0f Greitai atkuria saus\u0105 ir dehidratuot\u0105 od\u0105<br data-start=\"2161\" data-end=\"2164\" \/>\u2714\ufe0f Stiprina apsaugin\u012f barjer\u0105 ir sulaiko dr\u0117gm\u0119<br data-start=\"2211\" data-end=\"2214\" \/>\u2714\ufe0f Saugo nuo i\u0161orini\u0173 streso veiksni\u0173<br data-start=\"2251\" data-end=\"2254\" \/>\u2714\ufe0f Gerina elastingum\u0105 ir stangrum\u0105<br data-start=\"2288\" data-end=\"2291\" \/>\u2714\ufe0f Suteikia odai \u0161velnumo ir nat\u016bralaus \u0161vyt\u0117jimo<\/p>\n","protected":false},"featured_media":62444,"template":"","meta":[],"pwb-brand":[1135],"product_brand":[],"product_cat":[738,740,750],"product_tag":[],"giftcard-category":[],"class_list":{"0":"post-59551","1":"product","2":"type-product","3":"status-publish","4":"has-post-thumbnail","6":"pwb-brand-image-skincare","7":"product_cat-drekinimas","8":"product_cat-sausai-odai","9":"product_cat-senstanti-oda","11":"first","12":"instock","13":"sale","14":"taxable","15":"shipping-taxable","16":"purchasable","17":"product-type-simple"},"acf":[],"brands":[{"id":1135,"name":"Image Skincare","slug":"image-skincare"}],"_links":{"self":[{"href":"https:\/\/skinstudio.ee\/lt\/wp-json\/wp\/v2\/product\/59551","targetHints":{"allow":["GET"]}}],"collection":[{"href":"https:\/\/skinstudio.ee\/lt\/wp-json\/wp\/v2\/product"}],"about":[{"href":"https:\/\/skinstudio.ee\/lt\/wp-json\/wp\/v2\/types\/product"}],"version-history":[{"count":0,"href":"https:\/\/skinstudio.ee\/lt\/wp-json\/wp\/v2\/product\/59551\/revisions"}],"wp:featuredmedia":[{"embeddable":true,"href":"https:\/\/skinstudio.ee\/lt\/wp-json\/wp\/v2\/media\/62444"}],"wp:attachment":[{"href":"https:\/\/skinstudio.ee\/lt\/wp-json\/wp\/v2\/media?parent=59551"}],"wp:term":[{"taxonomy":"pwb-brand","embeddable":true,"href":"https:\/\/skinstudio.ee\/lt\/wp-json\/wp\/v2\/pwb-brand?post=59551"},{"taxonomy":"product_brand","embeddable":true,"href":"https:\/\/skinstudio.ee\/lt\/wp-json\/wp\/v2\/product_brand?post=59551"},{"taxonomy":"product_cat","embeddable":true,"href":"https:\/\/skinstudio.ee\/lt\/wp-json\/wp\/v2\/product_cat?post=59551"},{"taxonomy":"product_tag","embeddable":true,"href":"https:\/\/skinstudio.ee\/lt\/wp-json\/wp\/v2\/product_tag?post=59551"},{"taxonomy":"giftcard-category","embeddable":true,"href":"https:\/\/skinstudio.ee\/lt\/wp-json\/wp\/v2\/giftcard-category?post=59551"}],"curies":[{"name":"wp","href":"https:\/\/api.w.org\/{rel}","templated":true}]}}