{"id":59561,"date":"2024-05-20T12:47:12","date_gmt":"2024-05-20T12:47:12","guid":{"rendered":"https:\/\/skinstudio.ee\/?post_type=product&#038;p=59561"},"modified":"2026-02-24T15:20:49","modified_gmt":"2026-02-24T15:20:49","slug":"vital-c-hydrating-anti-aging-serum","status":"publish","type":"product","link":"https:\/\/skinstudio.ee\/lt\/catalog\/image-skincare\/vital-c-hydrating-anti-aging-serum\/","title":{"rendered":"Vital C Hydrating Anti-Aging Serum"},"content":{"rendered":"<p data-start=\"1481\" data-end=\"1816\">M\u016bs\u0173 populiariausias <strong data-start=\"1502\" data-end=\"1540\">Vital C Hydrating Anti-Aging Serum<\/strong> su gaiviu apelsin\u0173 aromatu tinka visiems odos tipams ir akimirksniu suteikia energijos bei \u0161vyt\u0117jimo.<br data-start=\"1642\" data-end=\"1645\" \/>Lengvos, \u0161ilkin\u0117s tekst\u016bros serumas greitai susigeria, intensyviai dr\u0117kina ir gerina odos elastingum\u0105, tod\u0117l ji tampa lygi, \u0161velni ir spindinti jau po pirm\u0173j\u0173 naudojim\u0173.<\/p>\n<p data-start=\"1818\" data-end=\"2082\">Koncentruota formul\u0117 su augal\u0173 ekstraktais, peptidais ir nat\u016braliais aliejais stiprina kapiliarus ir padeda atkurti odos strukt\u016br\u0105. Vandenyje tirpi vitamino C forma suteikia momentin\u012f \u0161vyt\u0117jim\u0105, gerina atspalv\u012f ir ma\u017eina sausum\u0105 bei pirmuosius sen\u0117jimo po\u017eymius.<\/p>\n<p data-start=\"2084\" data-end=\"2102\"><strong data-start=\"2084\" data-end=\"2094\">T\u016bris:<\/strong> 15 ml \/ 50 ml<\/p>\n","protected":false},"excerpt":{"rendered":"<p data-start=\"2167\" data-end=\"2205\">Dr\u0117kinamasis ir jauninamasis serumas<\/p>\n<h2 data-start=\"2207\" data-end=\"2492\"><strong data-start=\"2207\" data-end=\"2270\">IMAGE Skincare &#8211; Vital C Hydrating Anti-Aging Serum Savyb\u0117s<\/strong><\/h2>\n<p data-start=\"2207\" data-end=\"2492\">\u2714\ufe0f Suteikia odai \u0161vyt\u0117jimo ir gaivumo<br data-start=\"2310\" data-end=\"2313\" \/>\u2714\ufe0f Padeda i\u0161laikyti dr\u0117gm\u0119 su hialurono r\u016bg\u0161timi<br data-start=\"2361\" data-end=\"2364\" \/>\u2714\ufe0f Ma\u017eina smulkias rauk\u0161les ir linijas<br data-start=\"2402\" data-end=\"2405\" \/>\u2714\ufe0f I\u0161lygina atspalv\u012f ir ma\u017eina pigmentacij\u0105<br data-start=\"2448\" data-end=\"2451\" \/>\u2714\ufe0f Gerina odos elastingum\u0105 ir stangrum\u0105<\/p>\n","protected":false},"featured_media":62449,"template":"","meta":[],"pwb-brand":[1135],"product_brand":[],"product_cat":[738,754,730],"product_tag":[],"giftcard-category":[],"class_list":{"0":"post-59561","1":"product","2":"type-product","3":"status-publish","4":"has-post-thumbnail","6":"pwb-brand-image-skincare","7":"product_cat-drekinimas","8":"product_cat-travel-size","9":"product_cat-vitaminas-c","10":"pa_suurus-15ml-lt","11":"pa_suurus-50ml-lt","13":"first","14":"instock","15":"taxable","16":"shipping-taxable","17":"purchasable","18":"product-type-variable"},"acf":[],"brands":[{"id":1135,"name":"Image Skincare","slug":"image-skincare"}],"_links":{"self":[{"href":"https:\/\/skinstudio.ee\/lt\/wp-json\/wp\/v2\/product\/59561","targetHints":{"allow":["GET"]}}],"collection":[{"href":"https:\/\/skinstudio.ee\/lt\/wp-json\/wp\/v2\/product"}],"about":[{"href":"https:\/\/skinstudio.ee\/lt\/wp-json\/wp\/v2\/types\/product"}],"version-history":[{"count":1,"href":"https:\/\/skinstudio.ee\/lt\/wp-json\/wp\/v2\/product\/59561\/revisions"}],"predecessor-version":[{"id":83420,"href":"https:\/\/skinstudio.ee\/lt\/wp-json\/wp\/v2\/product\/59561\/revisions\/83420"}],"wp:featuredmedia":[{"embeddable":true,"href":"https:\/\/skinstudio.ee\/lt\/wp-json\/wp\/v2\/media\/62449"}],"wp:attachment":[{"href":"https:\/\/skinstudio.ee\/lt\/wp-json\/wp\/v2\/media?parent=59561"}],"wp:term":[{"taxonomy":"pwb-brand","embeddable":true,"href":"https:\/\/skinstudio.ee\/lt\/wp-json\/wp\/v2\/pwb-brand?post=59561"},{"taxonomy":"product_brand","embeddable":true,"href":"https:\/\/skinstudio.ee\/lt\/wp-json\/wp\/v2\/product_brand?post=59561"},{"taxonomy":"product_cat","embeddable":true,"href":"https:\/\/skinstudio.ee\/lt\/wp-json\/wp\/v2\/product_cat?post=59561"},{"taxonomy":"product_tag","embeddable":true,"href":"https:\/\/skinstudio.ee\/lt\/wp-json\/wp\/v2\/product_tag?post=59561"},{"taxonomy":"giftcard-category","embeddable":true,"href":"https:\/\/skinstudio.ee\/lt\/wp-json\/wp\/v2\/giftcard-category?post=59561"}],"curies":[{"name":"wp","href":"https:\/\/api.w.org\/{rel}","templated":true}]}}