{"id":59571,"date":"2024-05-20T13:21:46","date_gmt":"2024-05-20T13:21:46","guid":{"rendered":"https:\/\/skinstudio.ee\/?post_type=product&#038;p=59571"},"modified":"2025-12-29T09:56:59","modified_gmt":"2025-12-29T09:56:59","slug":"vital-c-hydrating-eye-recovery-gel","status":"publish","type":"product","link":"https:\/\/skinstudio.ee\/lt\/catalog\/image-skincare\/vital-c-hydrating-eye-recovery-gel\/","title":{"rendered":"Vital C Hydrating Eye Recovery Gel"},"content":{"rendered":"<p data-start=\"1675\" data-end=\"2097\"><strong data-start=\"1675\" data-end=\"1713\">Vital C Hydrating Eye Recovery Gel<\/strong> \u2013 tai intensyviai dr\u0117kinantis ir atkuriantis paaki\u0173 gelis, kuris glotnina mimikos rauk\u0161leles, stiprina od\u0105 ir suteikia \u017evilgsniui gaivumo.<br data-start=\"1852\" data-end=\"1855\" \/>Sud\u0117tyje esantys peptidai, turintys Botox\u00ae poveik\u012f, padeda suma\u017einti paburkim\u0105 ir tamsius ratilus, stiprina kapiliar\u0173 sieneles ir apsaugo nuo kolageno irimo. V\u0117sinanti gelio tekst\u016bra akimirksniu susigeria, suteikdama odai dr\u0117gm\u0117s ir tonuso.<\/p>\n<p data-start=\"2099\" data-end=\"2337\">Praturtintas antioksidantais ir vitaminu C, \u0161is gelis maitina ir saugo jautri\u0105 od\u0105 aplink akis nuo aplinkos poveikio. Reguliariai naudojant, oda tampa lygesn\u0117, labiau sudr\u0117kinta ir \u0161vytinti, o \u017evilgsnis atrodo pails\u0117j\u0119s ir jaunatvi\u0161kas.<\/p>\n<p data-start=\"2339\" data-end=\"2357\"><strong data-start=\"2339\" data-end=\"2349\">T\u016bris:<\/strong> 15 ml<\/p>\n","protected":false},"excerpt":{"rendered":"<p data-start=\"2553\" data-end=\"2591\">Intensyviai dr\u0117kinantis paaki\u0173 gelis<\/p>\n<h2 data-start=\"2593\" data-end=\"2861\"><strong data-start=\"2593\" data-end=\"2656\">IMAGE Skincare &#8211; Vital C Hydrating Eye Recovery Gel Savyb\u0117s<\/strong><\/h2>\n<p data-start=\"2593\" data-end=\"2861\">\u2714\ufe0f Akimirksniu v\u0117sina ir atgaivina aki\u0173 srit\u012f<br data-start=\"2704\" data-end=\"2707\" \/>\u2714\ufe0f Ma\u017eina paburkim\u0105 ir tamsius ratilus<br data-start=\"2745\" data-end=\"2748\" \/>\u2714\ufe0f Glotnina mimikos rauk\u0161les<br data-start=\"2776\" data-end=\"2779\" \/>\u2714\ufe0f Dr\u0117kina ir stiprina jautri\u0105 od\u0105<br data-start=\"2813\" data-end=\"2816\" \/>\u2714\ufe0f Suteikia \u017evilgsniui spindesio ir gaivumo<\/p>\n","protected":false},"featured_media":62439,"template":"","meta":[],"pwb-brand":[1135],"product_brand":[],"product_cat":[734],"product_tag":[],"giftcard-category":[],"class_list":{"0":"post-59571","1":"product","2":"type-product","3":"status-publish","4":"has-post-thumbnail","6":"pwb-brand-image-skincare","7":"product_cat-oda-aplink-akis","9":"first","10":"instock","11":"taxable","12":"shipping-taxable","13":"purchasable","14":"product-type-simple"},"acf":[],"brands":[{"id":1135,"name":"Image Skincare","slug":"image-skincare"}],"_links":{"self":[{"href":"https:\/\/skinstudio.ee\/lt\/wp-json\/wp\/v2\/product\/59571","targetHints":{"allow":["GET"]}}],"collection":[{"href":"https:\/\/skinstudio.ee\/lt\/wp-json\/wp\/v2\/product"}],"about":[{"href":"https:\/\/skinstudio.ee\/lt\/wp-json\/wp\/v2\/types\/product"}],"version-history":[{"count":0,"href":"https:\/\/skinstudio.ee\/lt\/wp-json\/wp\/v2\/product\/59571\/revisions"}],"wp:featuredmedia":[{"embeddable":true,"href":"https:\/\/skinstudio.ee\/lt\/wp-json\/wp\/v2\/media\/62439"}],"wp:attachment":[{"href":"https:\/\/skinstudio.ee\/lt\/wp-json\/wp\/v2\/media?parent=59571"}],"wp:term":[{"taxonomy":"pwb-brand","embeddable":true,"href":"https:\/\/skinstudio.ee\/lt\/wp-json\/wp\/v2\/pwb-brand?post=59571"},{"taxonomy":"product_brand","embeddable":true,"href":"https:\/\/skinstudio.ee\/lt\/wp-json\/wp\/v2\/product_brand?post=59571"},{"taxonomy":"product_cat","embeddable":true,"href":"https:\/\/skinstudio.ee\/lt\/wp-json\/wp\/v2\/product_cat?post=59571"},{"taxonomy":"product_tag","embeddable":true,"href":"https:\/\/skinstudio.ee\/lt\/wp-json\/wp\/v2\/product_tag?post=59571"},{"taxonomy":"giftcard-category","embeddable":true,"href":"https:\/\/skinstudio.ee\/lt\/wp-json\/wp\/v2\/giftcard-category?post=59571"}],"curies":[{"name":"wp","href":"https:\/\/api.w.org\/{rel}","templated":true}]}}