{"id":59580,"date":"2024-05-20T13:35:58","date_gmt":"2024-05-20T13:35:58","guid":{"rendered":"https:\/\/skinstudio.ee\/?post_type=product&#038;p=59580"},"modified":"2026-03-25T12:12:02","modified_gmt":"2026-03-25T12:12:02","slug":"vital-c-hydrating-facial-cleanser","status":"publish","type":"product","link":"https:\/\/skinstudio.ee\/lt\/catalog\/image-skincare\/vital-c-hydrating-facial-cleanser\/","title":{"rendered":"Vital C Hydrating Facial Cleanser"},"content":{"rendered":"<div class=\"woocommerce-product-details__short-description\">\n<p data-start=\"1931\" data-end=\"2319\">Kreminis, dr\u0117kinantis <strong data-start=\"1953\" data-end=\"1990\">Vital C Hydrating Facial Cleanser<\/strong> \u0161velniai pa\u0161alina makia\u017e\u0105 ir ne\u0161varumus, tuo pa\u010diu maitindamas od\u0105 vitaminais ir antioksidantais.<br data-start=\"2088\" data-end=\"2091\" \/>D\u0117l \u0161velnios tekst\u016bros su apelsin\u0173 aromatu jis tinka visiems odos tipams, \u012fskaitant jautri\u0105 ar \u012f paraudim\u0105 linkusi\u0105 od\u0105. Priemon\u0117 atkuria nat\u016bral\u0173 odos pH balans\u0105 ir palieka j\u0105 \u0161velni\u0105, gaivi\u0105 ir sudr\u0117kint\u0105 be tempimo poj\u016b\u010dio.<\/p>\n<p data-start=\"2321\" data-end=\"2685\">Sud\u0117tyje esantys C, A ir E vitaminai bei augal\u0173 ekstraktai stiprina od\u0105, suteikia jai \u0161vyt\u0117jimo ir gerina tekst\u016br\u0105. <strong data-start=\"2437\" data-end=\"2474\">Vital C Hydrating Facial Cleanser<\/strong> \u2013 pats kreminiausias valiklis i\u0161 Vital C linijos, kur\u012f galima naudoti tiek su vandeniu, tiek be jo, naudojant tik vatos diskelius. Reguliariai naudojant, oda tampa pastebimai \u0161velnesn\u0117, \u0161vytinti ir elastinga.<\/p>\n<p data-start=\"2687\" data-end=\"2706\"><strong data-start=\"2687\" data-end=\"2697\">T\u016bris:<\/strong> 50 ml \/ 177 ml<\/p>\n<\/div>\n","protected":false},"excerpt":{"rendered":"<p data-start=\"3017\" data-end=\"3050\">Dr\u0117kinamasis valomasis pienelis<\/p>\n<h2 data-start=\"3052\" data-end=\"3380\"><strong data-start=\"3052\" data-end=\"3114\">IMAGE Skincare &#8211; Vital C Hydrating Facial Cleanser Savyb\u0117s<\/strong><\/h2>\n<p data-start=\"3052\" data-end=\"3380\">\u2714\ufe0f \u0160velniai valo od\u0105, palikdamas j\u0105 gaivi\u0105 ir lygi\u0105<br data-start=\"3168\" data-end=\"3171\" \/>\u2714\ufe0f Pa\u0161alina makia\u017e\u0105 ir ne\u0161varumus nei\u0161sausindamas odos<br data-start=\"3225\" data-end=\"3228\" \/>\u2714\ufe0f Ramina ir maitina jautri\u0105, paraudimui linkusi\u0105 od\u0105<br data-start=\"3281\" data-end=\"3284\" \/>\u2714\ufe0f Atkuria nat\u016bral\u0173 pH ir suteikia spindesio<br data-start=\"3328\" data-end=\"3331\" \/>\u2714\ufe0f Praturtina od\u0105 vitaminais ir antioksidantais<\/p>\n","protected":false},"featured_media":62454,"template":"","meta":[],"pwb-brand":[1135],"product_brand":[],"product_cat":[746,740,754,718],"product_tag":[],"giftcard-category":[],"class_list":{"0":"post-59580","1":"product","2":"type-product","3":"status-publish","4":"has-post-thumbnail","6":"pwb-brand-image-skincare","7":"product_cat-jautriai-odai","8":"product_cat-sausai-odai","9":"product_cat-travel-size-lt","10":"product_cat-valymas","11":"pa_suurus-177ml-lt","12":"pa_suurus-50ml-lt","14":"first","15":"instock","16":"taxable","17":"shipping-taxable","18":"purchasable","19":"product-type-variable"},"acf":[],"brands":[{"id":1135,"name":"Image Skincare","slug":"image-skincare"}],"_links":{"self":[{"href":"https:\/\/skinstudio.ee\/lt\/wp-json\/wp\/v2\/product\/59580","targetHints":{"allow":["GET"]}}],"collection":[{"href":"https:\/\/skinstudio.ee\/lt\/wp-json\/wp\/v2\/product"}],"about":[{"href":"https:\/\/skinstudio.ee\/lt\/wp-json\/wp\/v2\/types\/product"}],"version-history":[{"count":1,"href":"https:\/\/skinstudio.ee\/lt\/wp-json\/wp\/v2\/product\/59580\/revisions"}],"predecessor-version":[{"id":88094,"href":"https:\/\/skinstudio.ee\/lt\/wp-json\/wp\/v2\/product\/59580\/revisions\/88094"}],"wp:featuredmedia":[{"embeddable":true,"href":"https:\/\/skinstudio.ee\/lt\/wp-json\/wp\/v2\/media\/62454"}],"wp:attachment":[{"href":"https:\/\/skinstudio.ee\/lt\/wp-json\/wp\/v2\/media?parent=59580"}],"wp:term":[{"taxonomy":"pwb-brand","embeddable":true,"href":"https:\/\/skinstudio.ee\/lt\/wp-json\/wp\/v2\/pwb-brand?post=59580"},{"taxonomy":"product_brand","embeddable":true,"href":"https:\/\/skinstudio.ee\/lt\/wp-json\/wp\/v2\/product_brand?post=59580"},{"taxonomy":"product_cat","embeddable":true,"href":"https:\/\/skinstudio.ee\/lt\/wp-json\/wp\/v2\/product_cat?post=59580"},{"taxonomy":"product_tag","embeddable":true,"href":"https:\/\/skinstudio.ee\/lt\/wp-json\/wp\/v2\/product_tag?post=59580"},{"taxonomy":"giftcard-category","embeddable":true,"href":"https:\/\/skinstudio.ee\/lt\/wp-json\/wp\/v2\/giftcard-category?post=59580"}],"curies":[{"name":"wp","href":"https:\/\/api.w.org\/{rel}","templated":true}]}}