{"id":59589,"date":"2024-05-20T13:50:35","date_gmt":"2024-05-20T13:50:35","guid":{"rendered":"https:\/\/skinstudio.ee\/?post_type=product&#038;p=59589"},"modified":"2026-03-25T12:15:35","modified_gmt":"2026-03-25T12:15:35","slug":"vital-c-hydrating-repair-creme","status":"publish","type":"product","link":"https:\/\/skinstudio.ee\/lt\/catalog\/image-skincare\/vital-c-hydrating-repair-creme\/","title":{"rendered":"Vital C Hydrating Repair Creme"},"content":{"rendered":"<p data-start=\"1649\" data-end=\"2028\">Praturtintas <strong data-start=\"1662\" data-end=\"1696\">Vital C Hydrating Repair Creme<\/strong> formul\u0117 giliai maitina ir dr\u0117kina saus\u0105, dehidratuot\u0105 od\u0105, atkurdama jos \u0161velnum\u0105 ir komfort\u0105 per nakt\u012f.<br data-start=\"1801\" data-end=\"1804\" \/>A, C ir E vitamin\u0173 sinergija suteikia stipri\u0105 antioksidacin\u0119 apsaug\u0105, i\u0161lygina odos atspalv\u012f ir gr\u0105\u017eina jai gyvybingum\u0105 bei sveik\u0105 \u0161vyt\u0117jim\u0105. Kremin\u0117 tekst\u016bra lengvai \u012fsigeria, palikdama od\u0105 lygi\u0105, elasting\u0105 ir spindin\u010di\u0105.<\/p>\n<p data-start=\"2030\" data-end=\"2297\">Hialurono r\u016bg\u0161ties ir keramid\u0173 derinys padeda i\u0161laikyti dr\u0117gm\u0119, stiprina apsaugin\u012f odos barjer\u0105 ir saugo nuo prie\u0161laikinio sen\u0117jimo bei streso.<br data-start=\"2173\" data-end=\"2176\" \/>Gaivus apelsin\u0173 aromatas paver\u010dia vakaro prie\u017ei\u016br\u0105 maloniu ritualu, suteikdamas odai pusiausvyr\u0105 ir \u0161vyt\u0117jim\u0105 iki ryto.<\/p>\n<p data-start=\"2299\" data-end=\"2316\"><strong data-start=\"2299\" data-end=\"2309\">T\u016bris:<\/strong> 28 g \/ 57 g<\/p>\n","protected":false},"excerpt":{"rendered":"<p data-start=\"2464\" data-end=\"2510\">Dr\u0117kinamasis ir atkuriamasis naktinis kremas<\/p>\n<h2 data-start=\"2512\" data-end=\"2802\"><strong data-start=\"2512\" data-end=\"2571\">IMAGE Skincare &#8211; Vital C Hydrating Repair Creme Savyb\u0117s<\/strong><\/h2>\n<p data-start=\"2512\" data-end=\"2802\">\u2714\ufe0f Ma\u017eina smulkias rauk\u0161leles ir linijas<br data-start=\"2614\" data-end=\"2617\" \/>\u2714\ufe0f Suteikia stipri\u0105 antioksidacin\u0119 apsaug\u0105<br data-start=\"2659\" data-end=\"2662\" \/>\u2714\ufe0f Maitina saus\u0105, blanki\u0105 ir pavargusi\u0105 od\u0105<br data-start=\"2705\" data-end=\"2708\" \/>\u2714\ufe0f Stiprina apsaugin\u012f barjer\u0105 ir i\u0161laiko dr\u0117gm\u0119<br data-start=\"2755\" data-end=\"2758\" \/>\u2714\ufe0f Palieka od\u0105 \u0161velni\u0105, lygi\u0105 ir \u0161vytin\u010di\u0105<\/p>\n","protected":false},"featured_media":59590,"template":"","meta":[],"pwb-brand":[1135],"product_brand":[],"product_cat":[738,740,754],"product_tag":[],"giftcard-category":[],"class_list":{"0":"post-59589","1":"product","2":"type-product","3":"status-publish","4":"has-post-thumbnail","6":"pwb-brand-image-skincare","7":"product_cat-drekinimas","8":"product_cat-sausai-odai","9":"product_cat-travel-size-lt","10":"pa_suurus-28g-lt","11":"pa_suurus-57g-lt","13":"first","14":"instock","15":"taxable","16":"shipping-taxable","17":"purchasable","18":"product-type-variable"},"acf":[],"brands":[{"id":1135,"name":"Image Skincare","slug":"image-skincare"}],"_links":{"self":[{"href":"https:\/\/skinstudio.ee\/lt\/wp-json\/wp\/v2\/product\/59589","targetHints":{"allow":["GET"]}}],"collection":[{"href":"https:\/\/skinstudio.ee\/lt\/wp-json\/wp\/v2\/product"}],"about":[{"href":"https:\/\/skinstudio.ee\/lt\/wp-json\/wp\/v2\/types\/product"}],"version-history":[{"count":1,"href":"https:\/\/skinstudio.ee\/lt\/wp-json\/wp\/v2\/product\/59589\/revisions"}],"predecessor-version":[{"id":88114,"href":"https:\/\/skinstudio.ee\/lt\/wp-json\/wp\/v2\/product\/59589\/revisions\/88114"}],"wp:featuredmedia":[{"embeddable":true,"href":"https:\/\/skinstudio.ee\/lt\/wp-json\/wp\/v2\/media\/59590"}],"wp:attachment":[{"href":"https:\/\/skinstudio.ee\/lt\/wp-json\/wp\/v2\/media?parent=59589"}],"wp:term":[{"taxonomy":"pwb-brand","embeddable":true,"href":"https:\/\/skinstudio.ee\/lt\/wp-json\/wp\/v2\/pwb-brand?post=59589"},{"taxonomy":"product_brand","embeddable":true,"href":"https:\/\/skinstudio.ee\/lt\/wp-json\/wp\/v2\/product_brand?post=59589"},{"taxonomy":"product_cat","embeddable":true,"href":"https:\/\/skinstudio.ee\/lt\/wp-json\/wp\/v2\/product_cat?post=59589"},{"taxonomy":"product_tag","embeddable":true,"href":"https:\/\/skinstudio.ee\/lt\/wp-json\/wp\/v2\/product_tag?post=59589"},{"taxonomy":"giftcard-category","embeddable":true,"href":"https:\/\/skinstudio.ee\/lt\/wp-json\/wp\/v2\/giftcard-category?post=59589"}],"curies":[{"name":"wp","href":"https:\/\/api.w.org\/{rel}","templated":true}]}}