{"id":59599,"date":"2024-05-20T14:00:57","date_gmt":"2024-05-20T14:00:57","guid":{"rendered":"https:\/\/skinstudio.ee\/?post_type=product&#038;p=59599"},"modified":"2026-02-24T15:16:44","modified_gmt":"2026-02-24T15:16:44","slug":"vital-c-hydrating-enzyme-masque","status":"publish","type":"product","link":"https:\/\/skinstudio.ee\/lt\/catalog\/image-skincare\/vital-c-hydrating-enzyme-masque\/","title":{"rendered":"Vital C Hydrating Enzyme Masque"},"content":{"rendered":"<p data-start=\"1605\" data-end=\"1932\">Dr\u0117kinanti ir eksfolijuojanti <strong data-start=\"1635\" data-end=\"1670\">Vital C Hydrating Enzyme Masque<\/strong> su vaisi\u0173 enzimais ir vitaminu C \u0161velniai atnaujina od\u0105, palikdama j\u0105 lygi\u0105, tolygi\u0105 ir \u0161vytin\u010di\u0105.<br data-start=\"1769\" data-end=\"1772\" \/>Formul\u0117 padeda stiprinti kapiliarus, gerina mikrocirkuliacij\u0105 ir atkuria sveik\u0105 odos spindes\u012f. Po pirmojo naudojimo oda atrodo gaivi, \u0161viesesn\u0117 ir atsigavusi.<\/p>\n<p data-start=\"1934\" data-end=\"2250\">Praturtinta vitaminais ir antioksidantais, \u0161i kauk\u0117 maitina od\u0105 ir saugo j\u0105 nuo aplinkos poveikio, o nat\u016bral\u016bs vaisi\u0173 fermentai \u0161velniai pa\u0161alina negyvas l\u0105steles, nesukeldami sudirginimo.<br data-start=\"2122\" data-end=\"2125\" \/>Reguliarus <strong data-start=\"2136\" data-end=\"2171\">Vital C Hydrating Enzyme Masque<\/strong> naudojimas padeda i\u0161laikyti sveik\u0105, jaunatvi\u0161k\u0105 ir spindin\u010di\u0105 odos i\u0161vaizd\u0105.<\/p>\n<p data-start=\"2252\" data-end=\"2269\"><strong data-start=\"2252\" data-end=\"2262\">T\u016bris:<\/strong> 28 g \/ 57 g<\/p>\n","protected":false},"excerpt":{"rendered":"<p data-start=\"2443\" data-end=\"2457\">Enzim\u0173 kauk\u0117<\/p>\n<h2 data-start=\"2459\" data-end=\"2756\"><strong data-start=\"2459\" data-end=\"2519\">IMAGE Skincare &#8211; Vital C Hydrating Enzyme Masque Savyb\u0117s<\/strong><\/h2>\n<p data-start=\"2459\" data-end=\"2756\">\u2714\ufe0f \u0160velniai eksfolijuoja ir atnaujina od\u0105<br data-start=\"2563\" data-end=\"2566\" \/>\u2714\ufe0f Pagerina odos ton\u0105 ir suteikia spindesio<br data-start=\"2609\" data-end=\"2612\" \/>\u2714\ufe0f Stiprina kapiliarus ir gerina mikrocirkuliacij\u0105<br data-start=\"2662\" data-end=\"2665\" \/>\u2714\ufe0f Maitina od\u0105 vitaminais ir antioksidantais<br data-start=\"2709\" data-end=\"2712\" \/>\u2714\ufe0f Palieka od\u0105 lygi\u0105, \u0161velni\u0105 ir \u0161vytin\u010di\u0105<\/p>\n","protected":false},"featured_media":62418,"template":"","meta":[],"pwb-brand":[1135],"product_brand":[],"product_cat":[726,754],"product_tag":[],"giftcard-category":[],"class_list":{"0":"post-59599","1":"product","2":"type-product","3":"status-publish","4":"has-post-thumbnail","6":"pwb-brand-image-skincare","7":"product_cat-maskas","8":"product_cat-travel-size","9":"pa_suurus-28g-lt","10":"pa_suurus-57g-lt","12":"first","13":"instock","14":"sale","15":"taxable","16":"shipping-taxable","17":"purchasable","18":"product-type-variable"},"acf":[],"brands":[{"id":1135,"name":"Image Skincare","slug":"image-skincare"}],"_links":{"self":[{"href":"https:\/\/skinstudio.ee\/lt\/wp-json\/wp\/v2\/product\/59599","targetHints":{"allow":["GET"]}}],"collection":[{"href":"https:\/\/skinstudio.ee\/lt\/wp-json\/wp\/v2\/product"}],"about":[{"href":"https:\/\/skinstudio.ee\/lt\/wp-json\/wp\/v2\/types\/product"}],"version-history":[{"count":1,"href":"https:\/\/skinstudio.ee\/lt\/wp-json\/wp\/v2\/product\/59599\/revisions"}],"predecessor-version":[{"id":83399,"href":"https:\/\/skinstudio.ee\/lt\/wp-json\/wp\/v2\/product\/59599\/revisions\/83399"}],"wp:featuredmedia":[{"embeddable":true,"href":"https:\/\/skinstudio.ee\/lt\/wp-json\/wp\/v2\/media\/62418"}],"wp:attachment":[{"href":"https:\/\/skinstudio.ee\/lt\/wp-json\/wp\/v2\/media?parent=59599"}],"wp:term":[{"taxonomy":"pwb-brand","embeddable":true,"href":"https:\/\/skinstudio.ee\/lt\/wp-json\/wp\/v2\/pwb-brand?post=59599"},{"taxonomy":"product_brand","embeddable":true,"href":"https:\/\/skinstudio.ee\/lt\/wp-json\/wp\/v2\/product_brand?post=59599"},{"taxonomy":"product_cat","embeddable":true,"href":"https:\/\/skinstudio.ee\/lt\/wp-json\/wp\/v2\/product_cat?post=59599"},{"taxonomy":"product_tag","embeddable":true,"href":"https:\/\/skinstudio.ee\/lt\/wp-json\/wp\/v2\/product_tag?post=59599"},{"taxonomy":"giftcard-category","embeddable":true,"href":"https:\/\/skinstudio.ee\/lt\/wp-json\/wp\/v2\/giftcard-category?post=59599"}],"curies":[{"name":"wp","href":"https:\/\/api.w.org\/{rel}","templated":true}]}}