{"id":59608,"date":"2024-05-20T14:13:42","date_gmt":"2024-05-20T14:13:42","guid":{"rendered":"https:\/\/skinstudio.ee\/?post_type=product&#038;p=59608"},"modified":"2025-12-29T09:56:59","modified_gmt":"2025-12-29T09:56:59","slug":"vital-c-hydrating-antioxidant-a-c-e-serum","status":"publish","type":"product","link":"https:\/\/skinstudio.ee\/lt\/catalog\/image-skincare\/vital-c-hydrating-antioxidant-a-c-e-serum\/","title":{"rendered":"Vital C Hydrating Antioxidant A C E Serum"},"content":{"rendered":"<p data-start=\"1765\" data-end=\"2194\">Koncentruotas <strong data-start=\"1779\" data-end=\"1824\">Vital C Hydrating Antioxidant A C E Serum<\/strong> derinys apjungia tris stabilias vitamino C formas su vitaminais A ir E, padedan\u010diais stiprinti od\u0105, pagerinti jos tekst\u016br\u0105 ir suteikti sveiko spindesio.<br data-start=\"1977\" data-end=\"1980\" \/>Galingas augalini\u0173 antioksidant\u0173 mi\u0161inys \u2013 \u017ealiosios arbatos, e\u017eiuol\u0117s ir me\u0161kauogi\u0173 ekstraktai \u2013 padeda suma\u017einti pigmentacij\u0105, suteikia odai skaistumo ir apsaugo j\u0105 nuo oksidacinio streso bei aplinkos poveikio.<\/p>\n<p data-start=\"2196\" data-end=\"2499\">Lengva, \u0161ilkin\u0117 tekst\u016bra akimirksniu \u012fsigeria, suteikdama intensyv\u0173 dr\u0117kinim\u0105 ir komfort\u0105 visai dienai. Serum\u0105 galima naudoti atskirai arba mai\u0161yti su kitais IMAGE produktais papildomam maitinimui ir dr\u0117gmei.<br data-start=\"2404\" data-end=\"2407\" \/>Puikiai tinka ir vyrams odos bei barzdos prie\u017ei\u016brai, palikdamas od\u0105 \u0161velni\u0105 ir pri\u017ei\u016br\u0117t\u0105.<\/p>\n<p data-start=\"2501\" data-end=\"2519\"><strong data-start=\"2501\" data-end=\"2511\">T\u016bris:<\/strong> 30 ml<\/p>\n","protected":false},"excerpt":{"rendered":"<p data-start=\"2720\" data-end=\"2759\">Maitinamasis antioksidantinis serumas<\/p>\n<h2 data-start=\"2761\" data-end=\"3066\"><strong data-start=\"2761\" data-end=\"2831\">IMAGE Skincare &#8211; Vital C Hydrating Antioxidant A C E Serum Savyb\u0117s<\/strong><\/h2>\n<p data-start=\"2761\" data-end=\"3066\">\u2714\ufe0f Apsaugo nuo laisv\u0173j\u0173 radikal\u0173 ir oksidacinio streso<br data-start=\"2888\" data-end=\"2891\" \/>\u2714\ufe0f Pagerina odos ton\u0105 ir suteikia spindesio<br data-start=\"2934\" data-end=\"2937\" \/>\u2714\ufe0f Giliai dr\u0117kina ir maitina od\u0105<br data-start=\"2969\" data-end=\"2972\" \/>\u2714\ufe0f Gerina elastingum\u0105 ir gyvybingum\u0105<br data-start=\"3008\" data-end=\"3011\" \/>\u2714\ufe0f Sud\u0117tyje yra stiprus A, C ir E vitamin\u0173 kompleksas<\/p>\n","protected":false},"featured_media":62403,"template":"","meta":[],"pwb-brand":[1135],"product_brand":[],"product_cat":[750,740,724],"product_tag":[],"giftcard-category":[],"class_list":{"0":"post-59608","1":"product","2":"type-product","3":"status-publish","4":"has-post-thumbnail","6":"pwb-brand-image-skincare","7":"product_cat-odos-senejimas","8":"product_cat-sausa-oda","9":"product_cat-serumai","11":"first","12":"instock","13":"sale","14":"taxable","15":"shipping-taxable","16":"purchasable","17":"product-type-simple"},"acf":[],"brands":[{"id":1135,"name":"Image Skincare","slug":"image-skincare"}],"_links":{"self":[{"href":"https:\/\/skinstudio.ee\/lt\/wp-json\/wp\/v2\/product\/59608","targetHints":{"allow":["GET"]}}],"collection":[{"href":"https:\/\/skinstudio.ee\/lt\/wp-json\/wp\/v2\/product"}],"about":[{"href":"https:\/\/skinstudio.ee\/lt\/wp-json\/wp\/v2\/types\/product"}],"version-history":[{"count":0,"href":"https:\/\/skinstudio.ee\/lt\/wp-json\/wp\/v2\/product\/59608\/revisions"}],"wp:featuredmedia":[{"embeddable":true,"href":"https:\/\/skinstudio.ee\/lt\/wp-json\/wp\/v2\/media\/62403"}],"wp:attachment":[{"href":"https:\/\/skinstudio.ee\/lt\/wp-json\/wp\/v2\/media?parent=59608"}],"wp:term":[{"taxonomy":"pwb-brand","embeddable":true,"href":"https:\/\/skinstudio.ee\/lt\/wp-json\/wp\/v2\/pwb-brand?post=59608"},{"taxonomy":"product_brand","embeddable":true,"href":"https:\/\/skinstudio.ee\/lt\/wp-json\/wp\/v2\/product_brand?post=59608"},{"taxonomy":"product_cat","embeddable":true,"href":"https:\/\/skinstudio.ee\/lt\/wp-json\/wp\/v2\/product_cat?post=59608"},{"taxonomy":"product_tag","embeddable":true,"href":"https:\/\/skinstudio.ee\/lt\/wp-json\/wp\/v2\/product_tag?post=59608"},{"taxonomy":"giftcard-category","embeddable":true,"href":"https:\/\/skinstudio.ee\/lt\/wp-json\/wp\/v2\/giftcard-category?post=59608"}],"curies":[{"name":"wp","href":"https:\/\/api.w.org\/{rel}","templated":true}]}}