{"id":59618,"date":"2024-05-20T14:28:53","date_gmt":"2024-05-20T14:28:53","guid":{"rendered":"https:\/\/skinstudio.ee\/?post_type=product&#038;p=59618"},"modified":"2025-12-29T09:56:59","modified_gmt":"2025-12-29T09:56:59","slug":"vital-c-hydrating-overnight-masque","status":"publish","type":"product","link":"https:\/\/skinstudio.ee\/lt\/catalog\/image-skincare\/vital-c-hydrating-overnight-masque\/","title":{"rendered":"Vital C Hydrating Overnight Masque"},"content":{"rendered":"<div class=\"woocommerce-product-details__short-description\">\n<p data-start=\"1667\" data-end=\"2030\"><strong data-start=\"1667\" data-end=\"1705\">Vital C Hydrating Overnight Masque<\/strong> su vitaminais ir trigubu mineral\u0173 kompleksu maitina, atgaivina ir suteikia odai energijos miego metu, palikdama j\u0105 dr\u0117gn\u0105, lygi\u0105 ir gaivi\u0105 ryte.<br data-start=\"1850\" data-end=\"1853\" \/>Sud\u0117tyje esantis m\u0117lynai \u017eali\u0173 dumbli\u0173 ekstraktas, antioksidantai ir vitaminas C padeda i\u0161lyginti smulkias rauk\u0161leles, pagerinti elastingum\u0105 ir suteikti odai sveiko \u0161vyt\u0117jimo.<\/p>\n<p data-start=\"2032\" data-end=\"2346\">Lengva gelin\u0117 tekst\u016bra greitai susigeria, nepalikdama lipnumo, i\u0161laiko dr\u0117gm\u0119 ir stiprina odos apsaugin\u012f barjer\u0105 visos nakties metu.<br data-start=\"2164\" data-end=\"2167\" \/>Maksimaliam atgaivinimui \u012f kauk\u0119 \u012fla\u0161inkite kelis la\u0161us maitinamojo Vital C serumo arba naudokite pakaitomis su Ageless Retinol Mask, kad pagerintum\u0117te odos stangrum\u0105 ir tonus\u0105.<\/p>\n<p data-start=\"2348\" data-end=\"2365\"><strong data-start=\"2348\" data-end=\"2358\">T\u016bris:<\/strong> 57 g<\/p>\n<\/div>\n","protected":false},"excerpt":{"rendered":"<p data-start=\"2544\" data-end=\"2571\">Dr\u0117kinamoji naktin\u0117 kauk\u0117<\/p>\n<h2 data-start=\"2573\" data-end=\"2872\"><strong data-start=\"2573\" data-end=\"2636\">IMAGE Skincare &#8211; Vital C Hydrating Overnight Masque Savyb\u0117s<\/strong><\/h2>\n<p data-start=\"2573\" data-end=\"2872\">\u2714\ufe0f Suteikia odai energijos miego metu<br data-start=\"2676\" data-end=\"2679\" \/>\u2714\ufe0f Giliai dr\u0117kina ir atkuria od\u0105<br data-start=\"2711\" data-end=\"2714\" \/>\u2714\ufe0f Glotnina smulkias rauk\u0161leles ir linijas<br data-start=\"2756\" data-end=\"2759\" \/>\u2714\ufe0f Suteikia gaivumo ir ryto \u0161vyt\u0117jimo<br data-start=\"2796\" data-end=\"2799\" \/>\u2714\ufe0f Sud\u0117tyje yra m\u0117lynai \u017eali\u0173 dumbli\u0173 ekstraktas ir mineral\u0173 kompleksas<\/p>\n","protected":false},"featured_media":62433,"template":"","meta":[],"pwb-brand":[1135],"product_brand":[],"product_cat":[738,726],"product_tag":[],"giftcard-category":[],"class_list":{"0":"post-59618","1":"product","2":"type-product","3":"status-publish","4":"has-post-thumbnail","6":"pwb-brand-image-skincare","7":"product_cat-drekinimas","8":"product_cat-maskas-lt","10":"first","11":"instock","12":"taxable","13":"shipping-taxable","14":"purchasable","15":"product-type-simple"},"acf":[],"brands":[{"id":1135,"name":"Image Skincare","slug":"image-skincare"}],"_links":{"self":[{"href":"https:\/\/skinstudio.ee\/lt\/wp-json\/wp\/v2\/product\/59618","targetHints":{"allow":["GET"]}}],"collection":[{"href":"https:\/\/skinstudio.ee\/lt\/wp-json\/wp\/v2\/product"}],"about":[{"href":"https:\/\/skinstudio.ee\/lt\/wp-json\/wp\/v2\/types\/product"}],"version-history":[{"count":0,"href":"https:\/\/skinstudio.ee\/lt\/wp-json\/wp\/v2\/product\/59618\/revisions"}],"wp:featuredmedia":[{"embeddable":true,"href":"https:\/\/skinstudio.ee\/lt\/wp-json\/wp\/v2\/media\/62433"}],"wp:attachment":[{"href":"https:\/\/skinstudio.ee\/lt\/wp-json\/wp\/v2\/media?parent=59618"}],"wp:term":[{"taxonomy":"pwb-brand","embeddable":true,"href":"https:\/\/skinstudio.ee\/lt\/wp-json\/wp\/v2\/pwb-brand?post=59618"},{"taxonomy":"product_brand","embeddable":true,"href":"https:\/\/skinstudio.ee\/lt\/wp-json\/wp\/v2\/product_brand?post=59618"},{"taxonomy":"product_cat","embeddable":true,"href":"https:\/\/skinstudio.ee\/lt\/wp-json\/wp\/v2\/product_cat?post=59618"},{"taxonomy":"product_tag","embeddable":true,"href":"https:\/\/skinstudio.ee\/lt\/wp-json\/wp\/v2\/product_tag?post=59618"},{"taxonomy":"giftcard-category","embeddable":true,"href":"https:\/\/skinstudio.ee\/lt\/wp-json\/wp\/v2\/giftcard-category?post=59618"}],"curies":[{"name":"wp","href":"https:\/\/api.w.org\/{rel}","templated":true}]}}