{"id":59629,"date":"2024-05-20T14:44:29","date_gmt":"2024-05-20T14:44:29","guid":{"rendered":"https:\/\/skinstudio.ee\/?post_type=product&#038;p=59629"},"modified":"2026-02-24T15:10:58","modified_gmt":"2026-02-24T15:10:58","slug":"vital-c-hydrating-water-burst","status":"publish","type":"product","link":"https:\/\/skinstudio.ee\/lt\/catalog\/image-skincare\/vital-c-hydrating-water-burst\/","title":{"rendered":"Vital C Hydrating Water Burst"},"content":{"rendered":"<p data-start=\"2358\" data-end=\"2768\"><strong data-start=\"2358\" data-end=\"2391\">Vital C Hydrating Water Burst<\/strong> \u2013 itin lengvas, dr\u0117kinantis gelis, kuris u\u017etepus ant odos virsta gaivinan\u010diu antioksidantiniu skys\u010diu.<br data-start=\"2494\" data-end=\"2497\" \/>Inovatyvi \u201eWater Burst\u201c technologija aktyvuojasi kontaktuojantis su oda ir i\u0161skiria aktyvi\u0173j\u0173 ingredient\u0173 bang\u0105, kuri giliai dr\u0117kina, maitina ir atkuria od\u0105. Formul\u0117 padeda pagerinti elastingum\u0105, suma\u017einti smulkias rauk\u0161leles ir apsaugoti nuo ankstyvo sen\u0117jimo po\u017eymi\u0173.<\/p>\n<p data-start=\"2770\" data-end=\"3052\"><strong data-start=\"2770\" data-end=\"2803\">Vital C Hydrating Water Burst<\/strong> veikia kaip energijos suteikiantis odos prie\u017ei\u016bros stipriklis, atgaivinantis pavargusi\u0105 od\u0105 ir suteikiantis jai sveiko spindesio. Lengva, \u0161ilkin\u0117 tekst\u016bra greitai \u012fsigeria, o gaivus citrusinis aromatas kasdien\u0119 prie\u017ei\u016br\u0105 paver\u010dia maloniu ritualu.<\/p>\n<p data-start=\"3054\" data-end=\"3552\"><strong data-start=\"3054\" data-end=\"3079\">Aktyv\u016bs ingredientai:<\/strong><br data-start=\"3079\" data-end=\"3082\" \/><strong data-start=\"3082\" data-end=\"3103\">Hialurono r\u016bg\u0161tis<\/strong> \u2013 pritraukia ir i\u0161laiko dr\u0117gm\u0119, giliai dr\u0117kina od\u0105 ir suteikia elastingumo.<br data-start=\"3179\" data-end=\"3182\" \/><strong data-start=\"3182\" data-end=\"3211\">Magnio askorbilo fosfatas<\/strong> \u2013 stabili vitamino C forma, kuri \u0161viesina od\u0105 ir saugo nuo oksidacinio streso.<br data-start=\"3290\" data-end=\"3293\" \/><strong data-start=\"3293\" data-end=\"3322\">Apelsin\u0173 \u017eieveli\u0173 aliejus<\/strong> \u2013 suteikia gaiv\u0173 citrusin\u012f kvap\u0105 ir tonizuoja od\u0105.<br data-start=\"3373\" data-end=\"3376\" \/><strong data-start=\"3376\" data-end=\"3390\">Vitamino E<\/strong> \u2013 antioksidantas, kuris maitina ir \u0161velnina od\u0105.<br data-start=\"3439\" data-end=\"3442\" \/><strong data-start=\"3442\" data-end=\"3467\">Acetilheksapeptidas-8<\/strong> \u2013 peptidas, padedantis suma\u017einti mimikos rauk\u0161leles ir pagerinti odos elastingum\u0105.<\/p>\n<p data-start=\"3554\" data-end=\"3572\"><strong data-start=\"3554\" data-end=\"3564\">T\u016bris:<\/strong> 32 ml \/ 59 ml<\/p>\n","protected":false},"excerpt":{"rendered":"<p data-start=\"3900\" data-end=\"3936\">Dr\u0117kinamasis C vitamino stipriklis<\/p>\n<h2 data-start=\"3938\" data-end=\"4200\"><strong data-start=\"3938\" data-end=\"3996\">IMAGE Skincare &#8211; Vital C Hydrating Water Burst Savyb\u0117s<\/strong><\/h2>\n<p data-start=\"3938\" data-end=\"4200\">\u2714\ufe0f U\u017etepus ant odos virsta vandens skys\u010diu<br data-start=\"4041\" data-end=\"4044\" \/>\u2714\ufe0f Giliai dr\u0117kina ir gaivina od\u0105<br data-start=\"4076\" data-end=\"4079\" \/>\u2714\ufe0f Ma\u017eina smulkias rauk\u0161leles ir linijas<br data-start=\"4119\" data-end=\"4122\" \/>\u2714\ufe0f Gerina odos elastingum\u0105 ir stangrum\u0105<br data-start=\"4161\" data-end=\"4164\" \/>\u2714\ufe0f Suteikia energijos ir \u0161vyt\u0117jimo<\/p>\n","protected":false},"featured_media":62428,"template":"","meta":[],"pwb-brand":[1135],"product_brand":[],"product_cat":[738,746,748,754],"product_tag":[],"giftcard-category":[],"class_list":{"0":"post-59629","1":"product","2":"type-product","3":"status-publish","4":"has-post-thumbnail","6":"pwb-brand-image-skincare","7":"product_cat-drekinimas","8":"product_cat-jautriai-odai","9":"product_cat-taukainai-adai-lt","10":"product_cat-travel-size-lt","11":"pa_suurus-32ml-lt","12":"pa_suurus-59ml-lt","14":"first","15":"instock","16":"taxable","17":"shipping-taxable","18":"purchasable","19":"product-type-variable"},"acf":[],"brands":[{"id":1135,"name":"Image Skincare","slug":"image-skincare"}],"_links":{"self":[{"href":"https:\/\/skinstudio.ee\/lt\/wp-json\/wp\/v2\/product\/59629","targetHints":{"allow":["GET"]}}],"collection":[{"href":"https:\/\/skinstudio.ee\/lt\/wp-json\/wp\/v2\/product"}],"about":[{"href":"https:\/\/skinstudio.ee\/lt\/wp-json\/wp\/v2\/types\/product"}],"version-history":[{"count":1,"href":"https:\/\/skinstudio.ee\/lt\/wp-json\/wp\/v2\/product\/59629\/revisions"}],"predecessor-version":[{"id":83378,"href":"https:\/\/skinstudio.ee\/lt\/wp-json\/wp\/v2\/product\/59629\/revisions\/83378"}],"wp:featuredmedia":[{"embeddable":true,"href":"https:\/\/skinstudio.ee\/lt\/wp-json\/wp\/v2\/media\/62428"}],"wp:attachment":[{"href":"https:\/\/skinstudio.ee\/lt\/wp-json\/wp\/v2\/media?parent=59629"}],"wp:term":[{"taxonomy":"pwb-brand","embeddable":true,"href":"https:\/\/skinstudio.ee\/lt\/wp-json\/wp\/v2\/pwb-brand?post=59629"},{"taxonomy":"product_brand","embeddable":true,"href":"https:\/\/skinstudio.ee\/lt\/wp-json\/wp\/v2\/product_brand?post=59629"},{"taxonomy":"product_cat","embeddable":true,"href":"https:\/\/skinstudio.ee\/lt\/wp-json\/wp\/v2\/product_cat?post=59629"},{"taxonomy":"product_tag","embeddable":true,"href":"https:\/\/skinstudio.ee\/lt\/wp-json\/wp\/v2\/product_tag?post=59629"},{"taxonomy":"giftcard-category","embeddable":true,"href":"https:\/\/skinstudio.ee\/lt\/wp-json\/wp\/v2\/giftcard-category?post=59629"}],"curies":[{"name":"wp","href":"https:\/\/api.w.org\/{rel}","templated":true}]}}