{"id":59638,"date":"2024-05-20T15:19:01","date_gmt":"2024-05-20T15:19:01","guid":{"rendered":"https:\/\/skinstudio.ee\/?post_type=product&#038;p=59638"},"modified":"2025-12-29T09:56:59","modified_gmt":"2025-12-29T09:56:59","slug":"vital-c-hydrating-hand-and-body-lotion","status":"publish","type":"product","link":"https:\/\/skinstudio.ee\/lt\/catalog\/image-skincare\/vital-c-hydrating-hand-and-body-lotion\/","title":{"rendered":"Vital C Hydrating Hand and Body Lotion"},"content":{"rendered":"<p data-start=\"1543\" data-end=\"1864\"><strong data-start=\"1543\" data-end=\"1585\">Vital C Hydrating Hand and Body Lotion<\/strong> \u2013 tai atjauninantis losjonas, praturtintas organiniais aliejais ir stipriais antioksidantais.<br data-start=\"1679\" data-end=\"1682\" \/>Sud\u0117tyje esantis vitaminas C, citrusini\u0173 vaisi\u0173 eteriniai aliejai ir nat\u016bral\u016bs emolientai giliai maitina, dr\u0117kina ir atkuria odos elastingum\u0105, suteikdami jai glotnumo ir spindesio.<\/p>\n<p data-start=\"1866\" data-end=\"2192\">Lengvos konsistencijos kremas greitai \u012fsigeria, nepalikdamas riebios pl\u0117vel\u0117s.<br data-start=\"1944\" data-end=\"1947\" \/>Gaivus citrusini\u0173 vaisi\u0173 aromatas suteikia energijos ir paver\u010dia kasdien\u0119 prie\u017ei\u016br\u0105 maloniu ritualu.<br data-start=\"2047\" data-end=\"2050\" \/><strong data-start=\"2050\" data-end=\"2092\">Vital C Hydrating Hand and Body Lotion<\/strong> puikiai tinka kasdieniam rank\u0173 ir k\u016bno dr\u0117kinimui, palikdamas od\u0105 \u0161velni\u0105, mink\u0161t\u0105 ir pri\u017ei\u016br\u0117t\u0105.<\/p>\n<p data-start=\"2194\" data-end=\"2212\"><strong data-start=\"2194\" data-end=\"2204\">T\u016bris:<\/strong> 170 g<\/p>\n","protected":false},"excerpt":{"rendered":"<p data-start=\"2342\" data-end=\"2377\">Dr\u0117kinamasis rank\u0173 ir k\u016bno kremas<\/p>\n<h2 data-start=\"2379\" data-end=\"2650\"><strong data-start=\"2379\" data-end=\"2446\">IMAGE Skincare &#8211; Vital C Hydrating Hand and Body Lotion Savyb\u0117s<\/strong><\/h2>\n<p data-start=\"2379\" data-end=\"2650\">\u2714\ufe0f Giliai maitina ir dr\u0117kina od\u0105<br data-start=\"2481\" data-end=\"2484\" \/>\u2714\ufe0f Pagerina odos tekst\u016br\u0105 ir elastingum\u0105<br data-start=\"2524\" data-end=\"2527\" \/>\u2714\ufe0f Gaivina ir suteikia energijos<br data-start=\"2559\" data-end=\"2562\" \/>\u2714\ufe0f Greitai \u012fsigeria, nepalikdamas riebumo<br data-start=\"2603\" data-end=\"2606\" \/>\u2714\ufe0f Palieka od\u0105 \u0161velni\u0105, lygi\u0105 ir \u0161vytin\u010di\u0105<\/p>\n","protected":false},"featured_media":62423,"template":"","meta":[],"pwb-brand":[1135],"product_brand":[],"product_cat":[758],"product_tag":[],"giftcard-category":[],"class_list":{"0":"post-59638","1":"product","2":"type-product","3":"status-publish","4":"has-post-thumbnail","6":"pwb-brand-image-skincare","7":"product_cat-kuno-prieziura","9":"first","10":"outofstock","11":"taxable","12":"shipping-taxable","13":"purchasable","14":"product-type-simple"},"acf":[],"brands":[{"id":1135,"name":"Image Skincare","slug":"image-skincare"}],"_links":{"self":[{"href":"https:\/\/skinstudio.ee\/lt\/wp-json\/wp\/v2\/product\/59638","targetHints":{"allow":["GET"]}}],"collection":[{"href":"https:\/\/skinstudio.ee\/lt\/wp-json\/wp\/v2\/product"}],"about":[{"href":"https:\/\/skinstudio.ee\/lt\/wp-json\/wp\/v2\/types\/product"}],"version-history":[{"count":0,"href":"https:\/\/skinstudio.ee\/lt\/wp-json\/wp\/v2\/product\/59638\/revisions"}],"wp:featuredmedia":[{"embeddable":true,"href":"https:\/\/skinstudio.ee\/lt\/wp-json\/wp\/v2\/media\/62423"}],"wp:attachment":[{"href":"https:\/\/skinstudio.ee\/lt\/wp-json\/wp\/v2\/media?parent=59638"}],"wp:term":[{"taxonomy":"pwb-brand","embeddable":true,"href":"https:\/\/skinstudio.ee\/lt\/wp-json\/wp\/v2\/pwb-brand?post=59638"},{"taxonomy":"product_brand","embeddable":true,"href":"https:\/\/skinstudio.ee\/lt\/wp-json\/wp\/v2\/product_brand?post=59638"},{"taxonomy":"product_cat","embeddable":true,"href":"https:\/\/skinstudio.ee\/lt\/wp-json\/wp\/v2\/product_cat?post=59638"},{"taxonomy":"product_tag","embeddable":true,"href":"https:\/\/skinstudio.ee\/lt\/wp-json\/wp\/v2\/product_tag?post=59638"},{"taxonomy":"giftcard-category","embeddable":true,"href":"https:\/\/skinstudio.ee\/lt\/wp-json\/wp\/v2\/giftcard-category?post=59638"}],"curies":[{"name":"wp","href":"https:\/\/api.w.org\/{rel}","templated":true}]}}