{"id":59659,"date":"2025-11-13T14:27:28","date_gmt":"2025-11-13T14:27:28","guid":{"rendered":"https:\/\/skinstudio.ee\/?post_type=product&#038;p=59659"},"modified":"2026-01-22T15:04:07","modified_gmt":"2026-01-22T15:04:07","slug":"balance-and-hydrate-duo","status":"publish","type":"product","link":"https:\/\/skinstudio.ee\/lt\/catalog\/is-clinical\/balance-and-hydrate-duo\/","title":{"rendered":"Balance And Hydrate Duo"},"content":{"rendered":"<p data-start=\"2920\" data-end=\"3310\">Sukurkite tobulai subalansuot\u0105 odos prie\u017ei\u016bros rutin\u0105 su <strong data-start=\"2977\" data-end=\"3028\">iS CLINICAL Balance And Hydrate Duo Holiday Set<\/strong> \u2013 dviej\u0173 \u017eingsni\u0173 sistema, skirta giliam valymui ir intensyviam dr\u0117kinimui. \u0160is profesionalus duetas sujungia <strong data-start=\"3139\" data-end=\"3160\">Cleansing Complex<\/strong>prausikl\u012f ir <strong data-start=\"3174\" data-end=\"3194\">Hydra-Cool Serum<\/strong> serum\u0105, suteikdamas visapusi\u0161k\u0105 prie\u017ei\u016br\u0105 vis\u0173 tip\u0173 odai \u2013 \u012fskaitant jautri\u0105, linkusi\u0105 \u012f spuogus ir brand\u017ei\u0105 od\u0105.<\/p>\n<p data-start=\"3312\" data-end=\"4007\"><strong data-start=\"3312\" data-end=\"3333\">Cleansing Complex<\/strong> \u2013 universalus prausiklis, kuris \u0161velniai, bet veiksmingai pa\u0161alina ne\u0161varumus, riebal\u0173 pertekli\u0173 ir makia\u017e\u0105, nepa\u017eeisdamas nat\u016bralaus odos barjero. Formul\u0117, praturtinta augaliniais antioksidantais ir \u0161velniomis AHA\/BHA r\u016bg\u0161timis, padeda atnaujinti od\u0105 ir i\u0161lygina jos ton\u0105.<br data-start=\"3607\" data-end=\"3610\" \/><strong data-start=\"3610\" data-end=\"3635\">Aktyv\u016bs ingredientai:<\/strong><br data-start=\"3635\" data-end=\"3638\" \/>\u2022 <strong data-start=\"3640\" data-end=\"3668\">Centella Asiatica (Cica)<\/strong> \u2013 galingas antioksidantas, padedantis i\u0161laikyti od\u0105 jaunatvi\u0161k\u0105 ir gaivi\u0105.<br data-start=\"3743\" data-end=\"3746\" \/>\u2022 <strong data-start=\"3748\" data-end=\"3772\">Ramun\u0117li\u0173 ekstraktas<\/strong> \u2013 ramina ir ma\u017eina jautrum\u0105.<br data-start=\"3801\" data-end=\"3804\" \/>\u2022 <strong data-start=\"3806\" data-end=\"3833\">Cukranendri\u0173 ekstraktas<\/strong> \u2013 nat\u016brali AHA r\u016bg\u0161tis, \u0161velniai \u0161vei\u010dianti ir glotninanti od\u0105.<br data-start=\"3897\" data-end=\"3900\" \/>\u2022 <strong data-start=\"3902\" data-end=\"3940\">Baltojo gluosnio \u017eiev\u0117s ekstraktas<\/strong> \u2013 nat\u016brali BHA r\u016bg\u0161tis, kuri valo poras ir gerina odos tekst\u016br\u0105.<\/p>\n<p data-start=\"4009\" data-end=\"4535\"><strong data-start=\"4009\" data-end=\"4029\">Hydra-Cool Serum<\/strong> \u2013 lengvas, gaivinantis serumas, u\u017etikrinantis momentin\u012f dr\u0117kinim\u0105 ir v\u0117sinant\u012f poj\u016bt\u012f. Formul\u0117 su hialurono r\u016bg\u0161timi ir Centella Asiatica atkuria dr\u0117gm\u0117s balans\u0105, ramina ir suteikia odai komforto.<br data-start=\"4226\" data-end=\"4229\" \/><strong data-start=\"4229\" data-end=\"4254\">Aktyv\u016bs ingredientai:<\/strong><br data-start=\"4254\" data-end=\"4257\" \/>\u2022 <strong data-start=\"4259\" data-end=\"4280\">Centella Asiatica<\/strong> \u2013 stiprina, ramina ir gerina odos atsparum\u0105.<br data-start=\"4325\" data-end=\"4328\" \/>\u2022 <strong data-start=\"4330\" data-end=\"4351\">Hialurono r\u016bg\u0161tis<\/strong> \u2013 suteikia gil\u0173 ir ilgalaik\u012f dr\u0117kinim\u0105.<br data-start=\"4391\" data-end=\"4394\" \/>\u2022 <strong data-start=\"4396\" data-end=\"4416\">Gryb\u0173 ekstraktas<\/strong> \u2013 i\u0161lygina odos ton\u0105 ir suteikia \u0161vyt\u0117jimo.<br data-start=\"4460\" data-end=\"4463\" \/>\u2022 <strong data-start=\"4465\" data-end=\"4490\">Vitamin\u0173 B kompleksas<\/strong> \u2013 maitina ir atkuria sveik\u0105 odos i\u0161vaizd\u0105.<\/p>\n<p data-start=\"4537\" data-end=\"4734\">\u0160ios apdovanojimus pelniusios, klini\u0161kai patvirtintos formul\u0117s palaiko optimal\u0173 dr\u0117gm\u0117s balans\u0105 ir pastebimai pagerina odos b\u016bkl\u0119. Puikus rinkinys kelion\u0117ms, po proced\u016br\u0173 ar kaip prabangi dovana.<\/p>\n<p data-start=\"4736\" data-end=\"4797\"><strong data-start=\"4736\" data-end=\"4746\">T\u016bris:<\/strong> Cleansing Complex 180 ml, Hydra-Cool Serum 15 ml<\/p>\n","protected":false},"excerpt":{"rendered":"<p data-start=\"5081\" data-end=\"5128\">Dr\u0117kinamasis duetas odos balansui ir gaivumui<\/p>\n<h2 data-start=\"5130\" data-end=\"5253\"><strong data-start=\"5130\" data-end=\"5187\">iS CLINICAL &#8211; Balance And Hydrate Duo rinkin\u012f sudaro:<\/strong><\/h2>\n<p data-start=\"5130\" data-end=\"5253\">\u2714\ufe0f Cleansing Complex 180 ml<br data-start=\"5221\" data-end=\"5224\" \/>\u2714\ufe0f Hydra-Cool Serum 15 ml<\/p>\n","protected":false},"featured_media":63390,"template":"","meta":[],"pwb-brand":[1180],"product_brand":[],"product_cat":[765,756],"product_tag":[],"giftcard-category":[],"class_list":{"0":"post-59659","1":"product","2":"type-product","3":"status-publish","4":"has-post-thumbnail","6":"pwb-brand-is-clinical","7":"product_cat-dovanu-ideja","8":"product_cat-rinkinys","10":"first","11":"instock","12":"sale","13":"taxable","14":"shipping-taxable","15":"purchasable","16":"product-type-simple"},"acf":[],"brands":[{"id":1180,"name":"IS CLINICAL","slug":"is-clinical"}],"_links":{"self":[{"href":"https:\/\/skinstudio.ee\/lt\/wp-json\/wp\/v2\/product\/59659","targetHints":{"allow":["GET"]}}],"collection":[{"href":"https:\/\/skinstudio.ee\/lt\/wp-json\/wp\/v2\/product"}],"about":[{"href":"https:\/\/skinstudio.ee\/lt\/wp-json\/wp\/v2\/types\/product"}],"version-history":[{"count":0,"href":"https:\/\/skinstudio.ee\/lt\/wp-json\/wp\/v2\/product\/59659\/revisions"}],"wp:featuredmedia":[{"embeddable":true,"href":"https:\/\/skinstudio.ee\/lt\/wp-json\/wp\/v2\/media\/63390"}],"wp:attachment":[{"href":"https:\/\/skinstudio.ee\/lt\/wp-json\/wp\/v2\/media?parent=59659"}],"wp:term":[{"taxonomy":"pwb-brand","embeddable":true,"href":"https:\/\/skinstudio.ee\/lt\/wp-json\/wp\/v2\/pwb-brand?post=59659"},{"taxonomy":"product_brand","embeddable":true,"href":"https:\/\/skinstudio.ee\/lt\/wp-json\/wp\/v2\/product_brand?post=59659"},{"taxonomy":"product_cat","embeddable":true,"href":"https:\/\/skinstudio.ee\/lt\/wp-json\/wp\/v2\/product_cat?post=59659"},{"taxonomy":"product_tag","embeddable":true,"href":"https:\/\/skinstudio.ee\/lt\/wp-json\/wp\/v2\/product_tag?post=59659"},{"taxonomy":"giftcard-category","embeddable":true,"href":"https:\/\/skinstudio.ee\/lt\/wp-json\/wp\/v2\/giftcard-category?post=59659"}],"curies":[{"name":"wp","href":"https:\/\/api.w.org\/{rel}","templated":true}]}}