{"id":59675,"date":"2025-11-13T14:58:24","date_gmt":"2025-11-13T14:58:24","guid":{"rendered":"https:\/\/skinstudio.ee\/?post_type=product&#038;p=59675"},"modified":"2026-01-22T15:04:10","modified_gmt":"2026-01-22T15:04:10","slug":"radiance-collection","status":"publish","type":"product","link":"https:\/\/skinstudio.ee\/lt\/catalog\/is-clinical\/radiance-collection\/","title":{"rendered":"Radiance Collection"},"content":{"rendered":"<p data-start=\"2654\" data-end=\"3021\">Atskleiskite sveikos ir \u0161vytin\u010dios odos paslapt\u012f su <strong data-start=\"2706\" data-end=\"2741\">iS CLINICAL Radiance Collection<\/strong> \u2013 i\u0161skirtiniu profesionalios prie\u017ei\u016bros rinkiniu, sukurtu i\u0161samiam valymui, atk\u016brimui ir apsaugai. \u0160i kruop\u0161\u010diai sukurta sistema sujungia inovatyvias formules, \u0161velnias r\u016bg\u0161tis, antioksidantus ir dr\u0117kinan\u010dius ingredientus, padedan\u010dius odai atgauti nat\u016bral\u0173 gaivum\u0105 ir spindes\u012f.<\/p>\n<p data-start=\"3023\" data-end=\"3608\">Kiekvienas produktas rinkinyje veikia sinergi\u0161kai, u\u017etikrindamas pilnavert\u012f prie\u017ei\u016bros ritual\u0105. <strong data-start=\"3119\" data-end=\"3140\">Cleansing Complex<\/strong> giliai valo ir paruo\u0161ia od\u0105, nepa\u017eeisdamas jos apsauginio barjero. <strong data-start=\"3208\" data-end=\"3230\">Active Peel System<\/strong> atnaujina odos tekst\u016br\u0105, pagerina jos ton\u0105 ir suteikia glotnumo. Po valymo <strong data-start=\"3306\" data-end=\"3322\">Active Serum<\/strong> intensyviai veikia netobulumus, ma\u017eina poras ir i\u0161lygina atspalv\u012f. <strong data-start=\"3390\" data-end=\"3422\">Reparative Moisture Emulsion<\/strong> giliai dr\u0117kina, didina elastingum\u0105 ir suteikia odai nat\u016bral\u0173 \u0161vyt\u0117jim\u0105, o <strong data-start=\"3497\" data-end=\"3518\">Youth Eye Complex<\/strong> stiprina jautri\u0105 paaki\u0173 srit\u012f, ma\u017eina paburkim\u0105, tamsius ratilus ir nuovargio po\u017eymius.<\/p>\n<p data-start=\"3610\" data-end=\"4009\"><strong data-start=\"3610\" data-end=\"3645\">iS CLINICAL Radiance Collection<\/strong> pastebimai pagerina odos b\u016bkl\u0119, ji tampa glotnesn\u0117, lygesn\u0117 ir \u0161vytinti jau po keli\u0173 naudojim\u0173. Tai tobula dovana sau ar artimam \u017emogui \u2013 prabangus prie\u017ei\u016bros ritualas, apimantis visk\u0105 nuo valymo ir atnaujinimo iki maitinimo ir apsaugos. Profesionalios kokyb\u0117s prie\u017ei\u016bra, kuri paver\u010dia kasdien\u0119 rutin\u0105 maloniu ritualu ir suteikia odai nepriekai\u0161ting\u0105 \u0161vyt\u0117jim\u0105.<\/p>\n<p data-start=\"4011\" data-end=\"4177\"><strong data-start=\"4011\" data-end=\"4021\">T\u016bris:<\/strong> Cleansing Complex 180 ml, Reparative Moisture Emulsion 50 g, Active Peel System (1 vnt.), Youth Eye Complex 1 g (m\u0117ginys), Active Serum 3.75 ml<\/p>\n","protected":false},"excerpt":{"rendered":"<p data-start=\"4532\" data-end=\"4590\">Prabangus prie\u017ei\u016bros ritualas \u0161vytin\u010diai ir tobulai odai<\/p>\n<h2 data-start=\"4592\" data-end=\"4842\"><strong data-start=\"4592\" data-end=\"4645\">iS CLINICAL &#8211; Radiance Collection rinkin\u012f sudaro:<\/strong><\/h2>\n<p data-start=\"4592\" data-end=\"4842\">\u2714\ufe0f Reparative Moisture Emulsion 50 g<br data-start=\"4688\" data-end=\"4691\" \/>\u2714\ufe0f Cleansing Complex 180 ml<br data-start=\"4722\" data-end=\"4725\" \/>\u2714\ufe0f Active Peel System 1 vnt.<br data-start=\"4759\" data-end=\"4762\" \/>\u2714\ufe0f Youth Eye Complex 1 g\u00a0<br data-start=\"4800\" data-end=\"4803\" \/>\u2714\ufe0f Active Serum 3.75 ml<\/p>\n","protected":false},"featured_media":59666,"template":"","meta":[],"pwb-brand":[1180],"product_brand":[],"product_cat":[765,756],"product_tag":[],"giftcard-category":[],"class_list":{"0":"post-59675","1":"product","2":"type-product","3":"status-publish","4":"has-post-thumbnail","6":"pwb-brand-is-clinical","7":"product_cat-dovanu-ideja","8":"product_cat-rinkinys","10":"first","11":"instock","12":"sale","13":"taxable","14":"shipping-taxable","15":"purchasable","16":"product-type-simple"},"acf":[],"brands":[{"id":1180,"name":"IS CLINICAL","slug":"is-clinical"}],"_links":{"self":[{"href":"https:\/\/skinstudio.ee\/lt\/wp-json\/wp\/v2\/product\/59675","targetHints":{"allow":["GET"]}}],"collection":[{"href":"https:\/\/skinstudio.ee\/lt\/wp-json\/wp\/v2\/product"}],"about":[{"href":"https:\/\/skinstudio.ee\/lt\/wp-json\/wp\/v2\/types\/product"}],"version-history":[{"count":0,"href":"https:\/\/skinstudio.ee\/lt\/wp-json\/wp\/v2\/product\/59675\/revisions"}],"wp:featuredmedia":[{"embeddable":true,"href":"https:\/\/skinstudio.ee\/lt\/wp-json\/wp\/v2\/media\/59666"}],"wp:attachment":[{"href":"https:\/\/skinstudio.ee\/lt\/wp-json\/wp\/v2\/media?parent=59675"}],"wp:term":[{"taxonomy":"pwb-brand","embeddable":true,"href":"https:\/\/skinstudio.ee\/lt\/wp-json\/wp\/v2\/pwb-brand?post=59675"},{"taxonomy":"product_brand","embeddable":true,"href":"https:\/\/skinstudio.ee\/lt\/wp-json\/wp\/v2\/product_brand?post=59675"},{"taxonomy":"product_cat","embeddable":true,"href":"https:\/\/skinstudio.ee\/lt\/wp-json\/wp\/v2\/product_cat?post=59675"},{"taxonomy":"product_tag","embeddable":true,"href":"https:\/\/skinstudio.ee\/lt\/wp-json\/wp\/v2\/product_tag?post=59675"},{"taxonomy":"giftcard-category","embeddable":true,"href":"https:\/\/skinstudio.ee\/lt\/wp-json\/wp\/v2\/giftcard-category?post=59675"}],"curies":[{"name":"wp","href":"https:\/\/api.w.org\/{rel}","templated":true}]}}