{"id":59712,"date":"2024-06-03T10:13:04","date_gmt":"2024-06-03T10:13:04","guid":{"rendered":"https:\/\/skinstudio.ee\/?post_type=product&#038;p=59712"},"modified":"2025-12-29T09:56:56","modified_gmt":"2025-12-29T09:56:56","slug":"image-md-restoring-retinol-booster","status":"publish","type":"product","link":"https:\/\/skinstudio.ee\/lt\/catalog\/image-skincare\/image-md-restoring-retinol-booster\/","title":{"rendered":"MD Restoring Retinol Booster"},"content":{"rendered":"<p data-start=\"1474\" data-end=\"1799\"><strong data-start=\"1474\" data-end=\"1514\">IMAGE MD Restoring Retinol Booster<\/strong> \u2013 itin koncentruotas augalini\u0173 aliej\u0173 ir aktyvaus retinolio derinys, sukurtas giliai naktinei odos regeneracijai.<br data-start=\"1628\" data-end=\"1631\" \/>Formul\u0117 padeda suma\u017einti aplinkos poveikio sukeltus ankstyvo sen\u0117jimo po\u017eymius, i\u0161lyginti odos atspalv\u012f, sumink\u0161tinti smulkias rauk\u0161leles ir pagerinti odos stangrum\u0105.<\/p>\n<p data-start=\"1801\" data-end=\"2103\">Prabang\u016bs augaliniai aliejai ir retinolis sujungti vienoje galingoje priemon\u0117je, kuri suteikia intensyv\u0173 maitinim\u0105 ir matom\u0105 atsinaujinim\u0105 jau po pirmo naudojimo.<br data-start=\"1963\" data-end=\"1966\" \/>Reguliarus naudojimas leid\u017eia <strong data-start=\"1996\" data-end=\"2036\">IMAGE MD Restoring Retinol Booster<\/strong> padaryti od\u0105 lygesn\u0119, stangresn\u0119 ir ry\u0161kiai \u0161vytin\u010di\u0105 kit\u0105 ryt\u0105.<\/p>\n<p data-start=\"2105\" data-end=\"2123\"><strong data-start=\"2105\" data-end=\"2115\">T\u016bris:<\/strong> 30 ml<\/p>\n","protected":false},"excerpt":{"rendered":"<p data-start=\"2252\" data-end=\"2273\">Retinolio boosteris<\/p>\n<h2 data-start=\"2275\" data-end=\"2550\"><strong data-start=\"2275\" data-end=\"2323\">IMAGE MD Restoring Retinol Booster Savyb\u0117s<\/strong><\/h2>\n<p data-start=\"2275\" data-end=\"2550\">\u2714\ufe0f Ma\u017eina sen\u0117jimo po\u017eymius ir rauk\u0161leles<br data-start=\"2367\" data-end=\"2370\" \/>\u2714\ufe0f Gerina odos tekst\u016br\u0105, stangrum\u0105 ir ton\u0105<br data-start=\"2412\" data-end=\"2415\" \/>\u2714\ufe0f Maitina ir stiprina odos apsaugin\u012f barjer\u0105<br data-start=\"2460\" data-end=\"2463\" \/>\u2714\ufe0f Didina elastingum\u0105 ir \u0161velnum\u0105<br data-start=\"2496\" data-end=\"2499\" \/>\u2714\ufe0f Suteikia odai \u0161vyt\u0117jimo, glotnumo ir skaistumo<\/p>\n","protected":false},"featured_media":62203,"template":"","meta":[],"pwb-brand":[1135],"product_brand":[],"product_cat":[728],"product_tag":[],"giftcard-category":[],"class_list":{"0":"post-59712","1":"product","2":"type-product","3":"status-publish","4":"has-post-thumbnail","6":"pwb-brand-image-skincare","7":"product_cat-vitaminas-a-retinolis","9":"first","10":"instock","11":"sale","12":"taxable","13":"shipping-taxable","14":"purchasable","15":"product-type-simple"},"acf":[],"brands":[{"id":1135,"name":"Image Skincare","slug":"image-skincare"}],"_links":{"self":[{"href":"https:\/\/skinstudio.ee\/lt\/wp-json\/wp\/v2\/product\/59712","targetHints":{"allow":["GET"]}}],"collection":[{"href":"https:\/\/skinstudio.ee\/lt\/wp-json\/wp\/v2\/product"}],"about":[{"href":"https:\/\/skinstudio.ee\/lt\/wp-json\/wp\/v2\/types\/product"}],"version-history":[{"count":0,"href":"https:\/\/skinstudio.ee\/lt\/wp-json\/wp\/v2\/product\/59712\/revisions"}],"wp:featuredmedia":[{"embeddable":true,"href":"https:\/\/skinstudio.ee\/lt\/wp-json\/wp\/v2\/media\/62203"}],"wp:attachment":[{"href":"https:\/\/skinstudio.ee\/lt\/wp-json\/wp\/v2\/media?parent=59712"}],"wp:term":[{"taxonomy":"pwb-brand","embeddable":true,"href":"https:\/\/skinstudio.ee\/lt\/wp-json\/wp\/v2\/pwb-brand?post=59712"},{"taxonomy":"product_brand","embeddable":true,"href":"https:\/\/skinstudio.ee\/lt\/wp-json\/wp\/v2\/product_brand?post=59712"},{"taxonomy":"product_cat","embeddable":true,"href":"https:\/\/skinstudio.ee\/lt\/wp-json\/wp\/v2\/product_cat?post=59712"},{"taxonomy":"product_tag","embeddable":true,"href":"https:\/\/skinstudio.ee\/lt\/wp-json\/wp\/v2\/product_tag?post=59712"},{"taxonomy":"giftcard-category","embeddable":true,"href":"https:\/\/skinstudio.ee\/lt\/wp-json\/wp\/v2\/giftcard-category?post=59712"}],"curies":[{"name":"wp","href":"https:\/\/api.w.org\/{rel}","templated":true}]}}