{"id":59722,"date":"2024-05-20T15:44:47","date_gmt":"2024-05-20T15:44:47","guid":{"rendered":"https:\/\/skinstudio.ee\/?post_type=product&#038;p=59722"},"modified":"2025-12-29T09:56:59","modified_gmt":"2025-12-29T09:56:59","slug":"vital-hydration-kit","status":"publish","type":"product","link":"https:\/\/skinstudio.ee\/lt\/catalog\/image-skincare\/vital-hydration-kit\/","title":{"rendered":"Vital Hydration Kit"},"content":{"rendered":"<p data-start=\"1580\" data-end=\"1878\"><strong data-start=\"1580\" data-end=\"1603\">Vital Hydration Kit<\/strong> \u2013 tai trij\u0173 \u017eingsni\u0173 intensyvaus dr\u0117kinimo ir atk\u016brimo sistema, sukurta sausai, brand\u017eiai ir \u012f paraudim\u0105 linkusiai odai.<br data-start=\"1724\" data-end=\"1727\" \/>Rinkinys sujungia populiariausius Vital C linijos produktus, kurie giliai maitina od\u0105, stiprina j\u0105 ir suteikia tolyg\u0173, \u0161vie\u017ei\u0105 bei \u0161vytint\u012f atspalv\u012f.<\/p>\n<p data-start=\"1880\" data-end=\"2148\">D\u0117l \u0161velnaus prausiklio, maitinamojo serumo ir atkuriamojo naktinio kremo <strong data-start=\"1954\" data-end=\"1977\">Vital Hydration Kit<\/strong> sukuria piln\u0105 odos prie\u017ei\u016bros ritual\u0105 &#8211; tiek kelion\u0117se, tiek namuose.<br data-start=\"2047\" data-end=\"2050\" \/>Reguliariai naudojant oda tampa mink\u0161tesn\u0117, ramesn\u0117, stangresn\u0117 ir pastebimai labiau sudr\u0117kinta.<\/p>\n","protected":false},"excerpt":{"rendered":"<p data-start=\"2368\" data-end=\"2422\">Dr\u0117kinamasis prie\u0161rauk\u0161linis kelioninis rinkinys<\/p>\n<h2 data-start=\"2424\" data-end=\"2676\"><strong data-start=\"2424\" data-end=\"2480\">IMAGE SKINCARE &#8211; Vital Hydration Kit rinkin\u012f sudaro:<\/strong><\/h2>\n<p data-start=\"2424\" data-end=\"2676\">\u2714\ufe0f VITAL C dr\u0117kinamasis prausiklis 50 ml<br data-start=\"2523\" data-end=\"2526\" \/>\u2714\ufe0f VITAL C dr\u0117kinamasis prie\u0161rauk\u0161linis serumas 15 ml<br data-start=\"2579\" data-end=\"2582\" \/>\u2714\ufe0f VITAL C dr\u0117kinamasis atkuriamasis naktinis kremas 28 g<br data-start=\"2639\" data-end=\"2642\" \/>\u2714\ufe0f Skaidrus kosmetinis krep\u0161elis<\/p>\n","protected":false},"featured_media":62413,"template":"","meta":[],"pwb-brand":[1135],"product_brand":[],"product_cat":[765,756,754],"product_tag":[],"giftcard-category":[],"class_list":{"0":"post-59722","1":"product","2":"type-product","3":"status-publish","4":"has-post-thumbnail","6":"pwb-brand-image-skincare","7":"product_cat-dovanu-ideja","8":"product_cat-rinkinys","9":"product_cat-travel-size-lt","11":"first","12":"instock","13":"taxable","14":"shipping-taxable","15":"purchasable","16":"product-type-simple"},"acf":[],"brands":[{"id":1135,"name":"Image Skincare","slug":"image-skincare"}],"_links":{"self":[{"href":"https:\/\/skinstudio.ee\/lt\/wp-json\/wp\/v2\/product\/59722","targetHints":{"allow":["GET"]}}],"collection":[{"href":"https:\/\/skinstudio.ee\/lt\/wp-json\/wp\/v2\/product"}],"about":[{"href":"https:\/\/skinstudio.ee\/lt\/wp-json\/wp\/v2\/types\/product"}],"version-history":[{"count":0,"href":"https:\/\/skinstudio.ee\/lt\/wp-json\/wp\/v2\/product\/59722\/revisions"}],"wp:featuredmedia":[{"embeddable":true,"href":"https:\/\/skinstudio.ee\/lt\/wp-json\/wp\/v2\/media\/62413"}],"wp:attachment":[{"href":"https:\/\/skinstudio.ee\/lt\/wp-json\/wp\/v2\/media?parent=59722"}],"wp:term":[{"taxonomy":"pwb-brand","embeddable":true,"href":"https:\/\/skinstudio.ee\/lt\/wp-json\/wp\/v2\/pwb-brand?post=59722"},{"taxonomy":"product_brand","embeddable":true,"href":"https:\/\/skinstudio.ee\/lt\/wp-json\/wp\/v2\/product_brand?post=59722"},{"taxonomy":"product_cat","embeddable":true,"href":"https:\/\/skinstudio.ee\/lt\/wp-json\/wp\/v2\/product_cat?post=59722"},{"taxonomy":"product_tag","embeddable":true,"href":"https:\/\/skinstudio.ee\/lt\/wp-json\/wp\/v2\/product_tag?post=59722"},{"taxonomy":"giftcard-category","embeddable":true,"href":"https:\/\/skinstudio.ee\/lt\/wp-json\/wp\/v2\/giftcard-category?post=59722"}],"curies":[{"name":"wp","href":"https:\/\/api.w.org\/{rel}","templated":true}]}}