{"id":59733,"date":"2024-05-21T11:18:11","date_gmt":"2024-05-21T11:18:11","guid":{"rendered":"https:\/\/skinstudio.ee\/?post_type=product&#038;p=59733"},"modified":"2025-12-29T09:56:59","modified_gmt":"2025-12-29T09:56:59","slug":"vital-c-hydrating-facial-oil","status":"publish","type":"product","link":"https:\/\/skinstudio.ee\/lt\/catalog\/image-skincare\/vital-c-hydrating-facial-oil\/","title":{"rendered":"Vital C Hydrating Facial Oil"},"content":{"rendered":"<p data-start=\"1898\" data-end=\"2181\"><strong data-start=\"1898\" data-end=\"1930\">Vital C Hydrating Facial Oil<\/strong> \u2013 itin lengvas, maitinantis aliejus, intensyviai dr\u0117kinantis ir raminantis saus\u0105, dehidratuot\u0105 ir jautri\u0105 od\u0105.<br data-start=\"2041\" data-end=\"2044\" \/>\u0160ilkin\u0117 tekst\u016bra greitai \u012fsigeria, suma\u017eina tempimo poj\u016bt\u012f ir gr\u0105\u017eina odai komfort\u0105, palikdama j\u0105 \u0161velni\u0105 ir lygi\u0105 nuo pirm\u0173j\u0173 naudojim\u0173.<\/p>\n<p data-start=\"2183\" data-end=\"2484\">Moringos, \u0161altalanki\u0173 ir vynuogi\u0173 s\u0117kl\u0173 aliej\u0173 derinys &#8211; turtingas antioksidant\u0173 ir omega r\u016bg\u0161\u010di\u0173 &#8211; stiprina odos barjer\u0105, \u0161viesina ir suteikia sveiko spindesio.<br data-start=\"2344\" data-end=\"2347\" \/>Reguliarus naudojimas su <strong data-start=\"2372\" data-end=\"2404\">Vital C Hydrating Facial Oil<\/strong> pagerina odos elastingum\u0105, palaiko dr\u0117gm\u0117s balans\u0105 ir atkuria odos gyvybingum\u0105.<\/p>\n<p data-start=\"2486\" data-end=\"2748\">Formul\u0117je n\u0117ra paraben\u0173 ir mineralini\u0173 aliej\u0173, ji \u0161velni, universali ir lengvai \u012fsilieja \u012f bet kuri\u0105 odos prie\u017ei\u016bros rutin\u0105.<br data-start=\"2610\" data-end=\"2613\" \/>Aliej\u0173 galima naudoti vien\u0105, mai\u0161yti su serumais ar kremais arba prid\u0117ti prie IMAGE Skincare mineralini\u0173 maskuokli\u0173 papildomai dr\u0117gmei.<\/p>\n<p data-start=\"2750\" data-end=\"2768\"><strong data-start=\"2750\" data-end=\"2760\">T\u016bris:<\/strong> 30 ml<\/p>\n","protected":false},"excerpt":{"rendered":"<p data-start=\"3116\" data-end=\"3144\">Dr\u0117kinamasis veido aliejus<\/p>\n<h2 data-start=\"3146\" data-end=\"3393\"><strong data-start=\"3146\" data-end=\"3203\">IMAGE Skincare &#8211; Vital C Hydrating Facial Oil Savyb\u0117s<\/strong><\/h2>\n<p data-start=\"3146\" data-end=\"3393\">\u2714\ufe0f Maitina ir atkuria od\u0105<br data-start=\"3231\" data-end=\"3234\" \/>\u2714\ufe0f Suteikia stipr\u0173 atjauninant\u012f poveik\u012f<br data-start=\"3273\" data-end=\"3276\" \/>\u2714\ufe0f Greitai \u012fsigeria, palikdamas \u0161ilkin\u012f poj\u016bt\u012f<br data-start=\"3322\" data-end=\"3325\" \/>\u2714\ufe0f Gerina elastingum\u0105 ir \u0161velnum\u0105<br data-start=\"3358\" data-end=\"3361\" \/>\u2714\ufe0f Suteikia nat\u016bral\u0173 \u0161vyt\u0117jim\u0105<\/p>\n","protected":false},"featured_media":62408,"template":"","meta":[],"pwb-brand":[1135],"product_brand":[],"product_cat":[738,740],"product_tag":[],"giftcard-category":[],"class_list":{"0":"post-59733","1":"product","2":"type-product","3":"status-publish","4":"has-post-thumbnail","6":"pwb-brand-image-skincare","7":"product_cat-drekinimas","8":"product_cat-sausai-odai","10":"first","11":"instock","12":"sale","13":"taxable","14":"shipping-taxable","15":"purchasable","16":"product-type-simple"},"acf":[],"brands":[{"id":1135,"name":"Image Skincare","slug":"image-skincare"}],"_links":{"self":[{"href":"https:\/\/skinstudio.ee\/lt\/wp-json\/wp\/v2\/product\/59733","targetHints":{"allow":["GET"]}}],"collection":[{"href":"https:\/\/skinstudio.ee\/lt\/wp-json\/wp\/v2\/product"}],"about":[{"href":"https:\/\/skinstudio.ee\/lt\/wp-json\/wp\/v2\/types\/product"}],"version-history":[{"count":0,"href":"https:\/\/skinstudio.ee\/lt\/wp-json\/wp\/v2\/product\/59733\/revisions"}],"wp:featuredmedia":[{"embeddable":true,"href":"https:\/\/skinstudio.ee\/lt\/wp-json\/wp\/v2\/media\/62408"}],"wp:attachment":[{"href":"https:\/\/skinstudio.ee\/lt\/wp-json\/wp\/v2\/media?parent=59733"}],"wp:term":[{"taxonomy":"pwb-brand","embeddable":true,"href":"https:\/\/skinstudio.ee\/lt\/wp-json\/wp\/v2\/pwb-brand?post=59733"},{"taxonomy":"product_brand","embeddable":true,"href":"https:\/\/skinstudio.ee\/lt\/wp-json\/wp\/v2\/product_brand?post=59733"},{"taxonomy":"product_cat","embeddable":true,"href":"https:\/\/skinstudio.ee\/lt\/wp-json\/wp\/v2\/product_cat?post=59733"},{"taxonomy":"product_tag","embeddable":true,"href":"https:\/\/skinstudio.ee\/lt\/wp-json\/wp\/v2\/product_tag?post=59733"},{"taxonomy":"giftcard-category","embeddable":true,"href":"https:\/\/skinstudio.ee\/lt\/wp-json\/wp\/v2\/giftcard-category?post=59733"}],"curies":[{"name":"wp","href":"https:\/\/api.w.org\/{rel}","templated":true}]}}