{"id":59744,"date":"2024-05-21T11:29:33","date_gmt":"2024-05-21T11:29:33","guid":{"rendered":"https:\/\/skinstudio.ee\/?post_type=product&#038;p=59744"},"modified":"2025-12-29T09:56:55","modified_gmt":"2025-12-29T09:56:55","slug":"i-mask-purifying-probiotic-mask","status":"publish","type":"product","link":"https:\/\/skinstudio.ee\/lt\/catalog\/image-skincare\/i-mask-purifying-probiotic-mask\/","title":{"rendered":"I MASK Purifying Probiotic Mask"},"content":{"rendered":"<p data-start=\"1862\" data-end=\"2130\"><strong data-start=\"1862\" data-end=\"1897\">I MASK Purifying Probiotic Mask<\/strong> \u2013 tai stiprinamoji probiotin\u0117 kauk\u0117, atkurianti nat\u016bral\u0173 odos balans\u0105 ir padedanti apsaugoti j\u0105 nuo dehidratacijos.<br data-start=\"2013\" data-end=\"2016\" \/>Jogurto probiotik\u0173 ir supervaisi\u0173 derinys sustiprina odos barjer\u0105, pagerina atspalv\u012f ir suteikia sveik\u0105 \u0161vyt\u0117jim\u0105.<\/p>\n<p data-start=\"2132\" data-end=\"2416\">Tamsiai \u017ealia formul\u0117 praturtinta vitaminais, mineralais ir antioksidantais, kurie kovoja su papilk\u0117jimu ir aplinkos sukeltu pa\u017eeidimu.<br data-start=\"2267\" data-end=\"2270\" \/>\u017dalioji molio ir anglies kombinacija detoksikuoja od\u0105, giliai valo poras, normalizuoja riebal\u0173 i\u0161siskyrim\u0105 ir suteikia \u0161varos bei glotnumo poj\u016bt\u012f.<\/p>\n<p data-start=\"2418\" data-end=\"2878\"><strong data-start=\"2418\" data-end=\"2443\">Aktyv\u016bs ingredientai:<\/strong><br data-start=\"2443\" data-end=\"2446\" \/>Jogurto probiotikai \u2013 atkuria odos mikrobiom\u0105 ir stiprina apsaugin\u012f barjer\u0105.<br data-start=\"2522\" data-end=\"2525\" \/>Prebiotikai \u2013 sustiprina probiotik\u0173 poveik\u012f.<br data-start=\"2569\" data-end=\"2572\" \/>Multifruk\u010di\u0173 kompleksas (goji, granatai, mangostanai, acai, vitaminas C) \u2013 suteikia \u0161vyt\u0117jimo ir pagerina odos ton\u0105.<br data-start=\"2688\" data-end=\"2691\" \/>Brazilijos \u017ealias molis \u2013 valo ir sutraukia poras.<br data-start=\"2741\" data-end=\"2744\" \/>Aktyvuota anglis \u2013 \u0161alina toksinus ir balansuoja riebal\u0173 gamyb\u0105.<br data-start=\"2808\" data-end=\"2811\" \/>Gaid\u017eio \u017eol\u0117s (willowherb) ekstraktas \u2013 ramina ir ma\u017eina paraudim\u0105.<\/p>\n<p data-start=\"2880\" data-end=\"2897\"><strong data-start=\"2880\" data-end=\"2890\">T\u016bris:<\/strong> 57 g<\/p>\n","protected":false},"excerpt":{"rendered":"<p data-start=\"3054\" data-end=\"3079\">Probiotin\u0117 valomoji kauk\u0117<\/p>\n<h2 data-start=\"3081\" data-end=\"3374\"><strong data-start=\"3081\" data-end=\"3141\">IMAGE SKINCARE &#8211; I MASK Purifying Probiotic Mask Savyb\u0117s<\/strong><\/h2>\n<p data-start=\"3081\" data-end=\"3374\">\u2714\ufe0f Stiprina od\u0105 ir balansuoja mikroflor\u0105<br data-start=\"3184\" data-end=\"3187\" \/>\u2714\ufe0f Detoksikuoja ir giliai valo poras<br data-start=\"3223\" data-end=\"3226\" \/>\u2714\ufe0f Glotnina ir gerina odos tekst\u016br\u0105<br data-start=\"3261\" data-end=\"3264\" \/>\u2714\ufe0f Didina odos atsparum\u0105 disbalansui ir dehidratacijai<br data-start=\"3318\" data-end=\"3321\" \/>\u2714\ufe0f Suteikia \u0161vie\u017ei\u0105, skaidri\u0105 ir \u0161vytin\u010di\u0105 i\u0161vaizd\u0105<\/p>\n","protected":false},"featured_media":62398,"template":"","meta":[],"pwb-brand":[1135],"product_brand":[],"product_cat":[742,726,748],"product_tag":[],"giftcard-category":[],"class_list":{"0":"post-59744","1":"product","2":"type-product","3":"status-publish","4":"has-post-thumbnail","6":"pwb-brand-image-skincare","7":"product_cat-berimai","8":"product_cat-maskas-lt","9":"product_cat-taukainai-adai-lt","11":"first","12":"instock","13":"taxable","14":"shipping-taxable","15":"purchasable","16":"product-type-simple"},"acf":[],"brands":[{"id":1135,"name":"Image Skincare","slug":"image-skincare"}],"_links":{"self":[{"href":"https:\/\/skinstudio.ee\/lt\/wp-json\/wp\/v2\/product\/59744","targetHints":{"allow":["GET"]}}],"collection":[{"href":"https:\/\/skinstudio.ee\/lt\/wp-json\/wp\/v2\/product"}],"about":[{"href":"https:\/\/skinstudio.ee\/lt\/wp-json\/wp\/v2\/types\/product"}],"version-history":[{"count":0,"href":"https:\/\/skinstudio.ee\/lt\/wp-json\/wp\/v2\/product\/59744\/revisions"}],"wp:featuredmedia":[{"embeddable":true,"href":"https:\/\/skinstudio.ee\/lt\/wp-json\/wp\/v2\/media\/62398"}],"wp:attachment":[{"href":"https:\/\/skinstudio.ee\/lt\/wp-json\/wp\/v2\/media?parent=59744"}],"wp:term":[{"taxonomy":"pwb-brand","embeddable":true,"href":"https:\/\/skinstudio.ee\/lt\/wp-json\/wp\/v2\/pwb-brand?post=59744"},{"taxonomy":"product_brand","embeddable":true,"href":"https:\/\/skinstudio.ee\/lt\/wp-json\/wp\/v2\/product_brand?post=59744"},{"taxonomy":"product_cat","embeddable":true,"href":"https:\/\/skinstudio.ee\/lt\/wp-json\/wp\/v2\/product_cat?post=59744"},{"taxonomy":"product_tag","embeddable":true,"href":"https:\/\/skinstudio.ee\/lt\/wp-json\/wp\/v2\/product_tag?post=59744"},{"taxonomy":"giftcard-category","embeddable":true,"href":"https:\/\/skinstudio.ee\/lt\/wp-json\/wp\/v2\/giftcard-category?post=59744"}],"curies":[{"name":"wp","href":"https:\/\/api.w.org\/{rel}","templated":true}]}}