{"id":59769,"date":"2024-12-11T11:50:34","date_gmt":"2024-12-11T11:50:34","guid":{"rendered":"https:\/\/skinstudio.ee\/?post_type=product&#038;p=59769"},"modified":"2025-12-29T09:56:55","modified_gmt":"2025-12-29T09:56:55","slug":"i-mask-hydrating-hydrogel-sheet-mask-5tk","status":"publish","type":"product","link":"https:\/\/skinstudio.ee\/lt\/catalog\/image-skincare\/i-mask-hydrating-hydrogel-sheet-mask-5tk\/","title":{"rendered":"I MASK Hydrating Hydrogel Sheet Mask (5pc)"},"content":{"rendered":"<p data-start=\"2488\" data-end=\"2824\"><strong data-start=\"2488\" data-end=\"2528\">I MASK Hydrating Hydrogel Sheet Mask<\/strong> \u2013 intensyviai dr\u0117kinanti, akimirksniu gaivinanti hidrogelin\u0117 kauk\u0117, sukurta sausai, pilk\u0161vai ir dr\u0117gm\u0117s stokojan\u010diai odai.<br data-start=\"2651\" data-end=\"2654\" \/>Polisacharid\u0173 pagrindu sukurta hidrogelin\u0117 tekst\u016bra suteikia gili\u0105 dr\u0117gm\u0119, v\u0117sina, ramina ir atkuria od\u0105, palikdama j\u0105 \u0161velni\u0105, lygi\u0105 ir \u0161vytin\u010di\u0105 jau po vieno naudojimo.<\/p>\n<p data-start=\"2826\" data-end=\"3175\">Formul\u0117 praturtinta unikaliu biomolekuliniu kompleksu i\u0161 Onsen-Sui ir Jeju vulkaninio vandens, amino r\u016bg\u0161\u010di\u0173, organinio durpi\u0173 vandens ir stipri\u0173 antioksidant\u0173.<br data-start=\"2986\" data-end=\"2989\" \/>D\u0117l didel\u0117s aktyvi\u0173j\u0173 med\u017eiag\u0173 koncentracijos \u0161i kauk\u0117 idealiai tinka po kosmetini\u0173 proced\u016br\u0173, taip pat kaip SOS priemon\u0117, kai odai reikia greito atstatymo, glotnumo ir gilaus dr\u0117kinimo.<\/p>\n<p data-start=\"3177\" data-end=\"3658\"><strong data-start=\"3177\" data-end=\"3202\">Aktyv\u016bs ingredientai:<\/strong><br data-start=\"3202\" data-end=\"3205\" \/>\u2022 Vulkaninis vanduo (Onsen-Sui &amp; Jeju) \u2013 mineralais praturtinta dr\u0117gm\u0117 ir odos stiprinimas<br data-start=\"3295\" data-end=\"3298\" \/>\u2022 Amino r\u016bg\u0161\u010di\u0173 kompleksas \u2013 padeda atkurti apsaugin\u012f odos barjer\u0105<br data-start=\"3364\" data-end=\"3367\" \/>\u2022 Organinis durpi\u0173 vanduo \u2013 detoksikuoja ir pa\u0161alina ne\u0161varumus<br data-start=\"3430\" data-end=\"3433\" \/>\u2022 Hialurono r\u016bg\u0161tis \u2013 suteikia gili\u0105 dr\u0117gm\u0119 ir elastingum\u0105<br data-start=\"3491\" data-end=\"3494\" \/>\u2022 \u017daliosios arbatos ekstraktas \u2013 ramina od\u0105 ir saugo nuo oksidacinio streso<br data-start=\"3569\" data-end=\"3572\" \/>\u2022 Raudonojo vyno ekstraktas \u2013 stiprus antioksidantas, apsaugantis kolagen\u0105 nuo irimo<\/p>\n<p data-start=\"3660\" data-end=\"3679\"><strong data-start=\"3660\" data-end=\"3670\">T\u016bris:<\/strong> 5 vnt<\/p>\n","protected":false},"excerpt":{"rendered":"<p data-start=\"4254\" data-end=\"4285\">Dr\u0117kinamoji hidrogelin\u0117 kauk\u0117<\/p>\n<h2 data-start=\"4287\" data-end=\"4554\"><strong data-start=\"4287\" data-end=\"4352\">IMAGE SKINCARE &#8211; I MASK Hydrating Hydrogel Sheet Mask Savyb\u0117s<\/strong><\/h2>\n<p data-start=\"4287\" data-end=\"4554\">\u2714\ufe0f Suteikia momentin\u0119 ir ilgalaik\u0119 dr\u0117gm\u0119<br data-start=\"4396\" data-end=\"4399\" \/>\u2714\ufe0f Ramina, v\u0117sina ir gaivina od\u0105<br data-start=\"4431\" data-end=\"4434\" \/>\u2714\ufe0f Gerina lygum\u0105 ir ma\u017eina pilk\u0161vum\u0105<br data-start=\"4470\" data-end=\"4473\" \/>\u2714\ufe0f U\u017etikrina antioksidacin\u0119 apsaug\u0105<br data-start=\"4508\" data-end=\"4511\" \/>\u2714\ufe0f Idealiai tinka po kosmetini\u0173 proced\u016br\u0173<\/p>\n<p data-start=\"4287\" data-end=\"4554\"><span style=\"text-decoration: underline; color: #0000ff;\"><a style=\"color: #0000ff; text-decoration: underline;\" href=\"https:\/\/skinstudio.ee\/lt\/toode\/image-skincare\/i-mask-hydrating-hydrogel-sheet-mask-1pc\/\">Prieinamas I MASK Hydrating Hydrogel Sheet Mask (1 vnt.)<\/a><\/span><\/p>\n","protected":false},"featured_media":62051,"template":"","meta":[],"pwb-brand":[1135],"product_brand":[],"product_cat":[738,746,726,740,750],"product_tag":[],"giftcard-category":[],"class_list":{"0":"post-59769","1":"product","2":"type-product","3":"status-publish","4":"has-post-thumbnail","6":"pwb-brand-image-skincare","7":"product_cat-drekinimas","8":"product_cat-jautriai-odai","9":"product_cat-maskas-lt","10":"product_cat-sausai-odai","11":"product_cat-senstanti-oda","12":"pa_suurus-1pc-lt","14":"first","15":"instock","16":"taxable","17":"shipping-taxable","18":"purchasable","19":"product-type-simple"},"acf":[],"brands":[{"id":1135,"name":"Image Skincare","slug":"image-skincare"}],"_links":{"self":[{"href":"https:\/\/skinstudio.ee\/lt\/wp-json\/wp\/v2\/product\/59769","targetHints":{"allow":["GET"]}}],"collection":[{"href":"https:\/\/skinstudio.ee\/lt\/wp-json\/wp\/v2\/product"}],"about":[{"href":"https:\/\/skinstudio.ee\/lt\/wp-json\/wp\/v2\/types\/product"}],"version-history":[{"count":0,"href":"https:\/\/skinstudio.ee\/lt\/wp-json\/wp\/v2\/product\/59769\/revisions"}],"wp:featuredmedia":[{"embeddable":true,"href":"https:\/\/skinstudio.ee\/lt\/wp-json\/wp\/v2\/media\/62051"}],"wp:attachment":[{"href":"https:\/\/skinstudio.ee\/lt\/wp-json\/wp\/v2\/media?parent=59769"}],"wp:term":[{"taxonomy":"pwb-brand","embeddable":true,"href":"https:\/\/skinstudio.ee\/lt\/wp-json\/wp\/v2\/pwb-brand?post=59769"},{"taxonomy":"product_brand","embeddable":true,"href":"https:\/\/skinstudio.ee\/lt\/wp-json\/wp\/v2\/product_brand?post=59769"},{"taxonomy":"product_cat","embeddable":true,"href":"https:\/\/skinstudio.ee\/lt\/wp-json\/wp\/v2\/product_cat?post=59769"},{"taxonomy":"product_tag","embeddable":true,"href":"https:\/\/skinstudio.ee\/lt\/wp-json\/wp\/v2\/product_tag?post=59769"},{"taxonomy":"giftcard-category","embeddable":true,"href":"https:\/\/skinstudio.ee\/lt\/wp-json\/wp\/v2\/giftcard-category?post=59769"}],"curies":[{"name":"wp","href":"https:\/\/api.w.org\/{rel}","templated":true}]}}