{"id":59786,"date":"2024-05-24T12:27:40","date_gmt":"2024-05-24T12:27:40","guid":{"rendered":"https:\/\/skinstudio.ee\/?post_type=product&#038;p=59786"},"modified":"2026-02-24T15:39:48","modified_gmt":"2026-02-24T15:39:48","slug":"daily-prevention-protect-and-refresh-mist-spf-30","status":"publish","type":"product","link":"https:\/\/skinstudio.ee\/lt\/catalog\/image-skincare\/daily-prevention-protect-and-refresh-mist-spf-30\/","title":{"rendered":"Daily Prevention Protect and Refresh Mist SPF 30"},"content":{"rendered":"<div class=\"woocommerce-product-details__short-description\">\n<p data-start=\"1917\" data-end=\"2270\"><strong data-start=\"1917\" data-end=\"1962\">Daily Prevention Protect and Refresh Mist<\/strong> \u2013 itin lengvas, dr\u0117kinamasis apsauginis pur\u0161kiklis nuo saul\u0117s, suteikiantis veiksming\u0105 UV apsaug\u0105 ir gaiv\u0173 dr\u0117kinim\u0105.<br data-start=\"2080\" data-end=\"2083\" \/>Unikali sausos alyvos tekst\u016bra greitai \u012fsigeria, nepalieka lipnumo ir sukuria skaidr\u0173, vos matom\u0105 sluoksn\u012f \u2014 puikiai tinka pakartotinai apsaugai nuo saul\u0117s dienos metu, netgi ant makia\u017eo.<\/p>\n<p data-start=\"2272\" data-end=\"2505\">Pur\u0161kiklis yra atsparus vandeniui iki 80 minu\u010di\u0173, tod\u0117l idealiai tinka kelion\u0117ms, aktyviam laisvalaikiui ir sportui.<br data-start=\"2388\" data-end=\"2391\" \/>Maitinamosios sudedamosios dalys padeda i\u0161laikyti od\u0105 mink\u0161t\u0105, komforti\u0161k\u0105 ir gerai dr\u0117kint\u0105 net ir saul\u0117t\u0105 dien\u0105.<\/p>\n<p data-start=\"2507\" data-end=\"2526\"><strong data-start=\"2507\" data-end=\"2517\">T\u016bris:<\/strong> 30 ml \/ 100 ml<\/p>\n<\/div>\n","protected":false},"excerpt":{"rendered":"<p data-start=\"2874\" data-end=\"2910\">Dr\u0117kinamasis apsauginis pur\u0161kiklis<\/p>\n<h2 data-start=\"2912\" data-end=\"3300\"><strong data-start=\"2912\" data-end=\"2989\">IMAGE SKINCARE &#8211; Daily Prevention Protect and Refresh Mist SPF 30 Savyb\u0117s<\/strong><\/h2>\n<p data-start=\"2912\" data-end=\"3300\">\u2714\ufe0f Greitai \u012fsigeriantis sausos alyvos pur\u0161kiklis su skaidria, lengvai \u0161vytin\u010dia danga<br data-start=\"3077\" data-end=\"3080\" \/>\u2714\ufe0f Padeda apsaugoti nuo UV spinduli\u0173 ir m\u0117lynos \u0161viesos<br data-start=\"3135\" data-end=\"3138\" \/>\u2714\ufe0f Pievinio putino s\u0117kl\u0173 aliejus padeda i\u0161laikyti dr\u0117gm\u0119 ir odos \u0161velnum\u0105<br data-start=\"3211\" data-end=\"3214\" \/>\u2714\ufe0f Tinka pakartotiniam naudojimui ant makia\u017eo<br data-start=\"3259\" data-end=\"3262\" \/>\u2714\ufe0f Atsparus vandeniui iki 80 minu\u010di\u0173<\/p>\n","protected":false},"featured_media":62539,"template":"","meta":[],"pwb-brand":[1135],"product_brand":[],"product_cat":[732,754],"product_tag":[],"giftcard-category":[],"class_list":{"0":"post-59786","1":"product","2":"type-product","3":"status-publish","4":"has-post-thumbnail","6":"pwb-brand-image-skincare","7":"product_cat-spf-apsauga","8":"product_cat-travel-size-lt","9":"pa_suurus-100ml-lt","10":"pa_suurus-30ml-lt","12":"first","13":"instock","14":"taxable","15":"shipping-taxable","16":"purchasable","17":"product-type-variable"},"acf":[],"brands":[{"id":1135,"name":"Image Skincare","slug":"image-skincare"}],"_links":{"self":[{"href":"https:\/\/skinstudio.ee\/lt\/wp-json\/wp\/v2\/product\/59786","targetHints":{"allow":["GET"]}}],"collection":[{"href":"https:\/\/skinstudio.ee\/lt\/wp-json\/wp\/v2\/product"}],"about":[{"href":"https:\/\/skinstudio.ee\/lt\/wp-json\/wp\/v2\/types\/product"}],"version-history":[{"count":1,"href":"https:\/\/skinstudio.ee\/lt\/wp-json\/wp\/v2\/product\/59786\/revisions"}],"predecessor-version":[{"id":83504,"href":"https:\/\/skinstudio.ee\/lt\/wp-json\/wp\/v2\/product\/59786\/revisions\/83504"}],"wp:featuredmedia":[{"embeddable":true,"href":"https:\/\/skinstudio.ee\/lt\/wp-json\/wp\/v2\/media\/62539"}],"wp:attachment":[{"href":"https:\/\/skinstudio.ee\/lt\/wp-json\/wp\/v2\/media?parent=59786"}],"wp:term":[{"taxonomy":"pwb-brand","embeddable":true,"href":"https:\/\/skinstudio.ee\/lt\/wp-json\/wp\/v2\/pwb-brand?post=59786"},{"taxonomy":"product_brand","embeddable":true,"href":"https:\/\/skinstudio.ee\/lt\/wp-json\/wp\/v2\/product_brand?post=59786"},{"taxonomy":"product_cat","embeddable":true,"href":"https:\/\/skinstudio.ee\/lt\/wp-json\/wp\/v2\/product_cat?post=59786"},{"taxonomy":"product_tag","embeddable":true,"href":"https:\/\/skinstudio.ee\/lt\/wp-json\/wp\/v2\/product_tag?post=59786"},{"taxonomy":"giftcard-category","embeddable":true,"href":"https:\/\/skinstudio.ee\/lt\/wp-json\/wp\/v2\/giftcard-category?post=59786"}],"curies":[{"name":"wp","href":"https:\/\/api.w.org\/{rel}","templated":true}]}}