{"id":59804,"date":"2024-05-24T12:48:24","date_gmt":"2024-05-24T12:48:24","guid":{"rendered":"https:\/\/skinstudio.ee\/?post_type=product&#038;p=59804"},"modified":"2026-02-24T15:35:48","modified_gmt":"2026-02-24T15:35:48","slug":"daily-prevention-ultra-defense-moisturizer-spf-50","status":"publish","type":"product","link":"https:\/\/skinstudio.ee\/lt\/catalog\/image-skincare\/daily-prevention-ultra-defense-moisturizer-spf-50\/","title":{"rendered":"Daily Prevention Ultra Defense Moisturizer SPF 50"},"content":{"rendered":"<p data-start=\"1791\" data-end=\"2139\"><strong data-start=\"1791\" data-end=\"1837\">Daily Prevention Ultra Defense Moisturizer<\/strong> \u2013 tai galingas apsaugos dieninis kremas, praturtintas maitinan\u010diu kakavos sviestu, kuris padeda palaikyti odos glotnum\u0105, dr\u0117gm\u0119 ir tolyg\u0173 atspalv\u012f nepriklausomai nuo odos tipo ar tono.<br data-start=\"2022\" data-end=\"2025\" \/>Lengva, ne\u012fkyriai \u012fsigerianti tekst\u016bra suteikia komfort\u0105 visai dienai ir palaiko sveik\u0105, pri\u017ei\u016br\u0117t\u0105 odos i\u0161vaizd\u0105.<\/p>\n<p data-start=\"2141\" data-end=\"2426\">Formul\u0117 papildyta skaidriuoju cinko oksidu &#8211; vienu saugiausi\u0173 ir veiksmingiausi\u0173 mineralini\u0173 filtr\u0173 &#8211; kartu su <strong data-start=\"2252\" data-end=\"2273\">XOSM technologija<\/strong>, kuri sustiprina apsaug\u0105 nuo fotosen\u0117jimo.<br data-start=\"2316\" data-end=\"2319\" \/>Kremas atsparus vandeniui iki 80 minu\u010di\u0173, tod\u0117l puikiai tinka kasdienai, sportui ir aktyviam buvimui lauke.<\/p>\n<p data-start=\"2428\" data-end=\"2445\"><strong data-start=\"2428\" data-end=\"2438\">T\u016bris:<\/strong> 28 g \/ 73 g<\/p>\n","protected":false},"excerpt":{"rendered":"<p data-start=\"2657\" data-end=\"2694\">Dr\u0117kinamasis dieninis kremas su SPF<\/p>\n<h2 data-start=\"2696\" data-end=\"3078\"><strong data-start=\"2696\" data-end=\"2774\">IMAGE SKINCARE &#8211; Daily Prevention Ultra Defense Moisturizer SPF 50 Savyb\u0117s<\/strong><\/h2>\n<p data-start=\"2696\" data-end=\"3078\">\u2714\ufe0f Padeda apsaugoti nuo UV spinduli\u0173 ir m\u0117lynos \u0161viesos<br data-start=\"2832\" data-end=\"2835\" \/>\u2714\ufe0f Ekologi\u0161kas kakavos sviestas giliai dr\u0117kina ir maitina od\u0105<br data-start=\"2896\" data-end=\"2899\" \/>\u2714\ufe0f Sud\u0117tyje esantis skaidrus cinko oksidas pasi\u017eymi auk\u0161tu saugumo profiliu<br data-start=\"2974\" data-end=\"2977\" \/>\u2714\ufe0f Suteikia glotnesn\u0119, tolygesn\u0119 ir pri\u017ei\u016br\u0117t\u0105 odos i\u0161vaizd\u0105<br data-start=\"3037\" data-end=\"3040\" \/>\u2714\ufe0f Atsparus vandeniui iki 80 minu\u010di\u0173<\/p>\n","protected":false},"featured_media":62474,"template":"","meta":[],"pwb-brand":[1135],"product_brand":[],"product_cat":[732,754],"product_tag":[],"giftcard-category":[],"class_list":{"0":"post-59804","1":"product","2":"type-product","3":"status-publish","4":"has-post-thumbnail","6":"pwb-brand-image-skincare","7":"product_cat-spf-apsauga","8":"product_cat-travel-size-lt","9":"pa_suurus-28g-lt","10":"pa_suurus-73g-lt","12":"first","13":"instock","14":"taxable","15":"shipping-taxable","16":"purchasable","17":"product-type-variable"},"acf":[],"brands":[{"id":1135,"name":"Image Skincare","slug":"image-skincare"}],"_links":{"self":[{"href":"https:\/\/skinstudio.ee\/lt\/wp-json\/wp\/v2\/product\/59804","targetHints":{"allow":["GET"]}}],"collection":[{"href":"https:\/\/skinstudio.ee\/lt\/wp-json\/wp\/v2\/product"}],"about":[{"href":"https:\/\/skinstudio.ee\/lt\/wp-json\/wp\/v2\/types\/product"}],"version-history":[{"count":1,"href":"https:\/\/skinstudio.ee\/lt\/wp-json\/wp\/v2\/product\/59804\/revisions"}],"predecessor-version":[{"id":83483,"href":"https:\/\/skinstudio.ee\/lt\/wp-json\/wp\/v2\/product\/59804\/revisions\/83483"}],"wp:featuredmedia":[{"embeddable":true,"href":"https:\/\/skinstudio.ee\/lt\/wp-json\/wp\/v2\/media\/62474"}],"wp:attachment":[{"href":"https:\/\/skinstudio.ee\/lt\/wp-json\/wp\/v2\/media?parent=59804"}],"wp:term":[{"taxonomy":"pwb-brand","embeddable":true,"href":"https:\/\/skinstudio.ee\/lt\/wp-json\/wp\/v2\/pwb-brand?post=59804"},{"taxonomy":"product_brand","embeddable":true,"href":"https:\/\/skinstudio.ee\/lt\/wp-json\/wp\/v2\/product_brand?post=59804"},{"taxonomy":"product_cat","embeddable":true,"href":"https:\/\/skinstudio.ee\/lt\/wp-json\/wp\/v2\/product_cat?post=59804"},{"taxonomy":"product_tag","embeddable":true,"href":"https:\/\/skinstudio.ee\/lt\/wp-json\/wp\/v2\/product_tag?post=59804"},{"taxonomy":"giftcard-category","embeddable":true,"href":"https:\/\/skinstudio.ee\/lt\/wp-json\/wp\/v2\/giftcard-category?post=59804"}],"curies":[{"name":"wp","href":"https:\/\/api.w.org\/{rel}","templated":true}]}}