{"id":59826,"date":"2024-05-24T13:02:03","date_gmt":"2024-05-24T13:02:03","guid":{"rendered":"https:\/\/skinstudio.ee\/?post_type=product&#038;p=59826"},"modified":"2026-02-24T15:32:03","modified_gmt":"2026-02-24T15:32:03","slug":"daily-prevention-sheer-matte-moisturizer-spf-30","status":"publish","type":"product","link":"https:\/\/skinstudio.ee\/lt\/catalog\/image-skincare\/daily-prevention-sheer-matte-moisturizer-spf-30\/","title":{"rendered":"Daily Prevention Sheer Matte Moisturizer SPF 30"},"content":{"rendered":"<p data-start=\"1829\" data-end=\"2156\"><strong data-start=\"1829\" data-end=\"1873\">Daily Prevention Sheer Matte Moisturizer<\/strong> \u2013 matizuojantis dieninis kremas, suteikiantis dvigub\u0105 apsaug\u0105, gili\u0105 dr\u0117gm\u0119 ir \u0161velniai matin\u012f odos atspalv\u012f visai dienai.<br data-start=\"1996\" data-end=\"1999\" \/>Lengva tekst\u016bra puikiai tinka riebiai ir \u012f akn\u0119 linkusiai odai, padeda suma\u017einti blizges\u012f, pagerinti odos lygum\u0105 ir i\u0161laikyti \u0161vie\u017ei\u0105, subalansuot\u0105 i\u0161vaizd\u0105.<\/p>\n<p data-start=\"2158\" data-end=\"2469\">Kremas praturtintas skaidriuoju cinko oksidu &#8211; vienu saugiausi\u0173 ir veiksmingiausi\u0173 mineralini\u0173 filtr\u0173 &#8211; bei <strong data-start=\"2266\" data-end=\"2288\">XOSM\u2122 technologija<\/strong>, kuri sustiprina antioksidant\u0173 poveik\u012f ir padeda apsaugoti od\u0105 nuo UV ir m\u0117lynos \u0161viesos \u017ealos.<br data-start=\"2384\" data-end=\"2387\" \/>Neutralus, lengvai susiliejantis tonas nepalieka \u017eymi\u0173 ir puikiai tinka ir vyrams.<\/p>\n<p data-start=\"2471\" data-end=\"2488\"><strong data-start=\"2471\" data-end=\"2481\">T\u016bris:<\/strong> 28 g \/ 73 g<\/p>\n","protected":false},"excerpt":{"rendered":"<p data-start=\"2757\" data-end=\"2804\">Dr\u0117kinamasis ir matizuojantis dieninis kremas<\/p>\n<h2 data-start=\"2806\" data-end=\"3139\"><strong data-start=\"2806\" data-end=\"2882\">IMAGE SKINCARE &#8211; Daily Prevention Sheer Matte Moisturizer SPF 30 Savyb\u0117s<\/strong><\/h2>\n<p data-start=\"2806\" data-end=\"3139\">\u2714\ufe0f \u0160ilkin\u0117 tekst\u016bra su lengvai matiniu efektu<br data-start=\"2930\" data-end=\"2933\" \/>\u2714\ufe0f Kontroliuoja blizges\u012f ir pagerina odos i\u0161vaizd\u0105<br data-start=\"2983\" data-end=\"2986\" \/>\u2714\ufe0f Padeda apsaugoti nuo UV ir m\u0117lynos \u0161viesos<br data-start=\"3031\" data-end=\"3034\" \/>\u2714\ufe0f Skaidrus cinko oksidas pasi\u017eymi auk\u0161tu saugumo profiliu<br data-start=\"3092\" data-end=\"3095\" \/>\u2714\ufe0f Suteikia tolyg\u0173 atspalv\u012f be balt\u0173 \u017eymi\u0173<\/p>\n","protected":false},"featured_media":62529,"template":"","meta":[],"pwb-brand":[1135],"product_brand":[],"product_cat":[732,748,754],"product_tag":[],"giftcard-category":[],"class_list":{"0":"post-59826","1":"product","2":"type-product","3":"status-publish","4":"has-post-thumbnail","6":"pwb-brand-image-skincare","7":"product_cat-spf-apsauga","8":"product_cat-taukainai-adai-lt","9":"product_cat-travel-size-lt","10":"pa_suurus-28g-lt","11":"pa_suurus-73g-lt","13":"first","14":"instock","15":"sale","16":"taxable","17":"shipping-taxable","18":"purchasable","19":"product-type-variable"},"acf":[],"brands":[{"id":1135,"name":"Image Skincare","slug":"image-skincare"}],"_links":{"self":[{"href":"https:\/\/skinstudio.ee\/lt\/wp-json\/wp\/v2\/product\/59826","targetHints":{"allow":["GET"]}}],"collection":[{"href":"https:\/\/skinstudio.ee\/lt\/wp-json\/wp\/v2\/product"}],"about":[{"href":"https:\/\/skinstudio.ee\/lt\/wp-json\/wp\/v2\/types\/product"}],"version-history":[{"count":1,"href":"https:\/\/skinstudio.ee\/lt\/wp-json\/wp\/v2\/product\/59826\/revisions"}],"predecessor-version":[{"id":83462,"href":"https:\/\/skinstudio.ee\/lt\/wp-json\/wp\/v2\/product\/59826\/revisions\/83462"}],"wp:featuredmedia":[{"embeddable":true,"href":"https:\/\/skinstudio.ee\/lt\/wp-json\/wp\/v2\/media\/62529"}],"wp:attachment":[{"href":"https:\/\/skinstudio.ee\/lt\/wp-json\/wp\/v2\/media?parent=59826"}],"wp:term":[{"taxonomy":"pwb-brand","embeddable":true,"href":"https:\/\/skinstudio.ee\/lt\/wp-json\/wp\/v2\/pwb-brand?post=59826"},{"taxonomy":"product_brand","embeddable":true,"href":"https:\/\/skinstudio.ee\/lt\/wp-json\/wp\/v2\/product_brand?post=59826"},{"taxonomy":"product_cat","embeddable":true,"href":"https:\/\/skinstudio.ee\/lt\/wp-json\/wp\/v2\/product_cat?post=59826"},{"taxonomy":"product_tag","embeddable":true,"href":"https:\/\/skinstudio.ee\/lt\/wp-json\/wp\/v2\/product_tag?post=59826"},{"taxonomy":"giftcard-category","embeddable":true,"href":"https:\/\/skinstudio.ee\/lt\/wp-json\/wp\/v2\/giftcard-category?post=59826"}],"curies":[{"name":"wp","href":"https:\/\/api.w.org\/{rel}","templated":true}]}}