{"id":59844,"date":"2024-05-24T13:15:49","date_gmt":"2024-05-24T13:15:49","guid":{"rendered":"https:\/\/skinstudio.ee\/?post_type=product&#038;p=59844"},"modified":"2025-12-29T09:56:57","modified_gmt":"2025-12-29T09:56:57","slug":"refreshing-facial-wipes","status":"publish","type":"product","link":"https:\/\/skinstudio.ee\/lt\/catalog\/image-skincare\/refreshing-facial-wipes\/","title":{"rendered":"Refreshing Facial Wipes"},"content":{"rendered":"<div class=\"woocommerce-product-details__short-description\">\n<p data-start=\"1340\" data-end=\"1654\"><strong data-start=\"1340\" data-end=\"1367\">Refreshing Facial Wipes<\/strong> \u2013 dvigubo veikimo valomosios servet\u0117l\u0117s, lengvai pa\u0161alinan\u010dios makia\u017e\u0105, ne\u0161varumus ir riebal\u0173 pertekli\u0173, akimirksniu atgaivinan\u010dios od\u0105. Itin \u0161velni tekst\u016bra tinka net jautriai odai, o tvirta med\u017eiaga efektyviai pa\u0161alina ilgalaik\u012f ir vandeniui atspar\u0173 makia\u017e\u0105 be trynimo ir sudirginimo.<\/p>\n<p data-start=\"1656\" data-end=\"1889\">Servet\u0117l\u0117s praturtintos supervaisiais, kavos ekstraktu ir antioksidantais, padedan\u010diais atgaivinti papilk\u0117jusi\u0105 od\u0105, tonizuoti ir apsaugoti j\u0105 nuo aplinkos poveikio. Puikiai tinka greitam valymui namuose, kelion\u0117se ar po treniruot\u0117s.<\/p>\n<p data-start=\"1891\" data-end=\"1909\"><strong data-start=\"1891\" data-end=\"1901\">T\u016bris:<\/strong> 30 vnt.<\/p>\n<\/div>\n","protected":false},"excerpt":{"rendered":"<p data-start=\"2120\" data-end=\"2151\">Gaivinan\u010dios veido servet\u0117l\u0117s<\/p>\n<h2 data-start=\"2153\" data-end=\"2444\"><strong data-start=\"2153\" data-end=\"2205\">IMAGE SKINCARE &#8211; Refreshing Facial Wipes Savyb\u0117s<\/strong><\/h2>\n<p data-start=\"2153\" data-end=\"2444\">\u2714\ufe0f Lengvai pa\u0161alina makia\u017e\u0105, ne\u0161varumus ir SPF<br data-start=\"2254\" data-end=\"2257\" \/>\u2714\ufe0f Akimirksniu atgaivina pavargusi\u0105 ir papilk\u0117jusi\u0105 od\u0105<br data-start=\"2312\" data-end=\"2315\" \/>\u2714\ufe0f Tinka jautriai odai<br data-start=\"2337\" data-end=\"2340\" \/>\u2714\ufe0f Pa\u0161alina ilgalaik\u012f ir vandeniui atspar\u0173 makia\u017e\u0105<br data-start=\"2390\" data-end=\"2393\" \/>\u2714\ufe0f Antioksidant\u0173 formul\u0117 tonizuoja ir apsaugo od\u0105<\/p>\n","protected":false},"featured_media":62388,"template":"","meta":[],"pwb-brand":[1135],"product_brand":[],"product_cat":[718],"product_tag":[],"giftcard-category":[],"class_list":{"0":"post-59844","1":"product","2":"type-product","3":"status-publish","4":"has-post-thumbnail","6":"pwb-brand-image-skincare","7":"product_cat-valymas","9":"first","10":"instock","11":"taxable","12":"shipping-taxable","13":"purchasable","14":"product-type-simple"},"acf":[],"brands":[{"id":1135,"name":"Image Skincare","slug":"image-skincare"}],"_links":{"self":[{"href":"https:\/\/skinstudio.ee\/lt\/wp-json\/wp\/v2\/product\/59844","targetHints":{"allow":["GET"]}}],"collection":[{"href":"https:\/\/skinstudio.ee\/lt\/wp-json\/wp\/v2\/product"}],"about":[{"href":"https:\/\/skinstudio.ee\/lt\/wp-json\/wp\/v2\/types\/product"}],"version-history":[{"count":0,"href":"https:\/\/skinstudio.ee\/lt\/wp-json\/wp\/v2\/product\/59844\/revisions"}],"wp:featuredmedia":[{"embeddable":true,"href":"https:\/\/skinstudio.ee\/lt\/wp-json\/wp\/v2\/media\/62388"}],"wp:attachment":[{"href":"https:\/\/skinstudio.ee\/lt\/wp-json\/wp\/v2\/media?parent=59844"}],"wp:term":[{"taxonomy":"pwb-brand","embeddable":true,"href":"https:\/\/skinstudio.ee\/lt\/wp-json\/wp\/v2\/pwb-brand?post=59844"},{"taxonomy":"product_brand","embeddable":true,"href":"https:\/\/skinstudio.ee\/lt\/wp-json\/wp\/v2\/product_brand?post=59844"},{"taxonomy":"product_cat","embeddable":true,"href":"https:\/\/skinstudio.ee\/lt\/wp-json\/wp\/v2\/product_cat?post=59844"},{"taxonomy":"product_tag","embeddable":true,"href":"https:\/\/skinstudio.ee\/lt\/wp-json\/wp\/v2\/product_tag?post=59844"},{"taxonomy":"giftcard-category","embeddable":true,"href":"https:\/\/skinstudio.ee\/lt\/wp-json\/wp\/v2\/giftcard-category?post=59844"}],"curies":[{"name":"wp","href":"https:\/\/api.w.org\/{rel}","templated":true}]}}