{"id":59853,"date":"2024-05-24T13:29:25","date_gmt":"2024-05-24T13:29:25","guid":{"rendered":"https:\/\/skinstudio.ee\/?post_type=product&#038;p=59853"},"modified":"2026-03-25T12:19:17","modified_gmt":"2026-03-25T12:19:17","slug":"ormedic-balancing-facial-cleanser","status":"publish","type":"product","link":"https:\/\/skinstudio.ee\/lt\/catalog\/image-skincare\/ormedic-balancing-facial-cleanser\/","title":{"rendered":"Ormedic\u00ae Balancing Facial Cleanser"},"content":{"rendered":"<p data-start=\"1276\" data-end=\"1530\"><strong data-start=\"1276\" data-end=\"1314\">Ormedic\u00ae Balancing Facial Cleanser<\/strong> \u2013 universalus veido prausiklis, \u0161velniai pa\u0161alinantis makia\u017e\u0105, ne\u0161varumus ir riebal\u0173 pertekli\u0173, kartu tonizuojantis ir gaivinantis od\u0105. Tinka vis\u0173 tip\u0173 odai, net ir jautriai, ir nesukelia sausumo ar tempimo poj\u016b\u010dio.<\/p>\n<p data-start=\"1532\" data-end=\"1772\">Formul\u0117 praturtinta ekologi\u0161kais \u017eali\u0173j\u0173 arbat\u0173, ramun\u0117li\u0173, gyslo\u010dio, medetk\u0173 ir arnikos ekstraktais, kurie ramina, mink\u0161tina, dr\u0117kina ir padeda atkurti odos komfort\u0105. Pakankamai \u0161velnus kasdieniam naudojimui ir saugus veido bei aki\u0173 zonai.<\/p>\n<p data-start=\"1774\" data-end=\"1791\"><strong data-start=\"1774\" data-end=\"1784\">T\u016bris:<\/strong> 50 ml \/ 177 ml<\/p>\n","protected":false},"excerpt":{"rendered":"<p data-start=\"1922\" data-end=\"1946\">Veido prausiklio gelis<\/p>\n<h2 data-start=\"1948\" data-end=\"2251\"><strong data-start=\"1948\" data-end=\"2011\">IMAGE SKINCARE &#8211; Ormedic\u00ae Balancing Facial Cleanser Savyb\u0117s<\/strong><\/h2>\n<p data-start=\"1948\" data-end=\"2251\">\u2714\ufe0f \u0160velniai ir veiksmingai pa\u0161alina ne\u0161varumus<br data-start=\"2060\" data-end=\"2063\" \/>\u2714\ufe0f Nuvalo makia\u017e\u0105 nei\u0161sausindamas odos<br data-start=\"2101\" data-end=\"2104\" \/>\u2714\ufe0f Palieka od\u0105 \u0161velni\u0105, lygi\u0105 ir gaivi\u0105<br data-start=\"2143\" data-end=\"2146\" \/>\u2714\ufe0f Ekologi\u0161ki augaliniai ekstraktai ramina ir atkuria<br data-start=\"2199\" data-end=\"2202\" \/>\u2714\ufe0f Tinka jautriai odai ir kasdieniam naudojimui<\/p>\n","protected":false},"featured_media":62383,"template":"","meta":[],"pwb-brand":[1135],"product_brand":[],"product_cat":[746,740,748,754,718],"product_tag":[],"giftcard-category":[],"class_list":{"0":"post-59853","1":"product","2":"type-product","3":"status-publish","4":"has-post-thumbnail","6":"pwb-brand-image-skincare","7":"product_cat-jautriai-odai","8":"product_cat-sausai-odai","9":"product_cat-taukainai-adai-lt","10":"product_cat-travel-size-lt","11":"product_cat-valymas","12":"pa_suurus-177ml-lt","13":"pa_suurus-50ml-lt","15":"first","16":"instock","17":"sale","18":"taxable","19":"shipping-taxable","20":"purchasable","21":"product-type-variable"},"acf":[],"brands":[{"id":1135,"name":"Image Skincare","slug":"image-skincare"}],"_links":{"self":[{"href":"https:\/\/skinstudio.ee\/lt\/wp-json\/wp\/v2\/product\/59853","targetHints":{"allow":["GET"]}}],"collection":[{"href":"https:\/\/skinstudio.ee\/lt\/wp-json\/wp\/v2\/product"}],"about":[{"href":"https:\/\/skinstudio.ee\/lt\/wp-json\/wp\/v2\/types\/product"}],"version-history":[{"count":1,"href":"https:\/\/skinstudio.ee\/lt\/wp-json\/wp\/v2\/product\/59853\/revisions"}],"predecessor-version":[{"id":88135,"href":"https:\/\/skinstudio.ee\/lt\/wp-json\/wp\/v2\/product\/59853\/revisions\/88135"}],"wp:featuredmedia":[{"embeddable":true,"href":"https:\/\/skinstudio.ee\/lt\/wp-json\/wp\/v2\/media\/62383"}],"wp:attachment":[{"href":"https:\/\/skinstudio.ee\/lt\/wp-json\/wp\/v2\/media?parent=59853"}],"wp:term":[{"taxonomy":"pwb-brand","embeddable":true,"href":"https:\/\/skinstudio.ee\/lt\/wp-json\/wp\/v2\/pwb-brand?post=59853"},{"taxonomy":"product_brand","embeddable":true,"href":"https:\/\/skinstudio.ee\/lt\/wp-json\/wp\/v2\/product_brand?post=59853"},{"taxonomy":"product_cat","embeddable":true,"href":"https:\/\/skinstudio.ee\/lt\/wp-json\/wp\/v2\/product_cat?post=59853"},{"taxonomy":"product_tag","embeddable":true,"href":"https:\/\/skinstudio.ee\/lt\/wp-json\/wp\/v2\/product_tag?post=59853"},{"taxonomy":"giftcard-category","embeddable":true,"href":"https:\/\/skinstudio.ee\/lt\/wp-json\/wp\/v2\/giftcard-category?post=59853"}],"curies":[{"name":"wp","href":"https:\/\/api.w.org\/{rel}","templated":true}]}}