{"id":59863,"date":"2024-05-24T15:36:15","date_gmt":"2024-05-24T15:36:15","guid":{"rendered":"https:\/\/skinstudio.ee\/?post_type=product&#038;p=59863"},"modified":"2025-12-29T09:56:56","modified_gmt":"2025-12-29T09:56:56","slug":"iluma-intense-brightening-exfoliating-cleanser","status":"publish","type":"product","link":"https:\/\/skinstudio.ee\/lt\/catalog\/image-skincare\/iluma-intense-brightening-exfoliating-cleanser\/","title":{"rendered":"Iluma Intense Brightening Exfoliating Cleanser"},"content":{"rendered":"<p data-start=\"1382\" data-end=\"1674\"><strong data-start=\"1382\" data-end=\"1432\">Iluma Intense Brightening Exfoliating Cleanser<\/strong> \u2013 kreminis prausiklis, kuris \u0161velniai eksfolijuoja od\u0105, i\u0161lygina jos ton\u0105 ir suteikia sveik\u0105, \u0161vytint\u012f efekt\u0105. Lengva, odai draugi\u0161ka formul\u0117 tinka kasdieniam naudojimui, atgaivina pavargusi\u0105 od\u0105, pagerina jos tekst\u016br\u0105 ir suteikia spindesio.<\/p>\n<p data-start=\"1676\" data-end=\"1987\">Sud\u0117tyje esantys bambuko rutuliukai ir \u201ei\u0161manios\u201c eksfolijuojan\u010dios dalel\u0117s \u0161velniai pa\u0161alina negyvas odos l\u0105steles, nepa\u017eeisdamos odos barjero. Prausiklis padeda skaistinti papilk\u0117jusi\u0105 od\u0105, gerina tolygum\u0105 ir paruo\u0161ia j\u0105 tolimesnei prie\u017ei\u016brai. Puikiai tinka pavargusiai, nelygiai ar praradusiai spindes\u012f odai.<\/p>\n<p data-start=\"1989\" data-end=\"2005\"><strong data-start=\"1989\" data-end=\"1999\">T\u016bris:<\/strong> 113 g<\/p>\n","protected":false},"excerpt":{"rendered":"<p data-start=\"2135\" data-end=\"2190\">Eksfolijuojantis ir odos ton\u0105 i\u0161lyginantis prausiklis<\/p>\n<h2 data-start=\"2192\" data-end=\"2458\"><strong data-start=\"2192\" data-end=\"2267\">IMAGE SKINCARE &#8211; Iluma Intense Brightening Exfoliating Cleanser Savyb\u0117s<\/strong><\/h2>\n<p data-start=\"2192\" data-end=\"2458\">\u2714\ufe0f \u0160velniai eksfolijuoja ir valo od\u0105<br data-start=\"2306\" data-end=\"2309\" \/>\u2714\ufe0f Suteikia spindesio ir palaiko dr\u0117gm\u0119<br data-start=\"2348\" data-end=\"2351\" \/>\u2714\ufe0f Padaro od\u0105 lygesn\u0119 ir \u0161velnesn\u0119<br data-start=\"2385\" data-end=\"2388\" \/>\u2714\ufe0f Padeda suma\u017einti odos netolygum\u0105<br data-start=\"2423\" data-end=\"2426\" \/>\u2714\ufe0f Tinka kasdieniam naudojimui<\/p>\n","protected":false},"featured_media":62378,"template":"","meta":[],"pwb-brand":[1135],"product_brand":[],"product_cat":[752,718],"product_tag":[],"giftcard-category":[],"class_list":{"0":"post-59863","1":"product","2":"type-product","3":"status-publish","4":"has-post-thumbnail","6":"pwb-brand-image-skincare","7":"product_cat-pigmentacija-lt","8":"product_cat-valymas","10":"first","11":"instock","12":"sale","13":"taxable","14":"shipping-taxable","15":"purchasable","16":"product-type-simple"},"acf":[],"brands":[{"id":1135,"name":"Image Skincare","slug":"image-skincare"}],"_links":{"self":[{"href":"https:\/\/skinstudio.ee\/lt\/wp-json\/wp\/v2\/product\/59863","targetHints":{"allow":["GET"]}}],"collection":[{"href":"https:\/\/skinstudio.ee\/lt\/wp-json\/wp\/v2\/product"}],"about":[{"href":"https:\/\/skinstudio.ee\/lt\/wp-json\/wp\/v2\/types\/product"}],"version-history":[{"count":0,"href":"https:\/\/skinstudio.ee\/lt\/wp-json\/wp\/v2\/product\/59863\/revisions"}],"wp:featuredmedia":[{"embeddable":true,"href":"https:\/\/skinstudio.ee\/lt\/wp-json\/wp\/v2\/media\/62378"}],"wp:attachment":[{"href":"https:\/\/skinstudio.ee\/lt\/wp-json\/wp\/v2\/media?parent=59863"}],"wp:term":[{"taxonomy":"pwb-brand","embeddable":true,"href":"https:\/\/skinstudio.ee\/lt\/wp-json\/wp\/v2\/pwb-brand?post=59863"},{"taxonomy":"product_brand","embeddable":true,"href":"https:\/\/skinstudio.ee\/lt\/wp-json\/wp\/v2\/product_brand?post=59863"},{"taxonomy":"product_cat","embeddable":true,"href":"https:\/\/skinstudio.ee\/lt\/wp-json\/wp\/v2\/product_cat?post=59863"},{"taxonomy":"product_tag","embeddable":true,"href":"https:\/\/skinstudio.ee\/lt\/wp-json\/wp\/v2\/product_tag?post=59863"},{"taxonomy":"giftcard-category","embeddable":true,"href":"https:\/\/skinstudio.ee\/lt\/wp-json\/wp\/v2\/giftcard-category?post=59863"}],"curies":[{"name":"wp","href":"https:\/\/api.w.org\/{rel}","templated":true}]}}