{"id":59872,"date":"2024-05-24T15:49:31","date_gmt":"2024-05-24T15:49:31","guid":{"rendered":"https:\/\/skinstudio.ee\/?post_type=product&#038;p=59872"},"modified":"2025-12-29T09:56:54","modified_gmt":"2025-12-29T09:56:54","slug":"clear-cell-clarifying-salicylic-tonic","status":"publish","type":"product","link":"https:\/\/skinstudio.ee\/lt\/catalog\/image-skincare\/clear-cell-clarifying-salicylic-tonic\/","title":{"rendered":"Clear Cell Clarifying Salicylic Tonic"},"content":{"rendered":"<p data-start=\"1583\" data-end=\"2021\"><strong data-start=\"1583\" data-end=\"1624\">Clear Cell Clarifying Salicylic Tonic<\/strong> &#8211; veiksmingas eksfolijuojantis tonikas su salicilo ir glikolio r\u016bg\u0161timis, padedantis kontroliuoti odos riebum\u0105, ma\u017einti blizges\u012f ir palaikyti \u0161varias bei sutrauktas poras. Tonikas \u0161velniai pa\u0161alina negyvas odos l\u0105steles, gerina tekst\u016br\u0105 ir padeda i\u0161laikyti \u0161varesn\u0119, subalansuot\u0105 od\u0105. Puikiai tinka riebiai, mi\u0161riai ir \u012f akn\u0119 linkusiai odai, taip pat padeda u\u017ekirsti keli\u0105 \u012faugusiems plaukeliams.<\/p>\n<p data-start=\"2023\" data-end=\"2303\">Formul\u0117 praturtinta hamamelio, arnikos, ramun\u0117li\u0173 ir arbatmed\u017eio ekstraktais, kurie suteikia antiseptin\u012f ir prie\u0161u\u017edegimin\u012f poveik\u012f. Antioksidant\u0173 kompleksas padeda palaikyti matin\u0119, gaivi\u0105 ir rami\u0105 odos b\u016bkl\u0119 vis\u0105 dien\u0105. Dar stipresniam v\u0117sinimui tonik\u0105 galima laikyti \u0161aldytuve.<\/p>\n<p data-start=\"2305\" data-end=\"2322\"><strong data-start=\"2305\" data-end=\"2315\">T\u016bris:<\/strong> 118 ml<\/p>\n","protected":false},"excerpt":{"rendered":"<p data-start=\"2564\" data-end=\"2591\">Salicilo r\u016bg\u0161ties tonikas<\/p>\n<h2 data-start=\"2593\" data-end=\"2861\"><strong data-start=\"2593\" data-end=\"2659\">IMAGE SKINCARE &#8211; Clear Cell Clarifying Salicylic Tonic Savyb\u0117s<\/strong><\/h2>\n<p data-start=\"2593\" data-end=\"2861\">\u2714\ufe0f Reguliuoja riebal\u0173 i\u0161siskyrim\u0105<br data-start=\"2695\" data-end=\"2698\" \/>\u2714\ufe0f \u0160velniai eksfolijuoja ir valo poras<br data-start=\"2736\" data-end=\"2739\" \/>\u2714\ufe0f Turi antiseptin\u012f ir prie\u0161u\u017edegimin\u012f poveik\u012f<br data-start=\"2785\" data-end=\"2788\" \/>\u2714\ufe0f Padeda i\u0161vengti \u012faugusi\u0173 plaukeli\u0173<br data-start=\"2825\" data-end=\"2828\" \/>\u2714\ufe0f I\u0161laiko od\u0105 matin\u0119 ir gaivi\u0105<\/p>\n","protected":false},"featured_media":62373,"template":"","meta":[],"pwb-brand":[1135],"product_brand":[],"product_cat":[742,744,748,722],"product_tag":[],"giftcard-category":[],"class_list":{"0":"post-59872","1":"product","2":"type-product","3":"status-publish","4":"has-post-thumbnail","6":"pwb-brand-image-skincare","7":"product_cat-berimai","8":"product_cat-issipletusios-poros","9":"product_cat-taukainai-adai-lt","10":"product_cat-toneriai","12":"first","13":"instock","14":"taxable","15":"shipping-taxable","16":"purchasable","17":"product-type-simple"},"acf":[],"brands":[{"id":1135,"name":"Image Skincare","slug":"image-skincare"}],"_links":{"self":[{"href":"https:\/\/skinstudio.ee\/lt\/wp-json\/wp\/v2\/product\/59872","targetHints":{"allow":["GET"]}}],"collection":[{"href":"https:\/\/skinstudio.ee\/lt\/wp-json\/wp\/v2\/product"}],"about":[{"href":"https:\/\/skinstudio.ee\/lt\/wp-json\/wp\/v2\/types\/product"}],"version-history":[{"count":0,"href":"https:\/\/skinstudio.ee\/lt\/wp-json\/wp\/v2\/product\/59872\/revisions"}],"wp:featuredmedia":[{"embeddable":true,"href":"https:\/\/skinstudio.ee\/lt\/wp-json\/wp\/v2\/media\/62373"}],"wp:attachment":[{"href":"https:\/\/skinstudio.ee\/lt\/wp-json\/wp\/v2\/media?parent=59872"}],"wp:term":[{"taxonomy":"pwb-brand","embeddable":true,"href":"https:\/\/skinstudio.ee\/lt\/wp-json\/wp\/v2\/pwb-brand?post=59872"},{"taxonomy":"product_brand","embeddable":true,"href":"https:\/\/skinstudio.ee\/lt\/wp-json\/wp\/v2\/product_brand?post=59872"},{"taxonomy":"product_cat","embeddable":true,"href":"https:\/\/skinstudio.ee\/lt\/wp-json\/wp\/v2\/product_cat?post=59872"},{"taxonomy":"product_tag","embeddable":true,"href":"https:\/\/skinstudio.ee\/lt\/wp-json\/wp\/v2\/product_tag?post=59872"},{"taxonomy":"giftcard-category","embeddable":true,"href":"https:\/\/skinstudio.ee\/lt\/wp-json\/wp\/v2\/giftcard-category?post=59872"}],"curies":[{"name":"wp","href":"https:\/\/api.w.org\/{rel}","templated":true}]}}