{"id":59880,"date":"2024-05-25T08:52:21","date_gmt":"2024-05-25T08:52:21","guid":{"rendered":"https:\/\/skinstudio.ee\/?post_type=product&#038;p=59880"},"modified":"2025-12-29T09:56:58","modified_gmt":"2025-12-29T09:56:58","slug":"the-max-facial-cleanser","status":"publish","type":"product","link":"https:\/\/skinstudio.ee\/lt\/catalog\/image-skincare\/the-max-facial-cleanser\/","title":{"rendered":"the MAX\u2122 Facial Cleanser"},"content":{"rendered":"<div class=\"woocommerce-product-details__short-description\">\n<p data-start=\"1446\" data-end=\"1770\"><strong data-start=\"1446\" data-end=\"1474\">the MAX\u2122 Facial Cleanser<\/strong> &#8211; \u0161velnus, kremin\u0117s tekst\u016bros prausiklis, kuris \u0161velniai valo od\u0105 ir padeda atkurti nat\u016bral\u0173 pH balans\u0105. Jis efektyviai pa\u0161alina makia\u017e\u0105, ne\u0161varumus ir riebal\u0173 pertekli\u0173, nepa\u017eeisdamas odos barjero ir nesausindamas jos. Tinka vis\u0173 tip\u0173 odai, net jautriai, palikdamas od\u0105 \u0161vari\u0105, lygi\u0105 ir gaivi\u0105.<\/p>\n<p data-start=\"1772\" data-end=\"2104\">Formul\u0117 praturtinta augal\u0173 kamienini\u0173 l\u0105steli\u0173 ekstraktais, kurie maitina od\u0105, stiprina jos apsaugines funkcijas ir padeda apsaugoti nuo aplinkos poveikio. Pa\u017eang\u016bs peptidai gerina odos tekst\u016br\u0105, palaiko stangrum\u0105 ir suteikia sveikesn\u0119, labiau pri\u017ei\u016br\u0117t\u0105 i\u0161vaizd\u0105. Tinka kasdieniam naudojimui ir yra pakankamai \u0161velnus aki\u0173 sri\u010diai.<\/p>\n<p data-start=\"2106\" data-end=\"2123\"><strong data-start=\"2106\" data-end=\"2116\">T\u016bris:<\/strong> 118 ml<\/p>\n<\/div>\n","protected":false},"excerpt":{"rendered":"<p data-start=\"2252\" data-end=\"2306\">Prausiklis su augal\u0173 kamienini\u0173 l\u0105steli\u0173 ekstraktais<\/p>\n<h2 data-start=\"2308\" data-end=\"2631\"><strong data-start=\"2308\" data-end=\"2361\">IMAGE SKINCARE &#8211; the MAX\u2122 Facial Cleanser Savyb\u0117s<\/strong><\/h2>\n<p data-start=\"2308\" data-end=\"2631\">\u2714\ufe0f Kremin\u0117 formul\u0117 \u0161velniai pa\u0161alina makia\u017e\u0105 ir ne\u0161varumus<br data-start=\"2422\" data-end=\"2425\" \/>\u2714\ufe0f Augal\u0173 kamienini\u0173 l\u0105steli\u0173 ekstraktai maitina ir saugo od\u0105<br data-start=\"2486\" data-end=\"2489\" \/>\u2714\ufe0f Pa\u017eang\u016bs peptidai palaiko odos stangrum\u0105 ir gyvybingum\u0105<br data-start=\"2547\" data-end=\"2550\" \/>\u2714\ufe0f Padeda atkurti nat\u016bral\u0173 pH balans\u0105<br data-start=\"2587\" data-end=\"2590\" \/>\u2714\ufe0f Palieka od\u0105 \u0161velni\u0105, lygi\u0105 ir gaivi\u0105<\/p>\n","protected":false},"featured_media":62368,"template":"","meta":[],"pwb-brand":[1135],"product_brand":[],"product_cat":[718],"product_tag":[],"giftcard-category":[],"class_list":{"0":"post-59880","1":"product","2":"type-product","3":"status-publish","4":"has-post-thumbnail","6":"pwb-brand-image-skincare","7":"product_cat-valymas","9":"first","10":"instock","11":"taxable","12":"shipping-taxable","13":"purchasable","14":"product-type-simple"},"acf":[],"brands":[{"id":1135,"name":"Image Skincare","slug":"image-skincare"}],"_links":{"self":[{"href":"https:\/\/skinstudio.ee\/lt\/wp-json\/wp\/v2\/product\/59880","targetHints":{"allow":["GET"]}}],"collection":[{"href":"https:\/\/skinstudio.ee\/lt\/wp-json\/wp\/v2\/product"}],"about":[{"href":"https:\/\/skinstudio.ee\/lt\/wp-json\/wp\/v2\/types\/product"}],"version-history":[{"count":0,"href":"https:\/\/skinstudio.ee\/lt\/wp-json\/wp\/v2\/product\/59880\/revisions"}],"wp:featuredmedia":[{"embeddable":true,"href":"https:\/\/skinstudio.ee\/lt\/wp-json\/wp\/v2\/media\/62368"}],"wp:attachment":[{"href":"https:\/\/skinstudio.ee\/lt\/wp-json\/wp\/v2\/media?parent=59880"}],"wp:term":[{"taxonomy":"pwb-brand","embeddable":true,"href":"https:\/\/skinstudio.ee\/lt\/wp-json\/wp\/v2\/pwb-brand?post=59880"},{"taxonomy":"product_brand","embeddable":true,"href":"https:\/\/skinstudio.ee\/lt\/wp-json\/wp\/v2\/product_brand?post=59880"},{"taxonomy":"product_cat","embeddable":true,"href":"https:\/\/skinstudio.ee\/lt\/wp-json\/wp\/v2\/product_cat?post=59880"},{"taxonomy":"product_tag","embeddable":true,"href":"https:\/\/skinstudio.ee\/lt\/wp-json\/wp\/v2\/product_tag?post=59880"},{"taxonomy":"giftcard-category","embeddable":true,"href":"https:\/\/skinstudio.ee\/lt\/wp-json\/wp\/v2\/giftcard-category?post=59880"}],"curies":[{"name":"wp","href":"https:\/\/api.w.org\/{rel}","templated":true}]}}