{"id":59889,"date":"2024-05-25T10:17:22","date_gmt":"2024-05-25T10:17:22","guid":{"rendered":"https:\/\/skinstudio.ee\/?post_type=product&#038;p=59889"},"modified":"2025-12-29T09:56:57","modified_gmt":"2025-12-29T09:56:57","slug":"md-restoring-facial-cleanser","status":"publish","type":"product","link":"https:\/\/skinstudio.ee\/lt\/catalog\/image-skincare\/md-restoring-facial-cleanser\/","title":{"rendered":"MD Restoring Facial Cleanser"},"content":{"rendered":"<p data-start=\"1716\" data-end=\"2118\"><strong data-start=\"1716\" data-end=\"1748\">MD Restoring Facial Cleanser<\/strong> \u2013 tai kasdieniam naudojimui skirtas prausiklis su glikolio, pieno ir salicilo r\u016bg\u0161timis, \u0161velniai eksfolijuojantis od\u0105, skaistinantis jos ton\u0105 ir palaikantis dr\u0117gm\u0117s balans\u0105. Formul\u0117 skatina greitesn\u0119 l\u0105steli\u0173 regeneracij\u0105, tod\u0117l oda tampa lygesn\u0117, gaivesn\u0117 ir vizualiai jaunesn\u0117. Prausiklis efektyviai pa\u0161alina ne\u0161varumus ir suteikia odai \u0161varesn\u0119, tolygesn\u0119 i\u0161vaizd\u0105.<\/p>\n<p data-start=\"2120\" data-end=\"2442\">\u201e3 viename\u201c formul\u0117 sujungia valym\u0105, kontroliuojam\u0105 r\u016bg\u0161\u010di\u0173 eksfoliacij\u0105 ir pH optimizavim\u0105 &#8211; tod\u0117l papildomas tonikas nereikalingas. Produktas puikiai paruo\u0161ia od\u0105 IMAGE Skincare priemon\u0117ms, pagerindamas j\u0173 \u012fsiskverbim\u0105 ir veiksmingum\u0105. Tinka visiems, siekiantiems profesionalaus atsinaujinimo efekto kasdien\u0117je rutinoje.<\/p>\n<p data-start=\"2444\" data-end=\"2461\"><strong data-start=\"2444\" data-end=\"2454\">T\u016bris:<\/strong> 118 ml<\/p>\n","protected":false},"excerpt":{"rendered":"<p data-start=\"2662\" data-end=\"2701\">Kasdienis eksfolijuojantis prausiklis<\/p>\n<h2 data-start=\"2703\" data-end=\"2998\"><strong data-start=\"2703\" data-end=\"2760\">IMAGE SKINCARE &#8211; MD Restoring Facial Cleanser Savyb\u0117s<\/strong><\/h2>\n<p data-start=\"2703\" data-end=\"2998\">\u2714\ufe0f \u0160velniai atgaivina ir skaistina pavargusi\u0105 od\u0105<br data-start=\"2812\" data-end=\"2815\" \/>\u2714\ufe0f Efektyviai eksfolijuoja AHA + BHA kompleksu<br data-start=\"2861\" data-end=\"2864\" \/>\u2714\ufe0f Gerina odos tekst\u016br\u0105 ir tolygum\u0105<br data-start=\"2899\" data-end=\"2902\" \/>\u2714\ufe0f Sustiprina toliau naudojam\u0173 priemoni\u0173 poveik\u012f<br data-start=\"2950\" data-end=\"2953\" \/>\u2714\ufe0f Palieka od\u0105 \u0161vari\u0105, lygi\u0105 ir komforti\u0161k\u0105<\/p>\n","protected":false},"featured_media":62363,"template":"","meta":[],"pwb-brand":[1135],"product_brand":[],"product_cat":[718],"product_tag":[],"giftcard-category":[],"class_list":{"0":"post-59889","1":"product","2":"type-product","3":"status-publish","4":"has-post-thumbnail","6":"pwb-brand-image-skincare","7":"product_cat-valymas","9":"first","10":"instock","11":"taxable","12":"shipping-taxable","13":"purchasable","14":"product-type-simple"},"acf":[],"brands":[{"id":1135,"name":"Image Skincare","slug":"image-skincare"}],"_links":{"self":[{"href":"https:\/\/skinstudio.ee\/lt\/wp-json\/wp\/v2\/product\/59889","targetHints":{"allow":["GET"]}}],"collection":[{"href":"https:\/\/skinstudio.ee\/lt\/wp-json\/wp\/v2\/product"}],"about":[{"href":"https:\/\/skinstudio.ee\/lt\/wp-json\/wp\/v2\/types\/product"}],"version-history":[{"count":0,"href":"https:\/\/skinstudio.ee\/lt\/wp-json\/wp\/v2\/product\/59889\/revisions"}],"wp:featuredmedia":[{"embeddable":true,"href":"https:\/\/skinstudio.ee\/lt\/wp-json\/wp\/v2\/media\/62363"}],"wp:attachment":[{"href":"https:\/\/skinstudio.ee\/lt\/wp-json\/wp\/v2\/media?parent=59889"}],"wp:term":[{"taxonomy":"pwb-brand","embeddable":true,"href":"https:\/\/skinstudio.ee\/lt\/wp-json\/wp\/v2\/pwb-brand?post=59889"},{"taxonomy":"product_brand","embeddable":true,"href":"https:\/\/skinstudio.ee\/lt\/wp-json\/wp\/v2\/product_brand?post=59889"},{"taxonomy":"product_cat","embeddable":true,"href":"https:\/\/skinstudio.ee\/lt\/wp-json\/wp\/v2\/product_cat?post=59889"},{"taxonomy":"product_tag","embeddable":true,"href":"https:\/\/skinstudio.ee\/lt\/wp-json\/wp\/v2\/product_tag?post=59889"},{"taxonomy":"giftcard-category","embeddable":true,"href":"https:\/\/skinstudio.ee\/lt\/wp-json\/wp\/v2\/giftcard-category?post=59889"}],"curies":[{"name":"wp","href":"https:\/\/api.w.org\/{rel}","templated":true}]}}