{"id":59898,"date":"2024-05-25T11:17:43","date_gmt":"2024-05-25T11:17:43","guid":{"rendered":"https:\/\/skinstudio.ee\/?post_type=product&#038;p=59898"},"modified":"2025-12-29T09:56:53","modified_gmt":"2025-12-29T09:56:53","slug":"ageless-total-facial-cleanser","status":"publish","type":"product","link":"https:\/\/skinstudio.ee\/lt\/catalog\/image-skincare\/ageless-total-facial-cleanser\/","title":{"rendered":"AGELESS Total Facial Cleanser"},"content":{"rendered":"<div class=\"woocommerce-product-details__short-description\">\n<p data-start=\"1619\" data-end=\"1947\"><strong data-start=\"1619\" data-end=\"1652\">AGELESS Total Facial Cleanser<\/strong> \u2013 tai \u0161velnus, kremin\u0117s tekst\u016bros prausiklis, kuris akimirksniu palieka od\u0105 lygesn\u0119, stangresn\u0119 ir skaistesn\u0119. \u201e3 viename\u201c formul\u0117 veiksmingai pa\u0161alina makia\u017e\u0105 ir ne\u0161varumus, lengvai eksfolijuoja, subalansuoja odos pH ir panaikina toniko poreik\u012f. Oda tampa \u0161vari, gaivi ir pastebimai tolygesn\u0117.<\/p>\n<p data-start=\"1949\" data-end=\"2204\">D\u0117l atnaujinan\u010dio poveikio ir patogios tekst\u016bros <strong data-start=\"1998\" data-end=\"2031\">AGELESS Total Facial Cleanser<\/strong> paruo\u0161ia od\u0105 tolimesnei prie\u017ei\u016brai, pagerindamas aktyvi\u0173 ingredient\u0173 \u012fsig\u0117rim\u0105. Reguliariai naudojant, oda tampa \u0161viesesn\u0117, glotnesn\u0117 ir tolygesn\u0117 tiek tonu, tiek tekst\u016bra.<\/p>\n<p data-start=\"2206\" data-end=\"2223\"><strong data-start=\"2206\" data-end=\"2223\">T\u016bris: 177 ml<\/strong><\/p>\n<\/div>\n","protected":false},"excerpt":{"rendered":"<p data-start=\"2512\" data-end=\"2548\">Kreminis eksfolijuojantis prausiklis<\/p>\n<h2 data-start=\"2550\" data-end=\"2868\"><strong data-start=\"2550\" data-end=\"2608\">IMAGE SKINCARE &#8211; AGELESS Total Facial Cleanser Savyb\u0117s<\/strong><\/h2>\n<p data-start=\"2550\" data-end=\"2868\">\u2714\ufe0f \u0160velniai eksfolijuoja ir valo, palikdamas od\u0105 glotnesn\u0119<br data-start=\"2669\" data-end=\"2672\" \/>\u2714\ufe0f Glikolio r\u016bg\u0161tis padeda skaistinti ir tolyginti ton\u0105<br data-start=\"2727\" data-end=\"2730\" \/>\u2714\ufe0f Gaivina ir suteikia lengv\u0105 v\u0117sinant\u012f poj\u016bt\u012f<br data-start=\"2776\" data-end=\"2779\" \/>\u2714\ufe0f Pagerina v\u0117lesni\u0173 produkt\u0173 \u012fsig\u0117rim\u0105<br data-start=\"2818\" data-end=\"2821\" \/>\u2714\ufe0f Gerina odos \u0161velnum\u0105, skaistum\u0105 ir \u0161varum\u0105<\/p>\n","protected":false},"featured_media":62353,"template":"","meta":[],"pwb-brand":[1135],"product_brand":[],"product_cat":[718],"product_tag":[],"giftcard-category":[],"class_list":{"0":"post-59898","1":"product","2":"type-product","3":"status-publish","4":"has-post-thumbnail","6":"pwb-brand-image-skincare","7":"product_cat-valymas","9":"first","10":"instock","11":"taxable","12":"shipping-taxable","13":"purchasable","14":"product-type-simple"},"acf":[],"brands":[{"id":1135,"name":"Image Skincare","slug":"image-skincare"}],"_links":{"self":[{"href":"https:\/\/skinstudio.ee\/lt\/wp-json\/wp\/v2\/product\/59898","targetHints":{"allow":["GET"]}}],"collection":[{"href":"https:\/\/skinstudio.ee\/lt\/wp-json\/wp\/v2\/product"}],"about":[{"href":"https:\/\/skinstudio.ee\/lt\/wp-json\/wp\/v2\/types\/product"}],"version-history":[{"count":0,"href":"https:\/\/skinstudio.ee\/lt\/wp-json\/wp\/v2\/product\/59898\/revisions"}],"wp:featuredmedia":[{"embeddable":true,"href":"https:\/\/skinstudio.ee\/lt\/wp-json\/wp\/v2\/media\/62353"}],"wp:attachment":[{"href":"https:\/\/skinstudio.ee\/lt\/wp-json\/wp\/v2\/media?parent=59898"}],"wp:term":[{"taxonomy":"pwb-brand","embeddable":true,"href":"https:\/\/skinstudio.ee\/lt\/wp-json\/wp\/v2\/pwb-brand?post=59898"},{"taxonomy":"product_brand","embeddable":true,"href":"https:\/\/skinstudio.ee\/lt\/wp-json\/wp\/v2\/product_brand?post=59898"},{"taxonomy":"product_cat","embeddable":true,"href":"https:\/\/skinstudio.ee\/lt\/wp-json\/wp\/v2\/product_cat?post=59898"},{"taxonomy":"product_tag","embeddable":true,"href":"https:\/\/skinstudio.ee\/lt\/wp-json\/wp\/v2\/product_tag?post=59898"},{"taxonomy":"giftcard-category","embeddable":true,"href":"https:\/\/skinstudio.ee\/lt\/wp-json\/wp\/v2\/giftcard-category?post=59898"}],"curies":[{"name":"wp","href":"https:\/\/api.w.org\/{rel}","templated":true}]}}