{"id":59911,"date":"2024-05-25T10:31:25","date_gmt":"2024-05-25T10:31:25","guid":{"rendered":"https:\/\/skinstudio.ee\/?post_type=product&#038;p=59911"},"modified":"2025-12-29T09:56:54","modified_gmt":"2025-12-29T09:56:54","slug":"clear-cell-salicylic-gel-cleanser","status":"publish","type":"product","link":"https:\/\/skinstudio.ee\/lt\/catalog\/image-skincare\/clear-cell-salicylic-gel-cleanser\/","title":{"rendered":"Clear Cell Salicylic Gel Cleanser"},"content":{"rendered":"<div class=\"woocommerce-product-details__short-description\">\n<p data-start=\"1949\" data-end=\"2327\"><strong data-start=\"1949\" data-end=\"1986\">Clear Cell Salicylic Gel Cleanser<\/strong> \u2013 lengvai putojantis, \u0161velniai eksfolijuojantis prausiklis, sukurtas riebiai, probleminiai ir akn\u0117s pa\u017eeistai odai. Salicilo r\u016bg\u0161tis padeda i\u0161valyti u\u017esikim\u0161usias poras, kontroliuoti riebal\u0173 pertekli\u0173 ir ma\u017einti nauj\u0173 b\u0117rim\u0173 atsiradim\u0105. Puikiai tinka tiek paaugliams, tiek suaugusiesiems, taip pat vyrams po skutimosi sudirginimo ma\u017einimui.<\/p>\n<p data-start=\"2329\" data-end=\"2655\">D\u0117l antibakterini\u0173 ir raminam\u0173j\u0173 ingredient\u0173 <strong data-start=\"2374\" data-end=\"2411\">Clear Cell Salicylic Gel Cleanser<\/strong> ma\u017eina paraudim\u0105, ramina od\u0105 ir palaiko jos \u0161var\u0105 nei\u0161sausindamas. Arbatmed\u017eio aliejus, eukaliptas, medus ir cinamonas suteikia prie\u0161u\u017edegimin\u012f, dr\u0117kinant\u012f ir antioksidacin\u012f poveik\u012f, padedan\u010di\u0173 odai i\u0161likti \u0161variai ir subalansuotai vis\u0105 dien\u0105.<\/p>\n<p data-start=\"2657\" data-end=\"2956\"><strong data-start=\"2657\" data-end=\"2682\">Aktyv\u016bs ingredientai:<\/strong><br data-start=\"2682\" data-end=\"2685\" \/>Salicilo r\u016bg\u0161tis \u2013 valo poras ir reguliuoja riebal\u0173 pertekli\u0173.<br data-start=\"2747\" data-end=\"2750\" \/>Arbatmed\u017eio aliejus \u2013 ma\u017eina u\u017edegim\u0105 ir paraudim\u0105.<br data-start=\"2801\" data-end=\"2804\" \/>Eukaliptas \u2013 ramina ir gaivina.<br data-start=\"2835\" data-end=\"2838\" \/>Medus \u2013 nat\u016bralus dr\u0117kiklis su antibakterin\u0117mis savyb\u0117mis.<br data-start=\"2896\" data-end=\"2899\" \/>Cinamonas \u2013 antioksidantas, gerinantis mikrocirkuliacij\u0105.<\/p>\n<p data-start=\"2958\" data-end=\"2975\"><strong data-start=\"2958\" data-end=\"2975\">T\u016bris: 177 ml<\/strong><\/p>\n<\/div>\n","protected":false},"excerpt":{"rendered":"<p data-start=\"3157\" data-end=\"3188\">Valantis gelis probleminei odai<\/p>\n<h2 data-start=\"3190\" data-end=\"3456\"><strong data-start=\"3190\" data-end=\"3252\">IMAGE SKINCARE &#8211; Clear Cell Salicylic Gel Cleanser Savyb\u0117s<\/strong><\/h2>\n<p data-start=\"3190\" data-end=\"3456\">\u2714\ufe0f Kontroliuoja riebal\u0173 pertekli\u0173 ir blizges\u012f<br data-start=\"3300\" data-end=\"3303\" \/>\u2714\ufe0f Giliai valo poras ir ma\u017eina b\u0117rimus<br data-start=\"3341\" data-end=\"3344\" \/>\u2714\ufe0f \u0160velniai eksfolijuoja nei\u0161sausindamas<br data-start=\"3384\" data-end=\"3387\" \/>\u2714\ufe0f Gaivina, v\u0117sina ir ramina<br data-start=\"3415\" data-end=\"3418\" \/>\u2714\ufe0f Palaiko riebios, akn\u0117s odos \u0161var\u0105<\/p>\n","protected":false},"featured_media":62358,"template":"","meta":[],"pwb-brand":[1135],"product_brand":[],"product_cat":[742,748,718],"product_tag":[],"giftcard-category":[],"class_list":{"0":"post-59911","1":"product","2":"type-product","3":"status-publish","4":"has-post-thumbnail","6":"pwb-brand-image-skincare","7":"product_cat-berimai","8":"product_cat-taukainai-adai-lt","9":"product_cat-valymas","11":"first","12":"instock","13":"sale","14":"taxable","15":"shipping-taxable","16":"purchasable","17":"product-type-simple"},"acf":[],"brands":[{"id":1135,"name":"Image Skincare","slug":"image-skincare"}],"_links":{"self":[{"href":"https:\/\/skinstudio.ee\/lt\/wp-json\/wp\/v2\/product\/59911","targetHints":{"allow":["GET"]}}],"collection":[{"href":"https:\/\/skinstudio.ee\/lt\/wp-json\/wp\/v2\/product"}],"about":[{"href":"https:\/\/skinstudio.ee\/lt\/wp-json\/wp\/v2\/types\/product"}],"version-history":[{"count":0,"href":"https:\/\/skinstudio.ee\/lt\/wp-json\/wp\/v2\/product\/59911\/revisions"}],"wp:featuredmedia":[{"embeddable":true,"href":"https:\/\/skinstudio.ee\/lt\/wp-json\/wp\/v2\/media\/62358"}],"wp:attachment":[{"href":"https:\/\/skinstudio.ee\/lt\/wp-json\/wp\/v2\/media?parent=59911"}],"wp:term":[{"taxonomy":"pwb-brand","embeddable":true,"href":"https:\/\/skinstudio.ee\/lt\/wp-json\/wp\/v2\/pwb-brand?post=59911"},{"taxonomy":"product_brand","embeddable":true,"href":"https:\/\/skinstudio.ee\/lt\/wp-json\/wp\/v2\/product_brand?post=59911"},{"taxonomy":"product_cat","embeddable":true,"href":"https:\/\/skinstudio.ee\/lt\/wp-json\/wp\/v2\/product_cat?post=59911"},{"taxonomy":"product_tag","embeddable":true,"href":"https:\/\/skinstudio.ee\/lt\/wp-json\/wp\/v2\/product_tag?post=59911"},{"taxonomy":"giftcard-category","embeddable":true,"href":"https:\/\/skinstudio.ee\/lt\/wp-json\/wp\/v2\/giftcard-category?post=59911"}],"curies":[{"name":"wp","href":"https:\/\/api.w.org\/{rel}","templated":true}]}}